{"id":28874,"date":"2022-12-01T22:21:46","date_gmt":"2022-12-02T03:21:46","guid":{"rendered":"https:\/\/www.loncani.ca\/updatetheme\/fr\/boutique\/non%20cat\u00e9goris\u00e9\/bougie-de-massage-dun-coup\/"},"modified":"2022-12-21T13:47:01","modified_gmt":"2022-12-21T18:47:01","slug":"bougie-de-massage-dun-coup","status":"publish","type":"product","link":"https:\/\/loncani.ca\/en\/shop\/beauty-health\/bougie-de-massage-dun-coup\/","title":{"rendered":"D&#8217;UN COUP"},"content":{"rendered":"<p>BOUGIE DE MASSAGE &#8211; CIRE DE SOYA BEURRE DE KARIT\u00c9 ET VITAMINE E.\u00a0 M\u00c9LANGE DHUILES ESSENTIELLES DE Lavande bois\u00e9e et ylang-ylang (Lavender woods and Ylang-Ylang)<\/p>\n<p>&nbsp;<\/p>\n<p>&#8211; Lavande &#8211; Reconnue pour ses propri\u00e9t\u00e9s calmantes, r\u00e9g\u00e9n\u00e9ratrices et gu\u00e9rissantes<\/p>\n<p>insomnie, agitation, stresse, anxi\u00e9t\u00e9, piqures d&#8217;insectes, urticaire<\/p>\n<p>&#8211; Ylang-Ylang &#8211; Reconnue pour son c\u00f4t\u00e9 exotique. c&#8217;est un bon s\u00e9datif et un aphrodisiaque<\/p>\n<p>Libido basse, fatigue mentale, d\u00e9tresse, deuil, haute pression, manque d&#8217;\u00e9quilibre.<\/p>\n<p>&nbsp;<\/p>\n<script>\r\njQuery('.berocket_ww_container').each( function( i, o ) {\r\n    if ( jQuery(o).height() + 20 < jQuery(o).find('.berocket_ww_ul_container').height() && jQuery(o).find('.berocket_ww_show_all').length ) {\r\n        jQuery(o).find('.berocket_ww_show_all').show();\r\n    } else if( ! jQuery(o).find('.berocket_ww_show_all').length ) {\r\n        var $scroll_block = jQuery(o).find('.berocket_ww_list');\r\n        $scroll_block.css( {maxHeight: 'initial'} );\r\n    }\r\n});\r\n<\/script>\r\n","protected":false},"excerpt":{"rendered":"<p>BOUGIE DE MASSAGE &#8211; CIRE DE SOYA BEURRE DE KARIT\u00c9 ET VITAMINE E. M\u00c9LANGE DHUILES ESSENTIELLES DE Lavande bois\u00e9e et ylang-ylang (Lavender woods and Ylang-Ylang)<\/p>\n","protected":false},"featured_media":29397,"comment_status":"open","ping_status":"closed","template":"","meta":{"pmpro_default_level":0},"product_cat":[161],"product_tag":[1922,1919,1921,1920],"yoast_head":"<!-- This site is optimized with the Yoast SEO plugin v18.6 - https:\/\/yoast.com\/wordpress\/plugins\/seo\/ -->\n<title>D&#039;UN COUP - Loncani<\/title>\n<meta name=\"robots\" content=\"index, follow, max-snippet:-1, max-image-preview:large, max-video-preview:-1\" \/>\n<link rel=\"canonical\" href=\"https:\/\/www.loncani.ca\/en\/shop\/beauty-health\/bougie-de-massage-dun-coup\/\" \/>\n<meta property=\"og:locale\" content=\"en_US\" \/>\n<meta property=\"og:type\" content=\"article\" \/>\n<meta property=\"og:title\" content=\"D&#039;UN COUP - Loncani\" \/>\n<meta property=\"og:description\" content=\"BOUGIE DE MASSAGE - CIRE DE SOYA BEURRE DE KARIT\u00c9 ET VITAMINE E. M\u00c9LANGE DHUILES ESSENTIELLES DE Lavande bois\u00e9e et ylang-ylang (Lavender woods and Ylang-Ylang)\" \/>\n<meta property=\"og:url\" content=\"https:\/\/www.loncani.ca\/en\/shop\/beauty-health\/bougie-de-massage-dun-coup\/\" \/>\n<meta property=\"og:site_name\" content=\"Loncani\" \/>\n<meta property=\"article:modified_time\" content=\"2022-12-21T18:47:01+00:00\" \/>\n<meta property=\"og:image\" content=\"https:\/\/www.loncani.ca\/wp-content\/uploads\/2023\/01\/2022-09-29-02_07_36-PowerPoint-Slide-Show-Presentation1.png\" \/>\n\t<meta property=\"og:image:width\" content=\"1918\" \/>\n\t<meta property=\"og:image:height\" content=\"1080\" \/>\n\t<meta property=\"og:image:type\" content=\"image\/png\" \/>\n<meta name=\"twitter:card\" content=\"summary_large_image\" \/>\n<script type=\"application\/ld+json\" class=\"yoast-schema-graph\">{\"@context\":\"https:\/\/schema.org\",\"@graph\":[{\"@type\":\"WebSite\",\"@id\":\"https:\/\/www.loncani.ca\/#website\",\"url\":\"https:\/\/www.loncani.ca\/\",\"name\":\"Loncani\",\"description\":\"Black-Owned Beauty Marketplace\",\"potentialAction\":[{\"@type\":\"SearchAction\",\"target\":{\"@type\":\"EntryPoint\",\"urlTemplate\":\"https:\/\/www.loncani.ca\/?s={search_term_string}\"},\"query-input\":\"required name=search_term_string\"}],\"inLanguage\":\"en-CA\"},{\"@type\":\"ImageObject\",\"@id\":\"https:\/\/www.loncani.ca\/en\/shop\/beauty-health\/bougie-de-massage-dun-coup\/#primaryimage\",\"inLanguage\":\"en-CA\",\"url\":\"https:\/\/loncani.ca\/wp-content\/uploads\/2023\/01\/2022-09-29-02_07_36-PowerPoint-Slide-Show-Presentation1.png\",\"contentUrl\":\"https:\/\/loncani.ca\/wp-content\/uploads\/2023\/01\/2022-09-29-02_07_36-PowerPoint-Slide-Show-Presentation1.png\",\"width\":1918,\"height\":1080},{\"@type\":\"WebPage\",\"@id\":\"https:\/\/www.loncani.ca\/en\/shop\/beauty-health\/bougie-de-massage-dun-coup\/#webpage\",\"url\":\"https:\/\/www.loncani.ca\/en\/shop\/beauty-health\/bougie-de-massage-dun-coup\/\",\"name\":\"D'UN COUP - Loncani\",\"isPartOf\":{\"@id\":\"https:\/\/www.loncani.ca\/#website\"},\"primaryImageOfPage\":{\"@id\":\"https:\/\/www.loncani.ca\/en\/shop\/beauty-health\/bougie-de-massage-dun-coup\/#primaryimage\"},\"datePublished\":\"2022-12-02T03:21:46+00:00\",\"dateModified\":\"2022-12-21T18:47:01+00:00\",\"breadcrumb\":{\"@id\":\"https:\/\/www.loncani.ca\/en\/shop\/beauty-health\/bougie-de-massage-dun-coup\/#breadcrumb\"},\"inLanguage\":\"en-CA\",\"potentialAction\":[{\"@type\":\"ReadAction\",\"target\":[\"https:\/\/www.loncani.ca\/en\/shop\/beauty-health\/bougie-de-massage-dun-coup\/\"]}]},{\"@type\":\"BreadcrumbList\",\"@id\":\"https:\/\/www.loncani.ca\/en\/shop\/beauty-health\/bougie-de-massage-dun-coup\/#breadcrumb\",\"itemListElement\":[{\"@type\":\"ListItem\",\"position\":1,\"name\":\"Home\",\"item\":\"https:\/\/www.loncani.ca\/\"},{\"@type\":\"ListItem\",\"position\":2,\"name\":\"Shop\",\"item\":\"https:\/\/www.loncani.ca\/en\/shop\/\"},{\"@type\":\"ListItem\",\"position\":3,\"name\":\"D&#8217;UN COUP\"}]}]}<\/script>\n<!-- \/ Yoast SEO plugin. -->","yoast_head_json":{"title":"D'UN COUP - Loncani","robots":{"index":"index","follow":"follow","max-snippet":"max-snippet:-1","max-image-preview":"max-image-preview:large","max-video-preview":"max-video-preview:-1"},"canonical":"https:\/\/www.loncani.ca\/en\/shop\/beauty-health\/bougie-de-massage-dun-coup\/","og_locale":"en_US","og_type":"article","og_title":"D'UN COUP - Loncani","og_description":"BOUGIE DE MASSAGE - CIRE DE SOYA BEURRE DE KARIT\u00c9 ET VITAMINE E. M\u00c9LANGE DHUILES ESSENTIELLES DE Lavande bois\u00e9e et ylang-ylang (Lavender woods and Ylang-Ylang)","og_url":"https:\/\/www.loncani.ca\/en\/shop\/beauty-health\/bougie-de-massage-dun-coup\/","og_site_name":"Loncani","article_modified_time":"2022-12-21T18:47:01+00:00","og_image":[{"width":1918,"height":1080,"url":"https:\/\/www.loncani.ca\/wp-content\/uploads\/2023\/01\/2022-09-29-02_07_36-PowerPoint-Slide-Show-Presentation1.png","type":"image\/png"}],"twitter_card":"summary_large_image","schema":{"@context":"https:\/\/schema.org","@graph":[{"@type":"WebSite","@id":"https:\/\/www.loncani.ca\/#website","url":"https:\/\/www.loncani.ca\/","name":"Loncani","description":"Black-Owned Beauty Marketplace","potentialAction":[{"@type":"SearchAction","target":{"@type":"EntryPoint","urlTemplate":"https:\/\/www.loncani.ca\/?s={search_term_string}"},"query-input":"required name=search_term_string"}],"inLanguage":"en-CA"},{"@type":"ImageObject","@id":"https:\/\/www.loncani.ca\/en\/shop\/beauty-health\/bougie-de-massage-dun-coup\/#primaryimage","inLanguage":"en-CA","url":"https:\/\/loncani.ca\/wp-content\/uploads\/2023\/01\/2022-09-29-02_07_36-PowerPoint-Slide-Show-Presentation1.png","contentUrl":"https:\/\/loncani.ca\/wp-content\/uploads\/2023\/01\/2022-09-29-02_07_36-PowerPoint-Slide-Show-Presentation1.png","width":1918,"height":1080},{"@type":"WebPage","@id":"https:\/\/www.loncani.ca\/en\/shop\/beauty-health\/bougie-de-massage-dun-coup\/#webpage","url":"https:\/\/www.loncani.ca\/en\/shop\/beauty-health\/bougie-de-massage-dun-coup\/","name":"D'UN COUP - Loncani","isPartOf":{"@id":"https:\/\/www.loncani.ca\/#website"},"primaryImageOfPage":{"@id":"https:\/\/www.loncani.ca\/en\/shop\/beauty-health\/bougie-de-massage-dun-coup\/#primaryimage"},"datePublished":"2022-12-02T03:21:46+00:00","dateModified":"2022-12-21T18:47:01+00:00","breadcrumb":{"@id":"https:\/\/www.loncani.ca\/en\/shop\/beauty-health\/bougie-de-massage-dun-coup\/#breadcrumb"},"inLanguage":"en-CA","potentialAction":[{"@type":"ReadAction","target":["https:\/\/www.loncani.ca\/en\/shop\/beauty-health\/bougie-de-massage-dun-coup\/"]}]},{"@type":"BreadcrumbList","@id":"https:\/\/www.loncani.ca\/en\/shop\/beauty-health\/bougie-de-massage-dun-coup\/#breadcrumb","itemListElement":[{"@type":"ListItem","position":1,"name":"Home","item":"https:\/\/www.loncani.ca\/"},{"@type":"ListItem","position":2,"name":"Shop","item":"https:\/\/www.loncani.ca\/en\/shop\/"},{"@type":"ListItem","position":3,"name":"D&#8217;UN COUP"}]}]}},"_links":{"self":[{"href":"https:\/\/loncani.ca\/en\/wp-json\/wp\/v2\/product\/28874"}],"collection":[{"href":"https:\/\/loncani.ca\/en\/wp-json\/wp\/v2\/product"}],"about":[{"href":"https:\/\/loncani.ca\/en\/wp-json\/wp\/v2\/types\/product"}],"replies":[{"embeddable":true,"href":"https:\/\/loncani.ca\/en\/wp-json\/wp\/v2\/comments?post=28874"}],"wp:featuredmedia":[{"embeddable":true,"href":"https:\/\/loncani.ca\/en\/wp-json\/wp\/v2\/media\/29397"}],"wp:attachment":[{"href":"https:\/\/loncani.ca\/en\/wp-json\/wp\/v2\/media?parent=28874"}],"wp:term":[{"taxonomy":"product_cat","embeddable":true,"href":"https:\/\/loncani.ca\/en\/wp-json\/wp\/v2\/product_cat?post=28874"},{"taxonomy":"product_tag","embeddable":true,"href":"https:\/\/loncani.ca\/en\/wp-json\/wp\/v2\/product_tag?post=28874"}],"curies":[{"name":"wp","href":"https:\/\/api.w.org\/{rel}","templated":true}]}}