{"id":29235,"date":"2022-12-20T17:33:52","date_gmt":"2022-12-20T22:33:52","guid":{"rendered":"https:\/\/www.loncani.ca\/updatetheme\/en\/shop\/uncategorized\/combo-mascara-cils\/"},"modified":"2022-12-28T13:39:39","modified_gmt":"2022-12-28T18:39:39","slug":"combo-mascara-cils","status":"publish","type":"product","link":"https:\/\/loncani.ca\/en\/shop\/lashes-brows\/combo-mascara-cils\/","title":{"rendered":"COMBO MASCARA + CILS. VEGAN"},"content":{"rendered":"<p><span style=\"font-family: 'Open Sans';font-size: 15px\">100 % vrais cils 3D en vison, bande de coton noir doux de 10 \u00e0 18 mm, bande invisible transparente, qualit\u00e9 sup\u00e9rieure, doux, v\u00e9g\u00e9talien, l\u00e9ger, facile \u00e0 appliquer et \u00e0 enlever, imperm\u00e9able, magn\u00e9tique puissant, r\u00e9sultats instantan\u00e9s lisses et confortables, plus longs, plus \u00e9pais, volumineux. , Formule douce et s\u00fbre R\u00e9utilisable plus de 30 fois.<\/span><\/p>\n<p><span style=\"font-family: 'Open Sans'\">Ce liner liquide est super facile \u00e0 appliquer gr\u00e2ce \u00e0 la brosse magn\u00e9tique. La formule longue dur\u00e9e restera mise toute la journ\u00e9e!<\/span><\/p>\n<script>\r\njQuery('.berocket_ww_container').each( function( i, o ) {\r\n    if ( jQuery(o).height() + 20 < jQuery(o).find('.berocket_ww_ul_container').height() && jQuery(o).find('.berocket_ww_show_all').length ) {\r\n        jQuery(o).find('.berocket_ww_show_all').show();\r\n    } else if( ! jQuery(o).find('.berocket_ww_show_all').length ) {\r\n        var $scroll_block = jQuery(o).find('.berocket_ww_list');\r\n        $scroll_block.css( {maxHeight: 'initial'} );\r\n    }\r\n});\r\n<\/script>\r\n","protected":false},"excerpt":{"rendered":"<p>Choisissez 1 paire de cils avec le mascara.<\/p>\n","protected":false},"featured_media":29355,"comment_status":"open","ping_status":"closed","template":"","meta":{"pmpro_default_level":0},"product_cat":[1941,1935,1942],"product_tag":[1818],"yoast_head":"<!-- This site is optimized with the Yoast SEO plugin v18.6 - https:\/\/yoast.com\/wordpress\/plugins\/seo\/ -->\n<title>COMBO MASCARA + CILS. VEGAN - Loncani<\/title>\n<meta name=\"robots\" content=\"index, follow, max-snippet:-1, max-image-preview:large, max-video-preview:-1\" \/>\n<link rel=\"canonical\" href=\"https:\/\/www.loncani.ca\/en\/shop\/lashes-brows\/combo-mascara-cils\/\" \/>\n<meta property=\"og:locale\" content=\"en_US\" \/>\n<meta property=\"og:type\" content=\"article\" \/>\n<meta property=\"og:title\" content=\"COMBO MASCARA + CILS. VEGAN - Loncani\" \/>\n<meta property=\"og:description\" content=\"Choisissez 1 paire de cils avec le mascara.\" \/>\n<meta property=\"og:url\" content=\"https:\/\/www.loncani.ca\/en\/shop\/lashes-brows\/combo-mascara-cils\/\" \/>\n<meta property=\"og:site_name\" content=\"Loncani\" \/>\n<meta property=\"article:modified_time\" content=\"2022-12-28T18:39:39+00:00\" \/>\n<meta name=\"twitter:card\" content=\"summary_large_image\" \/>\n<meta name=\"twitter:image\" content=\"https:\/\/loncani.ca\/wp-content\/uploads\/2023\/01\/Eyeliner5_600x-1-1.webp\" \/>\n<script type=\"application\/ld+json\" class=\"yoast-schema-graph\">{\"@context\":\"https:\/\/schema.org\",\"@graph\":[{\"@type\":\"WebSite\",\"@id\":\"https:\/\/www.loncani.ca\/#website\",\"url\":\"https:\/\/www.loncani.ca\/\",\"name\":\"Loncani\",\"description\":\"Black-Owned Beauty Marketplace\",\"potentialAction\":[{\"@type\":\"SearchAction\",\"target\":{\"@type\":\"EntryPoint\",\"urlTemplate\":\"https:\/\/www.loncani.ca\/?s={search_term_string}\"},\"query-input\":\"required name=search_term_string\"}],\"inLanguage\":\"en-CA\"},{\"@type\":\"ImageObject\",\"@id\":\"https:\/\/www.loncani.ca\/en\/shop\/lashes-brows\/combo-mascara-cils\/#primaryimage\",\"inLanguage\":\"en-CA\",\"url\":\"https:\/\/loncani.ca\/wp-content\/uploads\/2023\/01\/Eyeliner5_600x-1-1.webp\",\"contentUrl\":\"https:\/\/loncani.ca\/wp-content\/uploads\/2023\/01\/Eyeliner5_600x-1-1.webp\",\"width\":600,\"height\":462},{\"@type\":\"WebPage\",\"@id\":\"https:\/\/www.loncani.ca\/en\/shop\/lashes-brows\/combo-mascara-cils\/#webpage\",\"url\":\"https:\/\/www.loncani.ca\/en\/shop\/lashes-brows\/combo-mascara-cils\/\",\"name\":\"COMBO MASCARA + CILS. VEGAN - Loncani\",\"isPartOf\":{\"@id\":\"https:\/\/www.loncani.ca\/#website\"},\"primaryImageOfPage\":{\"@id\":\"https:\/\/www.loncani.ca\/en\/shop\/lashes-brows\/combo-mascara-cils\/#primaryimage\"},\"datePublished\":\"2022-12-20T22:33:52+00:00\",\"dateModified\":\"2022-12-28T18:39:39+00:00\",\"breadcrumb\":{\"@id\":\"https:\/\/www.loncani.ca\/en\/shop\/lashes-brows\/combo-mascara-cils\/#breadcrumb\"},\"inLanguage\":\"en-CA\",\"potentialAction\":[{\"@type\":\"ReadAction\",\"target\":[\"https:\/\/www.loncani.ca\/en\/shop\/lashes-brows\/combo-mascara-cils\/\"]}]},{\"@type\":\"BreadcrumbList\",\"@id\":\"https:\/\/www.loncani.ca\/en\/shop\/lashes-brows\/combo-mascara-cils\/#breadcrumb\",\"itemListElement\":[{\"@type\":\"ListItem\",\"position\":1,\"name\":\"Home\",\"item\":\"https:\/\/www.loncani.ca\/\"},{\"@type\":\"ListItem\",\"position\":2,\"name\":\"Shop\",\"item\":\"https:\/\/www.loncani.ca\/en\/shop\/\"},{\"@type\":\"ListItem\",\"position\":3,\"name\":\"COMBO MASCARA + CILS. VEGAN\"}]}]}<\/script>\n<!-- \/ Yoast SEO plugin. -->","yoast_head_json":{"title":"COMBO MASCARA + CILS. VEGAN - Loncani","robots":{"index":"index","follow":"follow","max-snippet":"max-snippet:-1","max-image-preview":"max-image-preview:large","max-video-preview":"max-video-preview:-1"},"canonical":"https:\/\/www.loncani.ca\/en\/shop\/lashes-brows\/combo-mascara-cils\/","og_locale":"en_US","og_type":"article","og_title":"COMBO MASCARA + CILS. VEGAN - Loncani","og_description":"Choisissez 1 paire de cils avec le mascara.","og_url":"https:\/\/www.loncani.ca\/en\/shop\/lashes-brows\/combo-mascara-cils\/","og_site_name":"Loncani","article_modified_time":"2022-12-28T18:39:39+00:00","twitter_card":"summary_large_image","twitter_image":"https:\/\/loncani.ca\/wp-content\/uploads\/2023\/01\/Eyeliner5_600x-1-1.webp","schema":{"@context":"https:\/\/schema.org","@graph":[{"@type":"WebSite","@id":"https:\/\/www.loncani.ca\/#website","url":"https:\/\/www.loncani.ca\/","name":"Loncani","description":"Black-Owned Beauty Marketplace","potentialAction":[{"@type":"SearchAction","target":{"@type":"EntryPoint","urlTemplate":"https:\/\/www.loncani.ca\/?s={search_term_string}"},"query-input":"required name=search_term_string"}],"inLanguage":"en-CA"},{"@type":"ImageObject","@id":"https:\/\/www.loncani.ca\/en\/shop\/lashes-brows\/combo-mascara-cils\/#primaryimage","inLanguage":"en-CA","url":"https:\/\/loncani.ca\/wp-content\/uploads\/2023\/01\/Eyeliner5_600x-1-1.webp","contentUrl":"https:\/\/loncani.ca\/wp-content\/uploads\/2023\/01\/Eyeliner5_600x-1-1.webp","width":600,"height":462},{"@type":"WebPage","@id":"https:\/\/www.loncani.ca\/en\/shop\/lashes-brows\/combo-mascara-cils\/#webpage","url":"https:\/\/www.loncani.ca\/en\/shop\/lashes-brows\/combo-mascara-cils\/","name":"COMBO MASCARA + CILS. VEGAN - Loncani","isPartOf":{"@id":"https:\/\/www.loncani.ca\/#website"},"primaryImageOfPage":{"@id":"https:\/\/www.loncani.ca\/en\/shop\/lashes-brows\/combo-mascara-cils\/#primaryimage"},"datePublished":"2022-12-20T22:33:52+00:00","dateModified":"2022-12-28T18:39:39+00:00","breadcrumb":{"@id":"https:\/\/www.loncani.ca\/en\/shop\/lashes-brows\/combo-mascara-cils\/#breadcrumb"},"inLanguage":"en-CA","potentialAction":[{"@type":"ReadAction","target":["https:\/\/www.loncani.ca\/en\/shop\/lashes-brows\/combo-mascara-cils\/"]}]},{"@type":"BreadcrumbList","@id":"https:\/\/www.loncani.ca\/en\/shop\/lashes-brows\/combo-mascara-cils\/#breadcrumb","itemListElement":[{"@type":"ListItem","position":1,"name":"Home","item":"https:\/\/www.loncani.ca\/"},{"@type":"ListItem","position":2,"name":"Shop","item":"https:\/\/www.loncani.ca\/en\/shop\/"},{"@type":"ListItem","position":3,"name":"COMBO MASCARA + CILS. VEGAN"}]}]}},"_links":{"self":[{"href":"https:\/\/loncani.ca\/en\/wp-json\/wp\/v2\/product\/29235"}],"collection":[{"href":"https:\/\/loncani.ca\/en\/wp-json\/wp\/v2\/product"}],"about":[{"href":"https:\/\/loncani.ca\/en\/wp-json\/wp\/v2\/types\/product"}],"replies":[{"embeddable":true,"href":"https:\/\/loncani.ca\/en\/wp-json\/wp\/v2\/comments?post=29235"}],"wp:featuredmedia":[{"embeddable":true,"href":"https:\/\/loncani.ca\/en\/wp-json\/wp\/v2\/media\/29355"}],"wp:attachment":[{"href":"https:\/\/loncani.ca\/en\/wp-json\/wp\/v2\/media?parent=29235"}],"wp:term":[{"taxonomy":"product_cat","embeddable":true,"href":"https:\/\/loncani.ca\/en\/wp-json\/wp\/v2\/product_cat?post=29235"},{"taxonomy":"product_tag","embeddable":true,"href":"https:\/\/loncani.ca\/en\/wp-json\/wp\/v2\/product_tag?post=29235"}],"curies":[{"name":"wp","href":"https:\/\/api.w.org\/{rel}","templated":true}]}}