{"id":29268,"date":"2022-12-21T14:06:51","date_gmt":"2022-12-21T19:06:51","guid":{"rendered":"https:\/\/www.loncani.ca\/updatetheme\/en\/?post_type=product&#038;p=29268"},"modified":"2022-12-21T14:12:05","modified_gmt":"2022-12-21T19:12:05","slug":"dun-coup-copy","status":"publish","type":"product","link":"https:\/\/loncani.ca\/en\/shop\/beauty-health\/dun-coup-copy\/","title":{"rendered":"BLOW MY MIND"},"content":{"rendered":"<p>&#8211; G\u00e9ranium: Reconnue pour ses propri\u00e9t\u00e9s renfor\u00e7antes, lib\u00e9ratrices et stabilisatrices.<\/p>\n<p>Antitoxic, anti-allerg\u00e8ne, antihemorragie, d\u00e9balance hormonale, menstruation prolong\u00e9e, coupures et blessures.<\/p>\n<p>&#8211; Rose Reconnue pour ses propri\u00e9t\u00e9s englobant. Il est utilis\u00e9 pour \u00e9claircir l&#8217;esprit et c&#8217;est aussi un aphrodisiaque.<\/p>\n<p>Manque de confiance sexuelle, depression, baby blues<\/p>\n<p>&#8211; Lavande &#8211; Reconnue pour ses propri\u00e9t\u00e9s calmantes, r\u00e9g\u00e9n\u00e9ratrices et gu\u00e9rissantes<\/p>\n<p>insomnie, agitation, stresse, anxi\u00e9t\u00e9, piqures d&#8217;insectes, urticaire<\/p>\n<p>&#8211; Ylang-Ylang &#8211; Reconnue pour son c\u00f4t\u00e9 exotique. c&#8217;est un bon s\u00e9datif et un aphrodisiaque<\/p>\n<p>Libido basse, fatigue mentale, d\u00e9tresse, deuil, haute pression, manque d&#8217;\u00e9quilibre.<\/p>\n<p>&nbsp;<\/p>\n<script>\r\njQuery('.berocket_ww_container').each( function( i, o ) {\r\n    if ( jQuery(o).height() + 20 < jQuery(o).find('.berocket_ww_ul_container').height() && jQuery(o).find('.berocket_ww_show_all').length ) {\r\n        jQuery(o).find('.berocket_ww_show_all').show();\r\n    } else if( ! jQuery(o).find('.berocket_ww_show_all').length ) {\r\n        var $scroll_block = jQuery(o).find('.berocket_ww_list');\r\n        $scroll_block.css( {maxHeight: 'initial'} );\r\n    }\r\n});\r\n<\/script>\r\n","protected":false},"excerpt":{"rendered":"<p>BOUGIE DE MASSAGE -CIRE DE SOYA BEURRE DE KARIT\u00c9 ET VITAMINE E.\u00a0 M\u00c9LANGE DHUILES ESSENTIELLES DE Raisins, jasmin, cachemire, g\u00e9ranium, rose et musc ( Sweet grapes, jasmine, cashmere, geranium, rose and musk)<\/p>\n","protected":false},"featured_media":29348,"comment_status":"open","ping_status":"closed","template":"","meta":{"pmpro_default_level":0},"product_cat":[161],"product_tag":[1922,1919,1921,1920],"yoast_head":"<!-- This site is optimized with the Yoast SEO plugin v18.6 - https:\/\/yoast.com\/wordpress\/plugins\/seo\/ -->\n<title>BLOW MY MIND - Loncani<\/title>\n<meta name=\"robots\" content=\"index, follow, max-snippet:-1, max-image-preview:large, max-video-preview:-1\" \/>\n<link rel=\"canonical\" href=\"https:\/\/www.loncani.ca\/en\/shop\/beauty-health\/dun-coup-copy\/\" \/>\n<meta property=\"og:locale\" content=\"en_US\" \/>\n<meta property=\"og:type\" content=\"article\" \/>\n<meta property=\"og:title\" content=\"BLOW MY MIND - Loncani\" \/>\n<meta property=\"og:description\" content=\"BOUGIE DE MASSAGE -CIRE DE SOYA BEURRE DE KARIT\u00c9 ET VITAMINE E.\u00a0 M\u00c9LANGE DHUILES ESSENTIELLES DE Raisins, jasmin, cachemire, g\u00e9ranium, rose et musc ( Sweet grapes, jasmine, cashmere, geranium, rose and musk)\" \/>\n<meta property=\"og:url\" content=\"https:\/\/www.loncani.ca\/en\/shop\/beauty-health\/dun-coup-copy\/\" \/>\n<meta property=\"og:site_name\" content=\"Loncani\" \/>\n<meta property=\"article:modified_time\" content=\"2022-12-21T19:12:05+00:00\" \/>\n<meta property=\"og:image\" content=\"https:\/\/www.loncani.ca\/wp-content\/uploads\/2023\/01\/2022-09-29_02_07_23-PowerPoint_Slide_Show__-__Presentation1-removebg-preview.png\" \/>\n\t<meta property=\"og:image:width\" content=\"666\" \/>\n\t<meta property=\"og:image:height\" content=\"375\" \/>\n\t<meta property=\"og:image:type\" content=\"image\/png\" \/>\n<meta name=\"twitter:card\" content=\"summary_large_image\" \/>\n<meta name=\"twitter:label1\" content=\"Est. reading time\" \/>\n\t<meta name=\"twitter:data1\" content=\"1 minute\" \/>\n<script type=\"application\/ld+json\" class=\"yoast-schema-graph\">{\"@context\":\"https:\/\/schema.org\",\"@graph\":[{\"@type\":\"WebSite\",\"@id\":\"https:\/\/www.loncani.ca\/#website\",\"url\":\"https:\/\/www.loncani.ca\/\",\"name\":\"Loncani\",\"description\":\"Black-Owned Beauty Marketplace\",\"potentialAction\":[{\"@type\":\"SearchAction\",\"target\":{\"@type\":\"EntryPoint\",\"urlTemplate\":\"https:\/\/www.loncani.ca\/?s={search_term_string}\"},\"query-input\":\"required name=search_term_string\"}],\"inLanguage\":\"en-CA\"},{\"@type\":\"ImageObject\",\"@id\":\"https:\/\/www.loncani.ca\/en\/shop\/beauty-health\/dun-coup-copy\/#primaryimage\",\"inLanguage\":\"en-CA\",\"url\":\"https:\/\/loncani.ca\/wp-content\/uploads\/2023\/01\/2022-09-29_02_07_23-PowerPoint_Slide_Show__-__Presentation1-removebg-preview.png\",\"contentUrl\":\"https:\/\/loncani.ca\/wp-content\/uploads\/2023\/01\/2022-09-29_02_07_23-PowerPoint_Slide_Show__-__Presentation1-removebg-preview.png\",\"width\":666,\"height\":375},{\"@type\":\"WebPage\",\"@id\":\"https:\/\/www.loncani.ca\/en\/shop\/beauty-health\/dun-coup-copy\/#webpage\",\"url\":\"https:\/\/www.loncani.ca\/en\/shop\/beauty-health\/dun-coup-copy\/\",\"name\":\"BLOW MY MIND - Loncani\",\"isPartOf\":{\"@id\":\"https:\/\/www.loncani.ca\/#website\"},\"primaryImageOfPage\":{\"@id\":\"https:\/\/www.loncani.ca\/en\/shop\/beauty-health\/dun-coup-copy\/#primaryimage\"},\"datePublished\":\"2022-12-21T19:06:51+00:00\",\"dateModified\":\"2022-12-21T19:12:05+00:00\",\"breadcrumb\":{\"@id\":\"https:\/\/www.loncani.ca\/en\/shop\/beauty-health\/dun-coup-copy\/#breadcrumb\"},\"inLanguage\":\"en-CA\",\"potentialAction\":[{\"@type\":\"ReadAction\",\"target\":[\"https:\/\/www.loncani.ca\/en\/shop\/beauty-health\/dun-coup-copy\/\"]}]},{\"@type\":\"BreadcrumbList\",\"@id\":\"https:\/\/www.loncani.ca\/en\/shop\/beauty-health\/dun-coup-copy\/#breadcrumb\",\"itemListElement\":[{\"@type\":\"ListItem\",\"position\":1,\"name\":\"Home\",\"item\":\"https:\/\/www.loncani.ca\/\"},{\"@type\":\"ListItem\",\"position\":2,\"name\":\"Shop\",\"item\":\"https:\/\/www.loncani.ca\/en\/shop\/\"},{\"@type\":\"ListItem\",\"position\":3,\"name\":\"BLOW MY MIND\"}]}]}<\/script>\n<!-- \/ Yoast SEO plugin. -->","yoast_head_json":{"title":"BLOW MY MIND - Loncani","robots":{"index":"index","follow":"follow","max-snippet":"max-snippet:-1","max-image-preview":"max-image-preview:large","max-video-preview":"max-video-preview:-1"},"canonical":"https:\/\/www.loncani.ca\/en\/shop\/beauty-health\/dun-coup-copy\/","og_locale":"en_US","og_type":"article","og_title":"BLOW MY MIND - Loncani","og_description":"BOUGIE DE MASSAGE -CIRE DE SOYA BEURRE DE KARIT\u00c9 ET VITAMINE E.\u00a0 M\u00c9LANGE DHUILES ESSENTIELLES DE Raisins, jasmin, cachemire, g\u00e9ranium, rose et musc ( Sweet grapes, jasmine, cashmere, geranium, rose and musk)","og_url":"https:\/\/www.loncani.ca\/en\/shop\/beauty-health\/dun-coup-copy\/","og_site_name":"Loncani","article_modified_time":"2022-12-21T19:12:05+00:00","og_image":[{"width":666,"height":375,"url":"https:\/\/www.loncani.ca\/wp-content\/uploads\/2023\/01\/2022-09-29_02_07_23-PowerPoint_Slide_Show__-__Presentation1-removebg-preview.png","type":"image\/png"}],"twitter_card":"summary_large_image","twitter_misc":{"Est. reading time":"1 minute"},"schema":{"@context":"https:\/\/schema.org","@graph":[{"@type":"WebSite","@id":"https:\/\/www.loncani.ca\/#website","url":"https:\/\/www.loncani.ca\/","name":"Loncani","description":"Black-Owned Beauty Marketplace","potentialAction":[{"@type":"SearchAction","target":{"@type":"EntryPoint","urlTemplate":"https:\/\/www.loncani.ca\/?s={search_term_string}"},"query-input":"required name=search_term_string"}],"inLanguage":"en-CA"},{"@type":"ImageObject","@id":"https:\/\/www.loncani.ca\/en\/shop\/beauty-health\/dun-coup-copy\/#primaryimage","inLanguage":"en-CA","url":"https:\/\/loncani.ca\/wp-content\/uploads\/2023\/01\/2022-09-29_02_07_23-PowerPoint_Slide_Show__-__Presentation1-removebg-preview.png","contentUrl":"https:\/\/loncani.ca\/wp-content\/uploads\/2023\/01\/2022-09-29_02_07_23-PowerPoint_Slide_Show__-__Presentation1-removebg-preview.png","width":666,"height":375},{"@type":"WebPage","@id":"https:\/\/www.loncani.ca\/en\/shop\/beauty-health\/dun-coup-copy\/#webpage","url":"https:\/\/www.loncani.ca\/en\/shop\/beauty-health\/dun-coup-copy\/","name":"BLOW MY MIND - Loncani","isPartOf":{"@id":"https:\/\/www.loncani.ca\/#website"},"primaryImageOfPage":{"@id":"https:\/\/www.loncani.ca\/en\/shop\/beauty-health\/dun-coup-copy\/#primaryimage"},"datePublished":"2022-12-21T19:06:51+00:00","dateModified":"2022-12-21T19:12:05+00:00","breadcrumb":{"@id":"https:\/\/www.loncani.ca\/en\/shop\/beauty-health\/dun-coup-copy\/#breadcrumb"},"inLanguage":"en-CA","potentialAction":[{"@type":"ReadAction","target":["https:\/\/www.loncani.ca\/en\/shop\/beauty-health\/dun-coup-copy\/"]}]},{"@type":"BreadcrumbList","@id":"https:\/\/www.loncani.ca\/en\/shop\/beauty-health\/dun-coup-copy\/#breadcrumb","itemListElement":[{"@type":"ListItem","position":1,"name":"Home","item":"https:\/\/www.loncani.ca\/"},{"@type":"ListItem","position":2,"name":"Shop","item":"https:\/\/www.loncani.ca\/en\/shop\/"},{"@type":"ListItem","position":3,"name":"BLOW MY MIND"}]}]}},"_links":{"self":[{"href":"https:\/\/loncani.ca\/en\/wp-json\/wp\/v2\/product\/29268"}],"collection":[{"href":"https:\/\/loncani.ca\/en\/wp-json\/wp\/v2\/product"}],"about":[{"href":"https:\/\/loncani.ca\/en\/wp-json\/wp\/v2\/types\/product"}],"replies":[{"embeddable":true,"href":"https:\/\/loncani.ca\/en\/wp-json\/wp\/v2\/comments?post=29268"}],"wp:featuredmedia":[{"embeddable":true,"href":"https:\/\/loncani.ca\/en\/wp-json\/wp\/v2\/media\/29348"}],"wp:attachment":[{"href":"https:\/\/loncani.ca\/en\/wp-json\/wp\/v2\/media?parent=29268"}],"wp:term":[{"taxonomy":"product_cat","embeddable":true,"href":"https:\/\/loncani.ca\/en\/wp-json\/wp\/v2\/product_cat?post=29268"},{"taxonomy":"product_tag","embeddable":true,"href":"https:\/\/loncani.ca\/en\/wp-json\/wp\/v2\/product_tag?post=29268"}],"curies":[{"name":"wp","href":"https:\/\/api.w.org\/{rel}","templated":true}]}}