{"id":2879,"date":"2020-05-25T03:06:25","date_gmt":"2020-05-25T07:06:25","guid":{"rendered":"https:\/\/www.loncani.ca\/updatetheme\/?page_id=2879"},"modified":"2024-03-19T08:55:37","modified_gmt":"2024-03-19T12:55:37","slug":"get-listed","status":"publish","type":"page","link":"https:\/\/loncani.ca\/fr\/etre-annonce\/","title":{"rendered":"Annonces"},"content":{"rendered":"<div class=\"vc_row wpb_row vc_row-fluid how-it-work-wrap mobile_heading_h1_sect padding-0\"><div class=\"wpb_column vc_column_container vc_col-sm-12\"><div class=\"vc_column-inner\"><div class=\"wpb_wrapper\"><div class=\"vc_row wpb_row vc_inner vc_row-fluid section-ttile\"><div class=\"wpb_column vc_column_container vc_col-sm-12\"><div class=\"vc_column-inner\"><div class=\"wpb_wrapper\"><h2 style=\"text-align: center\" class=\"vc_custom_heading\" >Obtenez de la visibilit\u00e9!<\/h2>\n\t<div class=\"wpb_single_image wpb_content_element vc_align_center\">\n\t\t\n\t\t<figure class=\"wpb_wrapper vc_figure\">\n\t\t\t<div class=\"vc_single_image-wrapper   vc_box_border_grey\"><img src=\"https:\/\/loncani.ca\/wp-content\/uploads\/2019\/12\/title-icon.svg\" class=\"vc_single_image-img attachment-full\" alt=\"\" loading=\"lazy\" title=\"ic\u00f4ne de titre\" \/><\/div>\n\t\t<\/figure>\n\t<\/div>\n<\/div><\/div><\/div><\/div><\/div><\/div><\/div><\/div><div data-vc-full-width=\"true\" data-vc-full-width-init=\"false\" class=\"vc_row wpb_row vc_row-fluid mobile_right_text_left_img vc_row-o-content-middle vc_row-flex\"><div class=\"wpb_column vc_column_container vc_col-sm-6 vc_col-has-fill\"><div class=\"vc_column-inner vc_custom_1590982191820\"><div class=\"wpb_wrapper\">\n\t<div class=\"wpb_single_image wpb_content_element vc_align_left\">\n\t\t\n\t\t<figure class=\"wpb_wrapper vc_figure\">\n\t\t\t<div class=\"vc_single_image-wrapper   vc_box_border_grey\"><img width=\"760\" height=\"760\" src=\"https:\/\/loncani.ca\/wp-content\/uploads\/2022\/08\/Square-Graphic-Post-800x800-px.png\" class=\"vc_single_image-img attachment-large\" alt=\"\" loading=\"lazy\" title=\"\" \/><\/div>\n\t\t<\/figure>\n\t<\/div>\n<\/div><\/div><\/div><div class=\"wpb_column vc_column_container vc_col-sm-6\"><div class=\"vc_column-inner\"><div class=\"wpb_wrapper\">\n\t<div class=\"wpb_text_column wpb_content_element\" >\n\t\t<div class=\"wpb_wrapper\">\n\t\t\t<h1><b class=\"dark\">Rejoignez la communaut\u00e9, <\/b>Listez vos services, <b class=\"dark\"><\/b>et,<b class=\"dark\">exposez vos services!<\/b><\/h1>\n\n\t\t<\/div>\n\t<\/div>\n<div class=\"vc_empty_space\"   style=\"height: 10px\"><span class=\"vc_empty_space_inner\"><\/span><\/div><div class=\"vc_empty_space\"   style=\"height: 30px\"><span class=\"vc_empty_space_inner\"><\/span><\/div><div class=\"vc_btn3-container  default-style-btn vc_btn3-left\" ><a style=\"background-color:#b87a29; color:#ffffff;\" class=\"vc_general vc_btn3 vc_btn3-size-md vc_btn3-shape-round vc_btn3-style-custom\" href=\"https:\/\/loncani.ca\/fr\/mon-profil\/#tab2\" title=\"\">Commencez gratuitement<\/a><\/div><\/div><\/div><\/div><\/div><div class=\"vc_row-full-width vc_clearfix\"><\/div><div class=\"vc_row wpb_row vc_row-fluid mobile_left_text_right_img custom-pad-30 vc_row-o-equal-height vc_row-o-content-middle vc_row-flex\"><div class=\"wpb_column vc_column_container vc_col-sm-6\"><div class=\"vc_column-inner vc_custom_1590553590191\"><div class=\"wpb_wrapper\">\n\t<div class=\"wpb_text_column wpb_content_element\" >\n\t\t<div class=\"wpb_wrapper\">\n\t\t\t<h1><b class=\"dark\">Services, \u00e9v\u00e9nements, location d'espace <\/b> , afficher!<\/h1>\n\n\t\t<\/div>\n\t<\/div>\n<div class=\"vc_empty_space\"   style=\"height: 10px\"><span class=\"vc_empty_space_inner\"><\/span><\/div>\n\t<div class=\"wpb_text_column wpb_content_element\" >\n\t\t<div class=\"wpb_wrapper\">\n\t\t\t<p>Inscrivez vos services de beaut\u00e9 chez LONCANI sur votre profil. Organisez votre \u00e9v\u00e9nement sur LONCANI et vendez des services\/billets de la bonne mani\u00e8re. Profitez d&#039;une occasion de remplir l&#039;espace dans votre studio. Indiquez une chambre \u00e0 louer pour une esth\u00e9ticienne, une onglerie ou une chaise pour un coiffeur.<\/p>\n\n\t\t<\/div>\n\t<\/div>\n<\/div><\/div><\/div><div class=\"wpb_column vc_column_container vc_col-sm-6 vc_col-has-fill\"><div class=\"vc_column-inner vc_custom_1592440945081\"><div class=\"wpb_wrapper\">\n\t<div class=\"wpb_single_image wpb_content_element vc_align_left  vc_custom_1592440817636\">\n\t\t\n\t\t<figure class=\"wpb_wrapper vc_figure\">\n\t\t\t<div class=\"vc_single_image-wrapper   vc_box_border_grey\"><img width=\"2304\" height=\"1728\" src=\"https:\/\/loncani.ca\/wp-content\/uploads\/2020\/06\/Type-of-listing-to-book.png\" class=\"vc_single_image-img attachment-full\" alt=\"\" loading=\"lazy\" title=\"\" \/><\/div>\n\t\t<\/figure>\n\t<\/div>\n<\/div><\/div><\/div><\/div><div class=\"vc_row wpb_row vc_row-fluid mobile_right_text_left_img custom-pad-30 custom-pad-30 vc_row-o-equal-height vc_row-o-content-middle vc_row-flex\"><div class=\"wpb_column vc_column_container vc_col-sm-6\"><div class=\"vc_column-inner\"><div class=\"wpb_wrapper\">\n\t<div class=\"wpb_single_image wpb_content_element vc_align_left\">\n\t\t\n\t\t<figure class=\"wpb_wrapper vc_figure\">\n\t\t\t<div class=\"vc_single_image-wrapper   vc_box_border_grey\"><img width=\"2592\" height=\"3456\" src=\"https:\/\/loncani.ca\/wp-content\/uploads\/2020\/06\/LONCANI-Booking-Listing.png\" class=\"vc_single_image-img attachment-full\" alt=\"\" loading=\"lazy\" title=\"\" \/><\/div>\n\t\t<\/figure>\n\t<\/div>\n<\/div><\/div><\/div><div class=\"wpb_column vc_column_container vc_col-sm-6\"><div class=\"vc_column-inner vc_custom_1590553590191\"><div class=\"wpb_wrapper\">\n\t<div class=\"wpb_text_column wpb_content_element\" >\n\t\t<div class=\"wpb_wrapper\">\n\t\t\t<h1>Pr\u00e9sentez votre travail avec<br \/>\n<b class=\"dark\"> Vid\u00e9o <\/b> et <b class=\"dark\"> Photo <\/b><\/h1>\n\n\t\t<\/div>\n\t<\/div>\n<div class=\"vc_empty_space\"   style=\"height: 10px\"><span class=\"vc_empty_space_inner\"><\/span><\/div>\n\t<div class=\"wpb_text_column wpb_content_element\" >\n\t\t<div class=\"wpb_wrapper\">\n\t\t\t<p>D\u00e9montrez vos pr\u00e9cieux services de qualit\u00e9 en publiant des vid\u00e9os et des photos de vos services sur LONCANI. Il expliquera la qualit\u00e9 de vos services \u00e0 vos clients. C&#039;est comme votre portfolio en ligne ; plus vous en ajoutez, mieux c&#039;est ! T\u00e9l\u00e9chargez votre vid\u00e9o et partagez votre meilleure photo de travail.<\/p>\n\n\t\t<\/div>\n\t<\/div>\n<\/div><\/div><\/div><\/div><div class=\"vc_row wpb_row vc_row-fluid mobile_left_text_right_img custom-pad-30 vc_row-o-equal-height vc_row-o-content-middle vc_row-flex\"><div class=\"wpb_column vc_column_container vc_col-sm-6\"><div class=\"vc_column-inner vc_custom_1590553590191\"><div class=\"wpb_wrapper\">\n\t<div class=\"wpb_text_column wpb_content_element\" >\n\t\t<div class=\"wpb_wrapper\">\n\t\t\t<h1>Discutez avec de nouveaux clients avant<br \/>\n<b class=\"dark\"> R\u00e9servation <\/b> <\/p>\n\n\t\t<\/div>\n\t<\/div>\n<div class=\"vc_empty_space\"   style=\"height: 10px\"><span class=\"vc_empty_space_inner\"><\/span><\/div>\n\t<div class=\"wpb_text_column wpb_content_element\" >\n\t\t<div class=\"wpb_wrapper\">\n\t\t\t<p>LONCANI vous permet de communiquer avec vos clients directement sur les fonctionnalit\u00e9s de messagerie de la plateforme. Vous pouvez r\u00e9pondre \u00e0 certaines questions et questions avant de prendre rendez-vous. De plus, vous pouvez rester en contact avec les clients gr\u00e2ce \u00e0 un syst\u00e8me de messagerie int\u00e9gr\u00e9 \u00e0 l&#039;application.<\/p>\n\n\t\t<\/div>\n\t<\/div>\n<\/div><\/div><\/div><div class=\"wpb_column vc_column_container vc_col-sm-6 vc_col-has-fill\"><div class=\"vc_column-inner vc_custom_1592443877081\"><div class=\"wpb_wrapper\">\n\t<div class=\"wpb_single_image wpb_content_element vc_align_left\">\n\t\t\n\t\t<figure class=\"wpb_wrapper vc_figure\">\n\t\t\t<div class=\"vc_single_image-wrapper   vc_box_border_grey\"><img width=\"2000\" height=\"1600\" src=\"https:\/\/loncani.ca\/wp-content\/uploads\/2020\/06\/Message-vendor.png\" class=\"vc_single_image-img attachment-full\" alt=\"\" loading=\"lazy\" title=\"\" \/><\/div>\n\t\t<\/figure>\n\t<\/div>\n<\/div><\/div><\/div><\/div><div class=\"vc_row wpb_row vc_row-fluid mobile_right_text_left_img custom-pad-30 vc_row-o-equal-height vc_row-o-content-middle vc_row-flex\"><div class=\"wpb_column vc_column_container vc_col-sm-6\"><div class=\"vc_column-inner\"><div class=\"wpb_wrapper\">\n\t<div class=\"wpb_single_image wpb_content_element vc_align_left  vc_custom_1592445075774\">\n\t\t\n\t\t<figure class=\"wpb_wrapper vc_figure\">\n\t\t\t<div class=\"vc_single_image-wrapper   vc_box_border_grey\"><img width=\"2000\" height=\"1600\" src=\"https:\/\/loncani.ca\/wp-content\/uploads\/2020\/06\/Message-vendor-1.png\" class=\"vc_single_image-img attachment-full\" alt=\"\" loading=\"lazy\" title=\"\" \/><\/div>\n\t\t<\/figure>\n\t<\/div>\n<\/div><\/div><\/div><div class=\"wpb_column vc_column_container vc_col-sm-6\"><div class=\"vc_column-inner vc_custom_1590553590191\"><div class=\"wpb_wrapper\">\n\t<div class=\"wpb_text_column wpb_content_element\" >\n\t\t<div class=\"wpb_wrapper\">\n\t\t\t<\/h1>\n<h1>Visualisez les performances de votre entreprise avec <b class=\"dark\"> D\u00e9tail de l&#039;aper\u00e7u de l&#039;annonce <\/b><\/h1>\n\n\t\t<\/div>\n\t<\/div>\n<div class=\"vc_empty_space\"   style=\"height: 10px\"><span class=\"vc_empty_space_inner\"><\/span><\/div>\n\t<div class=\"wpb_text_column wpb_content_element\" >\n\t\t<div class=\"wpb_wrapper\">\n\t\t\t<p>Les rapports et les d\u00e9tails comptent beaucoup\u00a0! Ici, sur la capture d&#039;\u00e9cran, un exemple expliquant les processus et les performances de votre entreprise sur LONCANI.<\/p>\n\n\t\t<\/div>\n\t<\/div>\n<\/div><\/div><\/div><\/div><div class=\"vc_row wpb_row vc_row-fluid mobile_left_text_right_img custom-pad-30 vc_row-o-equal-height vc_row-o-content-middle vc_row-flex\"><div class=\"wpb_column vc_column_container vc_col-sm-6\"><div class=\"vc_column-inner vc_custom_1590553590191\"><div class=\"wpb_wrapper\">\n\t<div class=\"wpb_text_column wpb_content_element\" >\n\t\t<div class=\"wpb_wrapper\">\n\t\t\t<h1>Portefeuille avec d\u00e9tails<br \/>\n<b class=\"dark\"> Rapport sur les gains <\/b><\/h1>\n\n\t\t<\/div>\n\t<\/div>\n<div class=\"vc_empty_space\"   style=\"height: 10px\"><span class=\"vc_empty_space_inner\"><\/span><\/div>\n\t<div class=\"wpb_text_column wpb_content_element\" >\n\t\t<div class=\"wpb_wrapper\">\n\t\t\t<p>Restez au courant et sachez exactement combien vous gagnez gr\u00e2ce \u00e0 LONCANI, et contr\u00f4lez quand et comment vous \u00eates pay\u00e9 !<\/p>\n\n\t\t<\/div>\n\t<\/div>\n<\/div><\/div><\/div><div class=\"wpb_column vc_column_container vc_col-sm-6\"><div class=\"vc_column-inner\"><div class=\"wpb_wrapper\">\n\t<div class=\"wpb_single_image wpb_content_element vc_align_left\">\n\t\t\n\t\t<figure class=\"wpb_wrapper vc_figure\">\n\t\t\t<div class=\"vc_single_image-wrapper   vc_box_border_grey\"><img width=\"2000\" height=\"1600\" src=\"https:\/\/loncani.ca\/wp-content\/uploads\/2020\/06\/Earning-detail.png\" class=\"vc_single_image-img attachment-full\" alt=\"\" loading=\"lazy\" title=\"\" \/><\/div>\n\t\t<\/figure>\n\t<\/div>\n<\/div><\/div><\/div><\/div><div data-vc-full-width=\"true\" data-vc-full-width-init=\"false\" class=\"vc_row wpb_row vc_row-fluid get_visibility main_image text_back_image three_steps custom-pad-30 vc_custom_1643284168323 vc_row-has-fill\"><div class=\"wpb_column vc_column_container vc_col-sm-12\"><div class=\"vc_column-inner\"><div class=\"wpb_wrapper\"><div class=\"vc_row wpb_row vc_inner vc_row-fluid work-dec-wrap vc_row-o-equal-height vc_row-flex\"><div class=\"wprk-dec wpb_column vc_column_container vc_col-sm-12\"><div class=\"vc_column-inner\"><div class=\"wpb_wrapper\">\n\t<div class=\"wpb_text_column wpb_content_element\" >\n\t\t<div class=\"wpb_wrapper\">\n\t\t\t<h1 style=\"text-align: center;\">3 <b class=\"dark\"> \u00e9tapes faciles <\/b> pour commencer<\/h1>\n\n\t\t<\/div>\n\t<\/div>\n<\/div><\/div><\/div><\/div><\/div><\/div><\/div><\/div><div class=\"vc_row-full-width vc_clearfix\"><\/div><div class=\"vc_row wpb_row vc_row-fluid three_img_sects vc_column-gap-10 vc_row-o-content-middle vc_row-flex\"><div class=\"custom_col wpb_column vc_column_container vc_col-sm-4\"><div class=\"vc_column-inner vc_custom_1590575082315\"><div class=\"wpb_wrapper\">\n\t<div class=\"wpb_single_image wpb_content_element vc_align_left\">\n\t\t\n\t\t<figure class=\"wpb_wrapper vc_figure\">\n\t\t\t<div class=\"vc_single_image-wrapper   vc_box_border_grey\"><img class=\"vc_single_image-img\" src=\"https:\/\/loncani.ca\/wp-content\/uploads\/2020\/05\/list-service.png\" width=\"460\" height=\"410\" alt=\"\" title=\"\" \/><\/div>\n\t\t<\/figure>\n\t<\/div>\n<div class=\"vc_empty_space\"   style=\"height: 20px\"><span class=\"vc_empty_space_inner\"><\/span><\/div>\n\t<div class=\"wpb_text_column wpb_content_element\" >\n\t\t<div class=\"wpb_wrapper\">\n\t\t\t<h2><a href=\"https:\/\/loncani.ca\/fr\/mon-profil\/#tab2\"><span style=\"color: #bf6f76;\">Ajoutez votre annonce<\/span><\/a><\/h2>\n\n\t\t<\/div>\n\t<\/div>\n<div class=\"vc_empty_space\"   style=\"height: 40px\"><span class=\"vc_empty_space_inner\"><\/span><\/div><\/div><\/div><\/div><div class=\"custom_col wpb_column vc_column_container vc_col-sm-4\"><div class=\"vc_column-inner vc_custom_1590575090285\"><div class=\"wpb_wrapper\">\n\t<div class=\"wpb_single_image wpb_content_element vc_align_left\">\n\t\t\n\t\t<figure class=\"wpb_wrapper vc_figure\">\n\t\t\t<div class=\"vc_single_image-wrapper   vc_box_border_grey\"><img class=\"vc_single_image-img\" src=\"https:\/\/loncani.ca\/wp-content\/uploads\/2020\/05\/booking-vector-1.png\" width=\"355\" height=\"330\" alt=\"\" title=\"\" \/><\/div>\n\t\t<\/figure>\n\t<\/div>\n<div class=\"vc_empty_space\"   style=\"height: 20px\"><span class=\"vc_empty_space_inner\"><\/span><\/div>\n\t<div class=\"wpb_text_column wpb_content_element\" >\n\t\t<div class=\"wpb_wrapper\">\n\t\t\t<h2><a href=\"https:\/\/loncani.ca\/fr\/mon-profil\/#tab2\"><span style=\"color: #bf6f76;\">Confirmez les rendez-vous<\/span><\/a><\/h2>\n\n\t\t<\/div>\n\t<\/div>\n<div class=\"vc_empty_space\"   style=\"height: 40px\"><span class=\"vc_empty_space_inner\"><\/span><\/div><\/div><\/div><\/div><div class=\"custom_col wpb_column vc_column_container vc_col-sm-4\"><div class=\"vc_column-inner vc_custom_1590575098068\"><div class=\"wpb_wrapper\">\n\t<div class=\"wpb_single_image wpb_content_element vc_align_left\">\n\t\t\n\t\t<figure class=\"wpb_wrapper vc_figure\">\n\t\t\t<div class=\"vc_single_image-wrapper   vc_box_border_grey\"><img class=\"vc_single_image-img\" src=\"https:\/\/loncani.ca\/wp-content\/uploads\/2020\/05\/payment-vector.png\" width=\"399\" height=\"375\" alt=\"\" title=\"\" \/><\/div>\n\t\t<\/figure>\n\t<\/div>\n<div class=\"vc_empty_space\"   style=\"height: 20px\"><span class=\"vc_empty_space_inner\"><\/span><\/div>\n\t<div class=\"wpb_text_column wpb_content_element\" >\n\t\t<div class=\"wpb_wrapper\">\n\t\t\t<h2><a href=\"https:\/\/loncani.ca\/fr\/mon-profil\/#tab2\"><span style=\"color: #bf6f76;\">Soyez pay\u00e9<\/span><\/a><\/h2>\n\n\t\t<\/div>\n\t<\/div>\n<div class=\"vc_empty_space\"   style=\"height: 40px\"><span class=\"vc_empty_space_inner\"><\/span><\/div><\/div><\/div><\/div><\/div><div data-vc-full-width=\"true\" data-vc-full-width-init=\"false\" class=\"vc_row wpb_row vc_row-fluid footer_row bottom_icon_btn vc_custom_1643284197737 vc_row-has-fill vc_row-o-content-middle vc_row-flex\"><div class=\"wpb_column vc_column_container vc_col-sm-12\"><div class=\"vc_column-inner\"><div class=\"wpb_wrapper\"><div class=\"vc_row wpb_row vc_inner vc_row-fluid vc_row-o-content-middle vc_row-flex\"><div class=\"wpb_column vc_column_container vc_col-sm-2\"><div class=\"vc_column-inner\"><div class=\"wpb_wrapper\"><div class=\"vc_icon_element vc_icon_element-outer vc_icon_element-align-center vc_icon_element-have-style\"><div class=\"vc_icon_element-inner vc_icon_element-color-custom vc_icon_element-have-style-inner vc_icon_element-size-md vc_icon_element-style-rounded-less vc_icon_element-background vc_icon_element-background-color-custom\"  style=\"background-color:#b87a29\"><span class=\"vc_icon_element-icon typcn typcn-book\" style=\"color:#ffffff !important\"><\/span><\/div><\/div><\/div><\/div><\/div><div class=\"wpb_column vc_column_container vc_col-sm-7\"><div class=\"vc_column-inner\"><div class=\"wpb_wrapper\">\n\t<div class=\"wpb_text_column wpb_content_element\" >\n\t\t<div class=\"wpb_wrapper\">\n\t\t\t<h1>Vous avez des questions et vous ne savez pas par o\u00f9 commencer ?<\/h1>\n\n\t\t<\/div>\n\t<\/div>\n<\/div><\/div><\/div><div class=\"wpb_column vc_column_container vc_col-sm-3\"><div class=\"vc_column-inner\"><div class=\"wpb_wrapper\"><div class=\"vc_btn3-container  contact-box custom_contact vc_btn3-left\" ><button style=\"background-color:#b87a29; color:#ffffff;\" class=\"vc_general vc_btn3 vc_btn3-size-md vc_btn3-shape-round vc_btn3-style-custom\">Demander une session de d\u00e9monstration<\/button><\/div><\/div><\/div><\/div><\/div><\/div><\/div><\/div><\/div><div class=\"vc_row-full-width vc_clearfix\"><\/div>\n<script>\r\njQuery('.berocket_ww_container').each( function( i, o ) {\r\n    if ( jQuery(o).height() + 20 < jQuery(o).find('.berocket_ww_ul_container').height() && jQuery(o).find('.berocket_ww_show_all').length ) {\r\n        jQuery(o).find('.berocket_ww_show_all').show();\r\n    } else if( ! jQuery(o).find('.berocket_ww_show_all').length ) {\r\n        var $scroll_block = jQuery(o).find('.berocket_ww_list');\r\n        $scroll_block.css( {maxHeight: 'initial'} );\r\n    }\r\n});\r\n<\/script>","protected":false},"excerpt":{"rendered":"Get Listed Join The Community, Get Listed, and Showcase Your Services! Start For Free Services, Events, Rental Listing List your beauty services at LONCANI on your profile. Host your event on LONCANI and sell services\/tickets in the right way. Avail an opportunity to fill the space in your studio. List a room to rent for [...]","protected":false},"author":90,"featured_media":0,"parent":0,"menu_order":0,"comment_status":"closed","ping_status":"closed","template":"","meta":{"pmpro_default_level":0},"yoast_head":"<!-- This site is optimized with the Yoast SEO plugin v18.6 - https:\/\/yoast.com\/wordpress\/plugins\/seo\/ -->\n<title>Listed, Get Visibility, Get Job and Get Paid - LONCANI<\/title>\n<meta name=\"description\" content=\"Get Listed on LONCANI Today &amp; Showcase Your Beauty Services on your profile to get more customers &amp; increase monthly income.\" \/>\n<meta name=\"robots\" content=\"index, follow, max-snippet:-1, max-image-preview:large, max-video-preview:-1\" \/>\n<link rel=\"canonical\" href=\"https:\/\/www.loncani.ca\/get-listed\/\" \/>\n<meta property=\"og:locale\" content=\"fr_CA\" \/>\n<meta property=\"og:type\" content=\"article\" \/>\n<meta property=\"og:title\" content=\"Listed, Get Visibility, Get Job and Get Paid - LONCANI\" \/>\n<meta property=\"og:description\" content=\"Get Listed on LONCANI Today &amp; Showcase Your Beauty Services on your profile to get more customers &amp; increase monthly income.\" \/>\n<meta property=\"og:url\" content=\"https:\/\/www.loncani.ca\/get-listed\/\" \/>\n<meta property=\"og:site_name\" content=\"Loncani\" \/>\n<meta property=\"article:modified_time\" content=\"2024-03-19T12:55:37+00:00\" \/>\n<meta name=\"twitter:card\" content=\"summary_large_image\" \/>\n<meta name=\"twitter:label1\" content=\"Estimation du temps de lecture\" \/>\n\t<meta name=\"twitter:data1\" content=\"3 minutes\" \/>\n<script type=\"application\/ld+json\" class=\"yoast-schema-graph\">{\"@context\":\"https:\/\/schema.org\",\"@graph\":[{\"@type\":\"WebSite\",\"@id\":\"https:\/\/www.loncani.ca\/#website\",\"url\":\"https:\/\/www.loncani.ca\/\",\"name\":\"Loncani\",\"description\":\"Black-Owned Beauty Marketplace\",\"potentialAction\":[{\"@type\":\"SearchAction\",\"target\":{\"@type\":\"EntryPoint\",\"urlTemplate\":\"https:\/\/www.loncani.ca\/?s={search_term_string}\"},\"query-input\":\"required name=search_term_string\"}],\"inLanguage\":\"fr-CA\"},{\"@type\":\"WebPage\",\"@id\":\"https:\/\/www.loncani.ca\/get-listed\/#webpage\",\"url\":\"https:\/\/www.loncani.ca\/get-listed\/\",\"name\":\"Listed, Get Visibility, Get Job and Get Paid - LONCANI\",\"isPartOf\":{\"@id\":\"https:\/\/www.loncani.ca\/#website\"},\"datePublished\":\"2020-05-25T07:06:25+00:00\",\"dateModified\":\"2024-03-19T12:55:37+00:00\",\"description\":\"Get Listed on LONCANI Today & Showcase Your Beauty Services on your profile to get more customers & increase monthly income.\",\"breadcrumb\":{\"@id\":\"https:\/\/www.loncani.ca\/get-listed\/#breadcrumb\"},\"inLanguage\":\"fr-CA\",\"potentialAction\":[{\"@type\":\"ReadAction\",\"target\":[\"https:\/\/www.loncani.ca\/get-listed\/\"]}]},{\"@type\":\"BreadcrumbList\",\"@id\":\"https:\/\/www.loncani.ca\/get-listed\/#breadcrumb\",\"itemListElement\":[{\"@type\":\"ListItem\",\"position\":1,\"name\":\"Home\",\"item\":\"https:\/\/www.loncani.ca\/\"},{\"@type\":\"ListItem\",\"position\":2,\"name\":\"Get listed\"}]}]}<\/script>\n<!-- \/ Yoast SEO plugin. -->","yoast_head_json":{"title":"Listed, Get Visibility, Get Job and Get Paid - LONCANI","description":"Get Listed on LONCANI Today & Showcase Your Beauty Services on your profile to get more customers & increase monthly income.","robots":{"index":"index","follow":"follow","max-snippet":"max-snippet:-1","max-image-preview":"max-image-preview:large","max-video-preview":"max-video-preview:-1"},"canonical":"https:\/\/www.loncani.ca\/get-listed\/","og_locale":"fr_CA","og_type":"article","og_title":"Listed, Get Visibility, Get Job and Get Paid - LONCANI","og_description":"Get Listed on LONCANI Today & Showcase Your Beauty Services on your profile to get more customers & increase monthly income.","og_url":"https:\/\/www.loncani.ca\/get-listed\/","og_site_name":"Loncani","article_modified_time":"2024-03-19T12:55:37+00:00","twitter_card":"summary_large_image","twitter_misc":{"Estimation du temps de lecture":"3 minutes"},"schema":{"@context":"https:\/\/schema.org","@graph":[{"@type":"WebSite","@id":"https:\/\/www.loncani.ca\/#website","url":"https:\/\/www.loncani.ca\/","name":"Loncani","description":"Black-Owned Beauty Marketplace","potentialAction":[{"@type":"SearchAction","target":{"@type":"EntryPoint","urlTemplate":"https:\/\/www.loncani.ca\/?s={search_term_string}"},"query-input":"required name=search_term_string"}],"inLanguage":"fr-CA"},{"@type":"WebPage","@id":"https:\/\/www.loncani.ca\/get-listed\/#webpage","url":"https:\/\/www.loncani.ca\/get-listed\/","name":"Listed, Get Visibility, Get Job and Get Paid - LONCANI","isPartOf":{"@id":"https:\/\/www.loncani.ca\/#website"},"datePublished":"2020-05-25T07:06:25+00:00","dateModified":"2024-03-19T12:55:37+00:00","description":"Get Listed on LONCANI Today & Showcase Your Beauty Services on your profile to get more customers & increase monthly income.","breadcrumb":{"@id":"https:\/\/www.loncani.ca\/get-listed\/#breadcrumb"},"inLanguage":"fr-CA","potentialAction":[{"@type":"ReadAction","target":["https:\/\/www.loncani.ca\/get-listed\/"]}]},{"@type":"BreadcrumbList","@id":"https:\/\/www.loncani.ca\/get-listed\/#breadcrumb","itemListElement":[{"@type":"ListItem","position":1,"name":"Home","item":"https:\/\/www.loncani.ca\/"},{"@type":"ListItem","position":2,"name":"Get listed"}]}]}},"_links":{"self":[{"href":"https:\/\/loncani.ca\/fr\/wp-json\/wp\/v2\/pages\/2879"}],"collection":[{"href":"https:\/\/loncani.ca\/fr\/wp-json\/wp\/v2\/pages"}],"about":[{"href":"https:\/\/loncani.ca\/fr\/wp-json\/wp\/v2\/types\/page"}],"author":[{"embeddable":true,"href":"https:\/\/loncani.ca\/fr\/wp-json\/wp\/v2\/users\/90"}],"replies":[{"embeddable":true,"href":"https:\/\/loncani.ca\/fr\/wp-json\/wp\/v2\/comments?post=2879"}],"version-history":[{"count":7,"href":"https:\/\/loncani.ca\/fr\/wp-json\/wp\/v2\/pages\/2879\/revisions"}],"predecessor-version":[{"id":28201,"href":"https:\/\/loncani.ca\/fr\/wp-json\/wp\/v2\/pages\/2879\/revisions\/28201"}],"wp:attachment":[{"href":"https:\/\/loncani.ca\/fr\/wp-json\/wp\/v2\/media?parent=2879"}],"curies":[{"name":"wp","href":"https:\/\/api.w.org\/{rel}","templated":true}]}}