{"id":2929,"date":"2020-05-25T08:53:55","date_gmt":"2020-05-25T12:53:55","guid":{"rendered":"https:\/\/www.loncani.ca\/updatetheme\/?page_id=2929"},"modified":"2024-03-19T08:58:45","modified_gmt":"2024-03-19T12:58:45","slug":"get-promoted","status":"publish","type":"page","link":"https:\/\/loncani.ca\/fr\/obtenir-une-promotion\/","title":{"rendered":"Publicit\u00e9"},"content":{"rendered":"<div class=\"vc_row wpb_row vc_row-fluid how-it-work-wrap mobile_heading_h1_sect\"><div class=\"wpb_column vc_column_container vc_col-sm-12\"><div class=\"vc_column-inner\"><div class=\"wpb_wrapper\"><div class=\"vc_row wpb_row vc_inner vc_row-fluid section-ttile\"><div class=\"wpb_column vc_column_container vc_col-sm-12\"><div class=\"vc_column-inner\"><div class=\"wpb_wrapper\"><h2 style=\"text-align: center\" class=\"vc_custom_heading\" >Publicit\u00e9<\/h2>\n\t<div class=\"wpb_single_image wpb_content_element vc_align_center\">\n\t\t\n\t\t<figure class=\"wpb_wrapper vc_figure\">\n\t\t\t<div class=\"vc_single_image-wrapper   vc_box_border_grey\"><img src=\"https:\/\/loncani.ca\/wp-content\/uploads\/2019\/12\/title-icon.svg\" class=\"vc_single_image-img attachment-full\" alt=\"\" loading=\"lazy\" title=\"ic\u00f4ne de titre\" \/><\/div>\n\t\t<\/figure>\n\t<\/div>\n<\/div><\/div><\/div><\/div><\/div><\/div><\/div><\/div><div data-vc-full-width=\"true\" data-vc-full-width-init=\"false\" class=\"vc_row wpb_row vc_row-fluid mobile_left_text_right_img vc_row-o-content-middle vc_row-flex\"><div class=\"wpb_column vc_column_container vc_col-sm-6\"><div class=\"vc_column-inner\"><div class=\"wpb_wrapper\">\n\t<div class=\"wpb_text_column wpb_content_element\" >\n\t\t<div class=\"wpb_wrapper\">\n\t\t\t<h1>Nous nous occupons du travail acharn\u00e9 au niveau de la<br \/>\n<b class=\"dark\">publicit\u00e9 et de la promotion<\/b><\/h1>\n\n\t\t<\/div>\n\t<\/div>\n<div class=\"vc_empty_space\"   style=\"height: 20px\"><span class=\"vc_empty_space_inner\"><\/span><\/div>\n\t<div class=\"wpb_text_column wpb_content_element\" >\n\t\t<div class=\"wpb_wrapper\">\n\t\t\t<p>Nous croyons au travail de qualit\u00e9 et nous nous consacrons \u00e0 la promotion de vos services en ligne via diff\u00e9rents canaux de commercialisation. Nous faisons le travail acharn\u00e9 et vous vous concentrez davantage sur ce que vous aimez faire\u00a0!<\/p>\n\n\t\t<\/div>\n\t<\/div>\n<div class=\"vc_empty_space\"   style=\"height: 30px\"><span class=\"vc_empty_space_inner\"><\/span><\/div><div class=\"vc_btn3-container vc_btn3-left\" ><a style=\"background-color:#b87a29; color:#ffffff;\" class=\"vc_general vc_btn3 vc_btn3-size-md vc_btn3-shape-round vc_btn3-style-custom\" href=\"https:\/\/loncani.ca\/fr\/mon-profil\/#tab2\" title=\"\">Commencez gratuitement<\/a><\/div><\/div><\/div><\/div><div class=\"wpb_column vc_column_container vc_col-sm-6 vc_col-has-fill\"><div class=\"vc_column-inner vc_custom_1595683150777\"><div class=\"wpb_wrapper\">\n\t<div class=\"wpb_single_image wpb_content_element vc_align_center\">\n\t\t\n\t\t<figure class=\"wpb_wrapper vc_figure\">\n\t\t\t<div class=\"vc_single_image-wrapper   vc_box_border_grey\"><img width=\"460\" height=\"410\" src=\"https:\/\/loncani.ca\/wp-content\/uploads\/2020\/05\/list-service.png\" class=\"vc_single_image-img attachment-full\" alt=\"\" loading=\"lazy\" title=\"\" \/><\/div>\n\t\t<\/figure>\n\t<\/div>\n<\/div><\/div><\/div><\/div><div class=\"vc_row-full-width vc_clearfix\"><\/div><div class=\"vc_row wpb_row vc_row-fluid mobile_right_text_left_img vc_row-o-equal-height vc_row-o-content-middle vc_row-flex\"><div class=\"wpb_column vc_column_container vc_col-sm-6 vc_col-has-fill\"><div class=\"vc_column-inner vc_custom_1595682922332\"><div class=\"wpb_wrapper\">\n\t<div class=\"wpb_single_image wpb_content_element vc_align_left  vc_custom_1596121984216\">\n\t\t\n\t\t<figure class=\"wpb_wrapper vc_figure\">\n\t\t\t<div class=\"vc_single_image-wrapper   vc_box_border_grey\"><img width=\"545\" height=\"423\" src=\"https:\/\/loncani.ca\/wp-content\/uploads\/2020\/07\/tiwtter.png\" class=\"vc_single_image-img attachment-full\" alt=\"\" loading=\"lazy\" title=\"\" \/><\/div>\n\t\t<\/figure>\n\t<\/div>\n<\/div><\/div><\/div><div class=\"wpb_column vc_column_container vc_col-sm-6\"><div class=\"vc_column-inner vc_custom_1590553590191\"><div class=\"wpb_wrapper\">\n\t<div class=\"wpb_text_column wpb_content_element\" >\n\t\t<div class=\"wpb_wrapper\">\n\t\t\t<h1>Obtenez des promotions et des publicit\u00e9s sp\u00e9ciales sur <b class=\"dark\">les m\u00e9dias sociaux <\/b> Plate-forme<\/h1>\n\n\t\t<\/div>\n\t<\/div>\n<div class=\"vc_empty_space\"   style=\"height: 20px\"><span class=\"vc_empty_space_inner\"><\/span><\/div>\n\t<div class=\"wpb_text_column wpb_content_element\" >\n\t\t<div class=\"wpb_wrapper\">\n\t\t\t<p><strong>Facebook<\/strong><br \/>\nNous avons une page de m\u00e9dias sociaux en pleine croissance. Vous serez pr\u00e9sent\u00e9 via notre communaut\u00e9 Facebook, et nous ferons la promotion de votre travail, de votre profil et de votre entreprise.<\/p>\n<p><strong>Facebook<\/strong><br \/>\nVos performances exceptionnelles et votre portfolio seront partag\u00e9s sur notre page Instagram, et votre travail sera d\u00e9couvert et atteindra de nouveaux membres de notre communaut\u00e9<\/p>\n\n\t\t<\/div>\n\t<\/div>\n<\/div><\/div><\/div><\/div><div class=\"vc_row wpb_row vc_row-fluid mobile_left_text_right_img vc_row-o-equal-height vc_row-o-content-middle vc_row-flex\"><div class=\"wpb_column vc_column_container vc_col-sm-6\"><div class=\"vc_column-inner vc_custom_1590553590191\"><div class=\"wpb_wrapper\">\n\t<div class=\"wpb_text_column wpb_content_element\" >\n\t\t<div class=\"wpb_wrapper\">\n\t\t\t<h1>Pr\u00e9parez-vous \u00e0 \u00eatre <b class=\"dark\">A trouv\u00e9 <\/b> en ligne avec votre profil unique<\/h1>\n\n\t\t<\/div>\n\t<\/div>\n<div class=\"vc_empty_space\"   style=\"height: 20px\"><span class=\"vc_empty_space_inner\"><\/span><\/div>\n\t<div class=\"wpb_text_column wpb_content_element\" >\n\t\t<div class=\"wpb_wrapper\">\n\t\t\t<p>L'application LONCANI vous donnera l'occasion d\u2019augmenter votre pr\u00e9sence en ligne. De nouveaux clients existants peuvent directement interagir avec vous via LONCANI.<\/p>\n\n\t\t<\/div>\n\t<\/div>\n<div class=\"vc_empty_space\"   style=\"height: 10px\"><span class=\"vc_empty_space_inner\"><\/span><\/div><\/div><\/div><\/div><div class=\"wpb_column vc_column_container vc_col-sm-6 vc_col-has-fill\"><div class=\"vc_column-inner vc_custom_1590956945384\"><div class=\"wpb_wrapper\">\n\t<div class=\"wpb_single_image wpb_content_element vc_align_left\">\n\t\t\n\t\t<figure class=\"wpb_wrapper vc_figure\">\n\t\t\t<div class=\"vc_single_image-wrapper   vc_box_border_grey\"><img width=\"1000\" height=\"1000\" src=\"https:\/\/loncani.ca\/wp-content\/uploads\/2022\/08\/Square-Graphic-Post-800x800-px-Custom-dimensions.png\" class=\"vc_single_image-img attachment-full\" alt=\"\" loading=\"lazy\" title=\"\" \/><\/div>\n\t\t<\/figure>\n\t<\/div>\n<\/div><\/div><\/div><\/div><div data-vc-full-width=\"true\" data-vc-full-width-init=\"false\" class=\"vc_row wpb_row vc_row-fluid footer_row bottom_icon_btn vc_custom_1593015997606 vc_row-has-fill vc_row-o-content-middle vc_row-flex\"><div class=\"wpb_column vc_column_container vc_col-sm-12\"><div class=\"vc_column-inner\"><div class=\"wpb_wrapper\"><div class=\"vc_row wpb_row vc_inner vc_row-fluid vc_row-o-content-middle vc_row-flex\"><div class=\"wpb_column vc_column_container vc_col-sm-2\"><div class=\"vc_column-inner\"><div class=\"wpb_wrapper\"><div class=\"vc_icon_element vc_icon_element-outer vc_icon_element-align-center vc_icon_element-have-style\"><div class=\"vc_icon_element-inner vc_icon_element-color-custom vc_icon_element-have-style-inner vc_icon_element-size-md vc_icon_element-style-rounded-less vc_icon_element-background vc_icon_element-background-color-custom\"  style=\"background-color:#b87a29\"><span class=\"vc_icon_element-icon fas fa-question\" style=\"color:#ffffff !important\"><\/span><\/div><\/div><\/div><\/div><\/div><div class=\"wpb_column vc_column_container vc_col-sm-7\"><div class=\"vc_column-inner vc_custom_1590564149703\"><div class=\"wpb_wrapper\">\n\t<div class=\"wpb_text_column wpb_content_element\" >\n\t\t<div class=\"wpb_wrapper\">\n\t\t\t<h1>Avez-vous des questions sur <b class=\"dark\">LONCANI?<br \/>\n<\/b><\/h1>\n\n\t\t<\/div>\n\t<\/div>\n<\/div><\/div><\/div><div class=\"wpb_column vc_column_container vc_col-sm-3\"><div class=\"vc_column-inner\"><div class=\"wpb_wrapper\"><div class=\"vc_btn3-container  contact-box custom_contact vc_btn3-left\" ><button style=\"background-color:#b87a29; color:#ffffff;\" class=\"vc_general vc_btn3 vc_btn3-size-md vc_btn3-shape-round vc_btn3-style-custom\">Discutez avec nous<\/button><\/div><\/div><\/div><\/div><\/div><\/div><\/div><\/div><\/div><div class=\"vc_row-full-width vc_clearfix\"><\/div>\n<script>\r\njQuery('.berocket_ww_container').each( function( i, o ) {\r\n    if ( jQuery(o).height() + 20 < jQuery(o).find('.berocket_ww_ul_container').height() && jQuery(o).find('.berocket_ww_show_all').length ) {\r\n        jQuery(o).find('.berocket_ww_show_all').show();\r\n    } else if( ! jQuery(o).find('.berocket_ww_show_all').length ) {\r\n        var $scroll_block = jQuery(o).find('.berocket_ww_list');\r\n        $scroll_block.css( {maxHeight: 'initial'} );\r\n    }\r\n});\r\n<\/script>","protected":false},"excerpt":{"rendered":"Get Promoted We take care of the hard work Advertising &amp; Promotion We believe in quality work and are devoted to promoting your services online through different marketing channels. We do the hard work, and you focus on what you love to do more! Start for free Get promotions and special advertisements on Social media [...]","protected":false},"author":90,"featured_media":0,"parent":0,"menu_order":0,"comment_status":"closed","ping_status":"closed","template":"","meta":{"pmpro_default_level":0},"yoast_head":"<!-- This site is optimized with the Yoast SEO plugin v18.6 - https:\/\/yoast.com\/wordpress\/plugins\/seo\/ -->\n<title>Get Promoted &amp; Found online - Advertising &amp; Promotion<\/title>\n<meta name=\"description\" content=\"Beauty experts with quality work will get Promotions &amp; advertisements on social media &amp; on google to get more booking &amp; ultimately improve your income.\" \/>\n<meta name=\"robots\" content=\"index, follow, max-snippet:-1, max-image-preview:large, max-video-preview:-1\" \/>\n<link rel=\"canonical\" href=\"https:\/\/www.loncani.ca\/get-promoted\/\" \/>\n<meta property=\"og:locale\" content=\"fr_CA\" \/>\n<meta property=\"og:type\" content=\"article\" \/>\n<meta property=\"og:title\" content=\"Get Promoted &amp; Found online - Advertising &amp; Promotion\" \/>\n<meta property=\"og:description\" content=\"Beauty experts with quality work will get Promotions &amp; advertisements on social media &amp; on google to get more booking &amp; ultimately improve your income.\" \/>\n<meta property=\"og:url\" content=\"https:\/\/www.loncani.ca\/get-promoted\/\" \/>\n<meta property=\"og:site_name\" content=\"Loncani\" \/>\n<meta property=\"article:modified_time\" content=\"2024-03-19T12:58:45+00:00\" \/>\n<meta name=\"twitter:card\" content=\"summary_large_image\" \/>\n<meta name=\"twitter:label1\" content=\"Estimation du temps de lecture\" \/>\n\t<meta name=\"twitter:data1\" content=\"2 minutes\" \/>\n<script type=\"application\/ld+json\" class=\"yoast-schema-graph\">{\"@context\":\"https:\/\/schema.org\",\"@graph\":[{\"@type\":\"WebSite\",\"@id\":\"https:\/\/www.loncani.ca\/#website\",\"url\":\"https:\/\/www.loncani.ca\/\",\"name\":\"Loncani\",\"description\":\"Black-Owned Beauty Marketplace\",\"potentialAction\":[{\"@type\":\"SearchAction\",\"target\":{\"@type\":\"EntryPoint\",\"urlTemplate\":\"https:\/\/www.loncani.ca\/?s={search_term_string}\"},\"query-input\":\"required name=search_term_string\"}],\"inLanguage\":\"fr-CA\"},{\"@type\":\"WebPage\",\"@id\":\"https:\/\/www.loncani.ca\/get-promoted\/#webpage\",\"url\":\"https:\/\/www.loncani.ca\/get-promoted\/\",\"name\":\"Get Promoted & Found online - Advertising & Promotion\",\"isPartOf\":{\"@id\":\"https:\/\/www.loncani.ca\/#website\"},\"datePublished\":\"2020-05-25T12:53:55+00:00\",\"dateModified\":\"2024-03-19T12:58:45+00:00\",\"description\":\"Beauty experts with quality work will get Promotions & advertisements on social media & on google to get more booking & ultimately improve your income.\",\"breadcrumb\":{\"@id\":\"https:\/\/www.loncani.ca\/get-promoted\/#breadcrumb\"},\"inLanguage\":\"fr-CA\",\"potentialAction\":[{\"@type\":\"ReadAction\",\"target\":[\"https:\/\/www.loncani.ca\/get-promoted\/\"]}]},{\"@type\":\"BreadcrumbList\",\"@id\":\"https:\/\/www.loncani.ca\/get-promoted\/#breadcrumb\",\"itemListElement\":[{\"@type\":\"ListItem\",\"position\":1,\"name\":\"Home\",\"item\":\"https:\/\/www.loncani.ca\/\"},{\"@type\":\"ListItem\",\"position\":2,\"name\":\"Get Promoted\"}]}]}<\/script>\n<!-- \/ Yoast SEO plugin. -->","yoast_head_json":{"title":"Get Promoted & Found online - Advertising & Promotion","description":"Beauty experts with quality work will get Promotions & advertisements on social media & on google to get more booking & ultimately improve your income.","robots":{"index":"index","follow":"follow","max-snippet":"max-snippet:-1","max-image-preview":"max-image-preview:large","max-video-preview":"max-video-preview:-1"},"canonical":"https:\/\/www.loncani.ca\/get-promoted\/","og_locale":"fr_CA","og_type":"article","og_title":"Get Promoted & Found online - Advertising & Promotion","og_description":"Beauty experts with quality work will get Promotions & advertisements on social media & on google to get more booking & ultimately improve your income.","og_url":"https:\/\/www.loncani.ca\/get-promoted\/","og_site_name":"Loncani","article_modified_time":"2024-03-19T12:58:45+00:00","twitter_card":"summary_large_image","twitter_misc":{"Estimation du temps de lecture":"2 minutes"},"schema":{"@context":"https:\/\/schema.org","@graph":[{"@type":"WebSite","@id":"https:\/\/www.loncani.ca\/#website","url":"https:\/\/www.loncani.ca\/","name":"Loncani","description":"Black-Owned Beauty Marketplace","potentialAction":[{"@type":"SearchAction","target":{"@type":"EntryPoint","urlTemplate":"https:\/\/www.loncani.ca\/?s={search_term_string}"},"query-input":"required name=search_term_string"}],"inLanguage":"fr-CA"},{"@type":"WebPage","@id":"https:\/\/www.loncani.ca\/get-promoted\/#webpage","url":"https:\/\/www.loncani.ca\/get-promoted\/","name":"Get Promoted & Found online - Advertising & Promotion","isPartOf":{"@id":"https:\/\/www.loncani.ca\/#website"},"datePublished":"2020-05-25T12:53:55+00:00","dateModified":"2024-03-19T12:58:45+00:00","description":"Beauty experts with quality work will get Promotions & advertisements on social media & on google to get more booking & ultimately improve your income.","breadcrumb":{"@id":"https:\/\/www.loncani.ca\/get-promoted\/#breadcrumb"},"inLanguage":"fr-CA","potentialAction":[{"@type":"ReadAction","target":["https:\/\/www.loncani.ca\/get-promoted\/"]}]},{"@type":"BreadcrumbList","@id":"https:\/\/www.loncani.ca\/get-promoted\/#breadcrumb","itemListElement":[{"@type":"ListItem","position":1,"name":"Home","item":"https:\/\/www.loncani.ca\/"},{"@type":"ListItem","position":2,"name":"Get Promoted"}]}]}},"_links":{"self":[{"href":"https:\/\/loncani.ca\/fr\/wp-json\/wp\/v2\/pages\/2929"}],"collection":[{"href":"https:\/\/loncani.ca\/fr\/wp-json\/wp\/v2\/pages"}],"about":[{"href":"https:\/\/loncani.ca\/fr\/wp-json\/wp\/v2\/types\/page"}],"author":[{"embeddable":true,"href":"https:\/\/loncani.ca\/fr\/wp-json\/wp\/v2\/users\/90"}],"replies":[{"embeddable":true,"href":"https:\/\/loncani.ca\/fr\/wp-json\/wp\/v2\/comments?post=2929"}],"version-history":[{"count":4,"href":"https:\/\/loncani.ca\/fr\/wp-json\/wp\/v2\/pages\/2929\/revisions"}],"predecessor-version":[{"id":30598,"href":"https:\/\/loncani.ca\/fr\/wp-json\/wp\/v2\/pages\/2929\/revisions\/30598"}],"wp:attachment":[{"href":"https:\/\/loncani.ca\/fr\/wp-json\/wp\/v2\/media?parent=2929"}],"curies":[{"name":"wp","href":"https:\/\/api.w.org\/{rel}","templated":true}]}}