{"id":3137,"date":"2020-05-28T06:44:43","date_gmt":"2020-05-28T10:44:43","guid":{"rendered":"https:\/\/www.loncani.ca\/updatetheme\/?page_id=3137"},"modified":"2020-06-24T12:29:18","modified_gmt":"2020-06-24T16:29:18","slug":"ig","status":"publish","type":"page","link":"https:\/\/loncani.ca\/fr\/ig\/","title":{"rendered":"IG"},"content":{"rendered":"<div data-vc-full-width=\"true\" data-vc-full-width-init=\"false\" class=\"vc_row wpb_row vc_row-fluid main_back mobile_top_section vc_custom_1593015469819 vc_row-has-fill vc_row-o-full-height vc_row-o-columns-middle vc_row-o-equal-height vc_row-o-content-middle vc_row-flex\"><div class=\"wpb_column vc_column_container vc_col-sm-12\"><div class=\"vc_column-inner\"><div class=\"wpb_wrapper\"><div class=\"vc_empty_space\"   style=\"height: 30px\"><span class=\"vc_empty_space_inner\"><\/span><\/div>\n\t<div class=\"wpb_text_column wpb_content_element\" >\n\t\t<div class=\"wpb_wrapper\">\n\t\t\t<h1 style=\"text-align: center;\">LONCANI + VOTRE INSTAGRAM = <b class=\"dark\"> R\u00e9servation et vente <\/b><\/h1>\n\n\t\t<\/div>\n\t<\/div>\n<div class=\"vc_empty_space\"   style=\"height: 30px\"><span class=\"vc_empty_space_inner\"><\/span><\/div>\n\t<div class=\"wpb_text_column wpb_content_element\" >\n\t\t<div class=\"wpb_wrapper\">\n\t\t\t<p style=\"text-align: center;\">Je suis un bloc de texte. Cliquez sur le bouton Modifier pour modifier ce texte. Lorem ipsum dolor sit amet, consectetur adipiscing elit. Ut elit tellus, luctus nec ullamcorper mattis, pulvinar dapibus leo.<\/p>\n\n\t\t<\/div>\n\t<\/div>\n<div class=\"vc_empty_space\"   style=\"height: 50px\"><span class=\"vc_empty_space_inner\"><\/span><\/div>\n\t<div class=\"wpb_single_image wpb_content_element vc_align_center   custom_shadow top_Border_image\">\n\t\t\n\t\t<figure class=\"wpb_wrapper vc_figure\">\n\t\t\t<div class=\"vc_single_image-wrapper vc_box_shadow  vc_box_border_grey\"><img width=\"800\" height=\"600\" src=\"https:\/\/loncani.ca\/wp-content\/uploads\/2020\/05\/laptop.gif\" class=\"vc_single_image-img attachment-full\" alt=\"\" loading=\"lazy\" title=\"portable\" \/><\/div>\n\t\t<\/figure>\n\t<\/div>\n<\/div><\/div><\/div><\/div><div class=\"vc_row-full-width vc_clearfix\"><\/div><div class=\"vc_row wpb_row vc_row-fluid\"><div class=\"wpb_column vc_column_container vc_col-sm-12\"><div class=\"vc_column-inner\"><div class=\"wpb_wrapper\"><div class=\"vc_empty_space\"   style=\"height: 100px\"><span class=\"vc_empty_space_inner\"><\/span><\/div><\/div><\/div><\/div><\/div><div data-vc-full-width=\"true\" data-vc-full-width-init=\"false\" data-vc-stretch-content=\"true\" class=\"vc_row wpb_row vc_row-fluid mobile_anim_left vc_row-no-padding vc_row-o-full-height vc_row-o-columns-middle vc_row-o-equal-height vc_row-o-content-middle vc_row-flex\"><div class=\"wpb_column vc_column_container vc_col-sm-6 vc_col-has-fill\"><div class=\"vc_column-inner vc_custom_1590956181954\"><div class=\"wpb_wrapper\">\n\t<div class=\"wpb_text_column wpb_content_element\" >\n\t\t<div class=\"wpb_wrapper\">\n\t\t\t<p>[animated_section_long]<\/p>\n\n\t\t<\/div>\n\t<\/div>\n<\/div><\/div><\/div><div class=\"wpb_column vc_column_container vc_col-sm-6\"><div class=\"vc_column-inner vc_custom_1590553590191\"><div class=\"wpb_wrapper\">\n\t<div class=\"wpb_text_column wpb_content_element\" >\n\t\t<div class=\"wpb_wrapper\">\n\t\t\t<p class=\"caps\">Gestion simple de l&#039;agenda<\/p>\n\n\t\t<\/div>\n\t<\/div>\n<h2 style=\"color: #000000;text-align: left\" class=\"vc_custom_heading main_head\" >Restez au courant de chaque jour<\/h2><div class=\"vc_empty_space\"   style=\"height: 20px\"><span class=\"vc_empty_space_inner\"><\/span><\/div>\n\t<div class=\"wpb_text_column wpb_content_element\" >\n\t\t<div class=\"wpb_wrapper\">\n\t\t\t<p>Je suis un bloc de texte. Cliquez sur le bouton Modifier pour modifier ce texte. Lorem ipsum dolor sit amet, consectetur adipiscing elit. Ut elit tellus, luctus nec ullamcorper mattis, pulvinar dapibus leo.<\/p>\n\n\t\t<\/div>\n\t<\/div>\n\n\t<div class=\"wpb_text_column wpb_content_element\" >\n\t\t<div class=\"wpb_wrapper\">\n\t\t\t<p><strong>Tout votre salon en un coup d&#039;\u0153il<\/strong><br \/>\nVoyez ce qui se passe dans votre salon en quelques secondes - \u00e0 tout moment, n&#039;importe o\u00f9.<\/p>\n<p><strong>Gestion fluide des rendez-vous<\/strong><br \/>\nCr\u00e9ez de nouvelles r\u00e9servations, d\u00e9placez-les ou apportez des modifications en quelques secondes.<\/p>\n<p><strong>Mises \u00e0 jour instantan\u00e9es<\/strong><br \/>\nRestez \u00e0 jour avec des notifications lorsque quelque chose dans votre calendrier change - aucun appel n\u00e9cessaire.<\/p>\n\n\t\t<\/div>\n\t<\/div>\n<\/div><\/div><\/div><\/div><div class=\"vc_row-full-width vc_clearfix\"><\/div><div class=\"vc_row wpb_row vc_row-fluid\"><div class=\"wpb_column vc_column_container vc_col-sm-12\"><div class=\"vc_column-inner\"><div class=\"wpb_wrapper\"><div class=\"vc_empty_space\"   style=\"height: 100px\"><span class=\"vc_empty_space_inner\"><\/span><\/div><\/div><\/div><\/div><\/div><div data-vc-full-width=\"true\" data-vc-full-width-init=\"false\" data-vc-stretch-content=\"true\" class=\"vc_row wpb_row vc_row-fluid mobile_anim_right vc_row-no-padding vc_row-o-full-height vc_row-o-columns-middle vc_row-o-equal-height vc_row-o-content-middle vc_row-flex\"><div class=\"wpb_column vc_column_container vc_col-sm-6\"><div class=\"vc_column-inner vc_custom_1590553590191\"><div class=\"wpb_wrapper\">\n\t<div class=\"wpb_text_column wpb_content_element\" >\n\t\t<div class=\"wpb_wrapper\">\n\t\t\t<p class=\"caps\">Gestion simple de l&#039;agenda<\/p>\n\n\t\t<\/div>\n\t<\/div>\n<h2 style=\"color: #000000;text-align: left\" class=\"vc_custom_heading main_head\" >Restez au courant de chaque jour<\/h2><div class=\"vc_empty_space\"   style=\"height: 20px\"><span class=\"vc_empty_space_inner\"><\/span><\/div>\n\t<div class=\"wpb_text_column wpb_content_element\" >\n\t\t<div class=\"wpb_wrapper\">\n\t\t\t<p>Je suis un bloc de texte. Cliquez sur le bouton Modifier pour modifier ce texte. Lorem ipsum dolor sit amet, consectetur adipiscing elit. Ut elit tellus, luctus nec ullamcorper mattis, pulvinar dapibus leo.<\/p>\n\n\t\t<\/div>\n\t<\/div>\n\n\t<div class=\"wpb_text_column wpb_content_element\" >\n\t\t<div class=\"wpb_wrapper\">\n\t\t\t<p><strong>Tout votre salon en un coup d&#039;\u0153il<\/strong><br \/>\nVoyez ce qui se passe dans votre salon en quelques secondes - \u00e0 tout moment, n&#039;importe o\u00f9.<\/p>\n<p><strong>Gestion fluide des rendez-vous<\/strong><br \/>\nCr\u00e9ez de nouvelles r\u00e9servations, d\u00e9placez-les ou apportez des modifications en quelques secondes.<\/p>\n<p><strong>Mises \u00e0 jour instantan\u00e9es<\/strong><br \/>\nRestez \u00e0 jour avec des notifications lorsque quelque chose dans votre calendrier change - aucun appel n\u00e9cessaire.<\/p>\n\n\t\t<\/div>\n\t<\/div>\n<\/div><\/div><\/div><div class=\"wpb_column vc_column_container vc_col-sm-6 vc_col-has-fill\"><div class=\"vc_column-inner vc_custom_1590956390847\"><div class=\"wpb_wrapper\">\n\t<div class=\"wpb_text_column wpb_content_element\" >\n\t\t<div class=\"wpb_wrapper\">\n\t\t\t<p>[animated_section_small]<\/p>\n\n\t\t<\/div>\n\t<\/div>\n<\/div><\/div><\/div><\/div><div class=\"vc_row-full-width vc_clearfix\"><\/div><div class=\"vc_row wpb_row vc_row-fluid\"><div class=\"wpb_column vc_column_container vc_col-sm-12\"><div class=\"vc_column-inner\"><div class=\"wpb_wrapper\"><div class=\"vc_empty_space\"   style=\"height: 100px\"><span class=\"vc_empty_space_inner\"><\/span><\/div><\/div><\/div><\/div><\/div><div data-vc-full-width=\"true\" data-vc-full-width-init=\"false\" class=\"vc_row wpb_row vc_row-fluid simple_text vc_custom_1593016150001 vc_row-has-fill\"><div class=\"wpb_column vc_column_container vc_col-sm-12\"><div class=\"vc_column-inner\"><div class=\"wpb_wrapper\">\n\t<div class=\"wpb_text_column wpb_content_element\" >\n\t\t<div class=\"wpb_wrapper\">\n\t\t\t<p class=\"text-center font22\">\u00abLes rapports de vente sont fantastiques. Je peux tout d\u00e9composer mois par mois, jour apr\u00e8s jour ou m\u00eame par services individuels. Cela me donne une vue d&#039;ensemble de mon entreprise, o\u00f9 je suis r\u00e9ellement.<\/p>\n<p class=\"text-center font22\">Matt, Threads &amp; Co.<\/p>\n\n\t\t<\/div>\n\t<\/div>\n<\/div><\/div><\/div><\/div><div class=\"vc_row-full-width vc_clearfix\"><\/div><div class=\"vc_row wpb_row vc_row-fluid\"><div class=\"wpb_column vc_column_container vc_col-sm-12\"><div class=\"vc_column-inner\"><div class=\"wpb_wrapper\"><div class=\"vc_empty_space\"   style=\"height: 60px\"><span class=\"vc_empty_space_inner\"><\/span><\/div><\/div><\/div><\/div><\/div><div data-vc-full-width=\"true\" data-vc-full-width-init=\"false\" class=\"vc_row wpb_row vc_row-fluid footer_row bottom_icon_btn vc_custom_1593015924692 vc_row-has-fill vc_row-o-content-middle vc_row-flex\"><div class=\"wpb_column vc_column_container vc_col-sm-12\"><div class=\"vc_column-inner\"><div class=\"wpb_wrapper\"><div class=\"vc_row wpb_row vc_inner vc_row-fluid vc_row-o-content-middle vc_row-flex\"><div class=\"wpb_column vc_column_container vc_col-sm-2\"><div class=\"vc_column-inner\"><div class=\"wpb_wrapper\"><div class=\"vc_icon_element vc_icon_element-outer vc_icon_element-align-center vc_icon_element-have-style\"><div class=\"vc_icon_element-inner vc_icon_element-color-custom vc_icon_element-have-style-inner vc_icon_element-size-md vc_icon_element-style-rounded-less vc_icon_element-background vc_icon_element-background-color-custom\"  style=\"background-color:#b87a29\"><span class=\"vc_icon_element-icon typcn typcn-book\" style=\"color:#ffffff !important\"><\/span><\/div><\/div><\/div><\/div><\/div><div class=\"wpb_column vc_column_container vc_col-sm-7\"><div class=\"vc_column-inner vc_custom_1590564149703\"><div class=\"wpb_wrapper\"><h1 style=\"color: #000000;text-align: left\" class=\"vc_custom_heading main_head vc_custom_1590564164785\" >Il s&#039;agit d&#039;un \u00e9l\u00e9ment d&#039;en-t\u00eate personnalis\u00e9<\/h1>\n\t<div class=\"wpb_text_column wpb_content_element\" >\n\t\t<div class=\"wpb_wrapper\">\n\t\t\t<p>Je suis un bloc de texte. Cliquez sur le bouton Modifier pour modifier ce texte.<\/p>\n\n\t\t<\/div>\n\t<\/div>\n<\/div><\/div><\/div><div class=\"wpb_column vc_column_container vc_col-sm-3\"><div class=\"vc_column-inner\"><div class=\"wpb_wrapper\"><div class=\"vc_btn3-container vc_btn3-left\" ><button style=\"background-color:#b87a29; color:#ffffff;\" class=\"vc_general vc_btn3 vc_btn3-size-md vc_btn3-shape-round vc_btn3-style-custom\">Commencer<\/button><\/div><\/div><\/div><\/div><\/div><\/div><\/div><\/div><\/div><div class=\"vc_row-full-width vc_clearfix\"><\/div>\n<script>\r\njQuery('.berocket_ww_container').each( function( i, o ) {\r\n    if ( jQuery(o).height() + 20 < jQuery(o).find('.berocket_ww_ul_container').height() && jQuery(o).find('.berocket_ww_show_all').length ) {\r\n        jQuery(o).find('.berocket_ww_show_all').show();\r\n    } else if( ! jQuery(o).find('.berocket_ww_show_all').length ) {\r\n        var $scroll_block = jQuery(o).find('.berocket_ww_list');\r\n        $scroll_block.css( {maxHeight: 'initial'} );\r\n    }\r\n});\r\n<\/script>","protected":false},"excerpt":{"rendered":"LONCANI + YOUR INSTAGRAM = Booking and Selling I am text block. Click edit button to change this text. Lorem ipsum dolor sit amet, consectetur adipiscing elit. Ut elit tellus, luctus nec ullamcorper mattis, pulvinar dapibus leo. [animated_section_long] Easy diary management Stay on top of every day I am text block. Click edit button to [...]","protected":false},"author":90,"featured_media":0,"parent":0,"menu_order":0,"comment_status":"closed","ping_status":"closed","template":"","meta":{"pmpro_default_level":0},"yoast_head":"<!-- This site is optimized with the Yoast SEO plugin v18.6 - https:\/\/yoast.com\/wordpress\/plugins\/seo\/ -->\n<title>IG - Loncani<\/title>\n<meta name=\"robots\" content=\"index, follow, max-snippet:-1, max-image-preview:large, max-video-preview:-1\" \/>\n<link rel=\"canonical\" href=\"https:\/\/www.loncani.ca\/en\/ig\/\" \/>\n<meta property=\"og:locale\" content=\"fr_CA\" \/>\n<meta property=\"og:type\" content=\"article\" \/>\n<meta property=\"og:title\" content=\"IG - Loncani\" \/>\n<meta property=\"og:url\" content=\"https:\/\/www.loncani.ca\/en\/ig\/\" \/>\n<meta property=\"og:site_name\" content=\"Loncani\" \/>\n<meta property=\"article:modified_time\" content=\"2020-06-24T16:29:18+00:00\" \/>\n<meta name=\"twitter:card\" content=\"summary_large_image\" \/>\n<meta name=\"twitter:label1\" content=\"Estimation du temps de lecture\" \/>\n\t<meta name=\"twitter:data1\" content=\"4 minutes\" \/>\n<script type=\"application\/ld+json\" class=\"yoast-schema-graph\">{\"@context\":\"https:\/\/schema.org\",\"@graph\":[{\"@type\":\"WebSite\",\"@id\":\"https:\/\/www.loncani.ca\/#website\",\"url\":\"https:\/\/www.loncani.ca\/\",\"name\":\"Loncani\",\"description\":\"Black-Owned Beauty Marketplace\",\"potentialAction\":[{\"@type\":\"SearchAction\",\"target\":{\"@type\":\"EntryPoint\",\"urlTemplate\":\"https:\/\/www.loncani.ca\/?s={search_term_string}\"},\"query-input\":\"required name=search_term_string\"}],\"inLanguage\":\"fr-CA\"},{\"@type\":\"WebPage\",\"@id\":\"https:\/\/www.loncani.ca\/en\/ig\/#webpage\",\"url\":\"https:\/\/www.loncani.ca\/en\/ig\/\",\"name\":\"IG - Loncani\",\"isPartOf\":{\"@id\":\"https:\/\/www.loncani.ca\/#website\"},\"datePublished\":\"2020-05-28T10:44:43+00:00\",\"dateModified\":\"2020-06-24T16:29:18+00:00\",\"breadcrumb\":{\"@id\":\"https:\/\/www.loncani.ca\/en\/ig\/#breadcrumb\"},\"inLanguage\":\"fr-CA\",\"potentialAction\":[{\"@type\":\"ReadAction\",\"target\":[\"https:\/\/www.loncani.ca\/en\/ig\/\"]}]},{\"@type\":\"BreadcrumbList\",\"@id\":\"https:\/\/www.loncani.ca\/en\/ig\/#breadcrumb\",\"itemListElement\":[{\"@type\":\"ListItem\",\"position\":1,\"name\":\"Home\",\"item\":\"https:\/\/www.loncani.ca\/\"},{\"@type\":\"ListItem\",\"position\":2,\"name\":\"IG\"}]}]}<\/script>\n<!-- \/ Yoast SEO plugin. -->","yoast_head_json":{"title":"IG - Loncani","robots":{"index":"index","follow":"follow","max-snippet":"max-snippet:-1","max-image-preview":"max-image-preview:large","max-video-preview":"max-video-preview:-1"},"canonical":"https:\/\/www.loncani.ca\/en\/ig\/","og_locale":"fr_CA","og_type":"article","og_title":"IG - Loncani","og_url":"https:\/\/www.loncani.ca\/en\/ig\/","og_site_name":"Loncani","article_modified_time":"2020-06-24T16:29:18+00:00","twitter_card":"summary_large_image","twitter_misc":{"Estimation du temps de lecture":"4 minutes"},"schema":{"@context":"https:\/\/schema.org","@graph":[{"@type":"WebSite","@id":"https:\/\/www.loncani.ca\/#website","url":"https:\/\/www.loncani.ca\/","name":"Loncani","description":"Black-Owned Beauty Marketplace","potentialAction":[{"@type":"SearchAction","target":{"@type":"EntryPoint","urlTemplate":"https:\/\/www.loncani.ca\/?s={search_term_string}"},"query-input":"required name=search_term_string"}],"inLanguage":"fr-CA"},{"@type":"WebPage","@id":"https:\/\/www.loncani.ca\/en\/ig\/#webpage","url":"https:\/\/www.loncani.ca\/en\/ig\/","name":"IG - Loncani","isPartOf":{"@id":"https:\/\/www.loncani.ca\/#website"},"datePublished":"2020-05-28T10:44:43+00:00","dateModified":"2020-06-24T16:29:18+00:00","breadcrumb":{"@id":"https:\/\/www.loncani.ca\/en\/ig\/#breadcrumb"},"inLanguage":"fr-CA","potentialAction":[{"@type":"ReadAction","target":["https:\/\/www.loncani.ca\/en\/ig\/"]}]},{"@type":"BreadcrumbList","@id":"https:\/\/www.loncani.ca\/en\/ig\/#breadcrumb","itemListElement":[{"@type":"ListItem","position":1,"name":"Home","item":"https:\/\/www.loncani.ca\/"},{"@type":"ListItem","position":2,"name":"IG"}]}]}},"_links":{"self":[{"href":"https:\/\/loncani.ca\/fr\/wp-json\/wp\/v2\/pages\/3137"}],"collection":[{"href":"https:\/\/loncani.ca\/fr\/wp-json\/wp\/v2\/pages"}],"about":[{"href":"https:\/\/loncani.ca\/fr\/wp-json\/wp\/v2\/types\/page"}],"author":[{"embeddable":true,"href":"https:\/\/loncani.ca\/fr\/wp-json\/wp\/v2\/users\/90"}],"replies":[{"embeddable":true,"href":"https:\/\/loncani.ca\/fr\/wp-json\/wp\/v2\/comments?post=3137"}],"version-history":[{"count":0,"href":"https:\/\/loncani.ca\/fr\/wp-json\/wp\/v2\/pages\/3137\/revisions"}],"wp:attachment":[{"href":"https:\/\/loncani.ca\/fr\/wp-json\/wp\/v2\/media?parent=3137"}],"curies":[{"name":"wp","href":"https:\/\/api.w.org\/{rel}","templated":true}]}}