{"id":3180,"date":"2020-05-28T21:33:50","date_gmt":"2020-05-29T01:33:50","guid":{"rendered":"https:\/\/www.loncani.ca\/updatetheme\/?page_id=3180"},"modified":"2022-11-08T14:16:45","modified_gmt":"2022-11-08T19:16:45","slug":"free-migration","status":"publish","type":"page","link":"https:\/\/loncani.ca\/fr\/migration-gratuite\/","title":{"rendered":"Migration de donn\u00e9es"},"content":{"rendered":"<div class=\"vc_row wpb_row vc_row-fluid how-it-work-wrap mobile_heading_h1_sect\"><div class=\"wpb_column vc_column_container vc_col-sm-12\"><div class=\"vc_column-inner\"><div class=\"wpb_wrapper\"><div class=\"vc_row wpb_row vc_inner vc_row-fluid section-ttile\"><div class=\"wpb_column vc_column_container vc_col-sm-12\"><div class=\"vc_column-inner\"><div class=\"wpb_wrapper\"><h2 style=\"text-align: center\" class=\"vc_custom_heading\" >Migration de donn\u00e9es<\/h2>\n\t<div class=\"wpb_single_image wpb_content_element vc_align_center\">\n\t\t\n\t\t<figure class=\"wpb_wrapper vc_figure\">\n\t\t\t<div class=\"vc_single_image-wrapper   vc_box_border_grey\"><img src=\"https:\/\/loncani.ca\/wp-content\/uploads\/2019\/12\/title-icon.svg\" class=\"vc_single_image-img attachment-full\" alt=\"\" loading=\"lazy\" title=\"ic\u00f4ne de titre\" \/><\/div>\n\t\t<\/figure>\n\t<\/div>\n<\/div><\/div><\/div><\/div><\/div><\/div><\/div><\/div><div class=\"vc_row wpb_row vc_row-fluid mobile_left_text_right_img vc_row-o-content-middle vc_row-flex\"><div class=\"wpb_column vc_column_container vc_col-sm-6\"><div class=\"vc_column-inner\"><div class=\"wpb_wrapper\">\n\t<div class=\"wpb_text_column wpb_content_element\" >\n\t\t<div class=\"wpb_wrapper\">\n\t\t\t<h1>Pr\u00e9parez-vous \u00e0 commencer avec notre <b class=\"dark\"> Migration <\/b> service gratuit<\/h1>\n\n\t\t<\/div>\n\t<\/div>\n<div class=\"vc_empty_space\"   style=\"height: 20px\"><span class=\"vc_empty_space_inner\"><\/span><\/div>\n\t<div class=\"wpb_text_column wpb_content_element\" >\n\t\t<div class=\"wpb_wrapper\">\n\t\t\t<p>Les choses importantes semblent prendre du temps. Ne vous inqui\u00e9tez pas, nous sommes l\u00e0 pour vous aider \u00e0 chaque \u00e9tape de votre processus. Nous pouvons vous aider \u00e0 migrer vos donn\u00e9es de diff\u00e9rentes plates-formes vers LONCANI, ce qui peut vous aider \u00e0 d\u00e9marrer rapidement. Pour cela, notre \u00e9quipe d'experts migrera vos donn\u00e9es d'autres plates-formes dans votre compte LONCANI sans frais suppl\u00e9mentaires.<\/p>\n\n\t\t<\/div>\n\t<\/div>\n<div class=\"vc_empty_space\"   style=\"height: 30px\"><span class=\"vc_empty_space_inner\"><\/span><\/div>\n\t<div class=\"wpb_text_column wpb_content_element\" >\n\t\t<div class=\"wpb_wrapper\">\n\t\t\t<p><a class=\"typeform-share button\" style=\"display: inline-block; text-decoration: none; background-color: #b8800c; color: white; cursor: pointer; font-family: Helvetica,Arial,sans-serif; font-size: 20px; line-height: 50px; text-align: center; margin: 0; height: 50px; padding: 0px 33px; border-radius: 25px; max-width: 100%; white-space: nowrap; overflow: hidden; text-overflow: ellipsis; font-weight: bold; -webkit-font-smoothing: antialiased; -moz-osx-font-smoothing: grayscale;\" href=\"https:\/\/b.link\/qw24da\" target=\"_blank\" rel=\"noopener noreferrer\" data-mode=\"popup\">Remplissez le formulaire pour commencer<\/a><\/p>\n\n\t\t<\/div>\n\t<\/div>\n<\/div><\/div><\/div><div class=\"wpb_column vc_column_container vc_col-sm-6 vc_col-has-fill\"><div class=\"vc_column-inner vc_custom_1590982609408\"><div class=\"wpb_wrapper\">\n\t<div class=\"wpb_single_image wpb_content_element vc_align_center\">\n\t\t\n\t\t<figure class=\"wpb_wrapper vc_figure\">\n\t\t\t<div class=\"vc_single_image-wrapper   vc_box_border_grey\"><img width=\"421\" height=\"800\" src=\"https:\/\/loncani.ca\/wp-content\/uploads\/2022\/06\/da4b892d-cf55-4000-92fa-e1f9e4cfe2e2.png\" class=\"vc_single_image-img attachment-large\" alt=\"\" loading=\"lazy\" title=\"\" \/><\/div>\n\t\t<\/figure>\n\t<\/div>\n<\/div><\/div><\/div><\/div><div class=\"vc_row wpb_row vc_row-fluid custom_htmls vc_column-gap-30\"><div class=\"custom_lis1 wpb_column vc_column_container vc_col-sm-6\"><div class=\"vc_column-inner\"><div class=\"wpb_wrapper\"><h3 style=\"text-align: left\" class=\"vc_custom_heading\" >Ce qui est inclu?<\/h3>\n\t<div class=\"wpb_raw_code wpb_content_element wpb_raw_html custom_li\" >\n\t\t<div class=\"wpb_wrapper\">\n\t\t\t<p><ul><li><div>Migration depuis un seul syst\u00e8me<\/div><\/li><li><div>Descriptions de la liste de services et des d\u00e9tails sur les prix<\/div><\/li><li><div>Importation de vos informations de profil<\/div><\/li><li><div>Importation de votre prochaine r\u00e9servation jusqu&#039;\u00e0 3 mois<\/div><\/li><li><div>Importation des produits de la boutique en ligne<\/div><\/li><\/p>\n\t\t<\/div>\n\t<\/div>\n<\/div><\/div><\/div><div class=\"custom_lis2 wpb_column vc_column_container vc_col-sm-6\"><div class=\"vc_column-inner vc_custom_1590718755137\"><div class=\"wpb_wrapper\"><h3 style=\"text-align: left\" class=\"vc_custom_heading\" >Qu&#039;est-ce qui n&#039;est pas inclus?<\/h3>\n\t<div class=\"wpb_raw_code wpb_content_element wpb_raw_html custom_li_red\" >\n\t\t<div class=\"wpb_wrapper\">\n\t\t\t<p><ul><li><div>Importation de la liste et des informations du client<\/div><\/li><li><div>Conversations client \/ communications par message<\/div><\/li><li><div>Importation de donn\u00e9es clients comme un CRM<\/div><\/li><li><div>Factures et paiements effectu\u00e9s sur ce syst\u00e8me \/ cette plateforme <\/div><\/li><li><div>D\u00e9tails des paiements<\/div><\/li><\/ul><\/p>\n\t\t<\/div>\n\t<\/div>\n<\/div><\/div><\/div><\/div><div class=\"vc_row wpb_row vc_row-fluid\"><div class=\"wpb_column vc_column_container vc_col-sm-12\"><div class=\"vc_column-inner\"><div class=\"wpb_wrapper\"><div class=\"vc_empty_space\"   style=\"height: 60px\"><span class=\"vc_empty_space_inner\"><\/span><\/div><\/div><\/div><\/div><\/div><div class=\"vc_row wpb_row vc_row-fluid forms_sect\"><div class=\"wpb_column vc_column_container vc_col-sm-12\"><div class=\"vc_column-inner\"><div class=\"wpb_wrapper\">\n\t<div class=\"wpb_text_column wpb_content_element  vc_custom_1666158779359\" >\n\t\t<div class=\"wpb_wrapper\">\n\t\t\t<h3><strong><span style=\"color: #4e2e18;\"><a href=\"https:\/\/b.link\/qw24da\" target=\"_blank\" rel=\"noopener\">Remplir le formulaire<\/a>, et nous vous informerons des prochaines \u00e9tapes.<\/span><\/strong><\/h3>\n<p>Nous examinerons la demande et vous contacterons si nous pouvons aller de l&#039;avant. Malheureusement, certains comptes ne sont pas transf\u00e9rables et certaines donn\u00e9es ne peuvent pas \u00eatre migr\u00e9es. Mais nous vous informerons de toute fa\u00e7on et vous sugg\u00e9rerons d&#039;autres options.<\/p>\n<p>&nbsp;<\/p>\n<h3><span style=\"color: #4e2e18;\"><strong>Combien de temps faut-il pour terminer la migration?<\/strong><\/span><\/h3>\n<p>Non seulement il s&#039;agit d&#039;un service complet et \u00e0 forte intensit\u00e9 de main-d&#039;\u0153uvre, mais c&#039;est aussi le plus populaire. En tant que tel, nous serons toujours transparents sur le temps d&#039;attente estim\u00e9. En r\u00e8gle g\u00e9n\u00e9rale, cela prend environ 1 \u00e0 3 jours, mais pendant les saisons particuli\u00e8rement charg\u00e9es, cela peut prendre un peu plus de temps.<\/p>\n<p>&nbsp;<\/p>\n<h3><span style=\"color: #4e2e18;\"><strong>Je n&#039;utilise pas une autre plateforme, mais j&#039;aurai besoin d&#039;aide pour cr\u00e9er mon compte.\u00a0<\/strong><\/span><\/h3>\n<p>Dans ce cas, nous pouvons vous aider de plusieurs fa\u00e7ons. Nous pouvons vous proposer une s\u00e9ance de d\u00e9monstration. Nous pouvons vous aider avec notre compte Setup Service. Nous pouvons vous aider \u00e0 configurer votre compte et \u00e0 d\u00e9marrer rapidement. Visitez notre <a href=\"https:\/\/loncani.ca\/fr\/updatetheme\/setup-service\/\">Configuration \u00abService<\/a>\u00bbPour plus d&#039;informations.<\/p>\n\n\t\t<\/div>\n\t<\/div>\n<\/div><\/div><\/div><\/div><div class=\"vc_row wpb_row vc_row-fluid mobile_remove vc_custom_1593018468409 vc_row-has-fill\"><div class=\"wpb_column vc_column_container vc_col-sm-12\"><div class=\"vc_column-inner\"><div class=\"wpb_wrapper\"><div class=\"vc_empty_space\"   style=\"height: 5px\"><span class=\"vc_empty_space_inner\"><\/span><\/div><\/div><\/div><\/div><\/div><div data-vc-full-width=\"true\" data-vc-full-width-init=\"false\" class=\"vc_row wpb_row vc_row-fluid footer_row bottom_icon_btn vc_custom_1593015910790 vc_row-has-fill vc_row-o-content-middle vc_row-flex\"><div class=\"wpb_column vc_column_container vc_col-sm-12\"><div class=\"vc_column-inner\"><div class=\"wpb_wrapper\"><div class=\"vc_row wpb_row vc_inner vc_row-fluid vc_row-o-content-middle vc_row-flex\"><div class=\"wpb_column vc_column_container vc_col-sm-2\"><div class=\"vc_column-inner\"><div class=\"wpb_wrapper\"><div class=\"vc_icon_element vc_icon_element-outer vc_icon_element-align-center vc_icon_element-have-style\"><div class=\"vc_icon_element-inner vc_icon_element-color-custom vc_icon_element-have-style-inner vc_icon_element-size-md vc_icon_element-style-rounded-less vc_icon_element-background vc_icon_element-background-color-custom\"  style=\"background-color:#b87a29\"><span class=\"vc_icon_element-icon fas fa-power-off\" style=\"color:#ffffff !important\"><\/span><\/div><\/div><\/div><\/div><\/div><div class=\"wpb_column vc_column_container vc_col-sm-7\"><div class=\"vc_column-inner vc_custom_1590564149703\"><div class=\"wpb_wrapper\">\n\t<div class=\"wpb_text_column wpb_content_element\" >\n\t\t<div class=\"wpb_wrapper\">\n\t\t\t<h1>Laissez-nous vous aider \u00e0 d\u00e9marrer rapidement <b class=\"dark\"> LONCANI<br \/>\n<\/b><\/h1>\n\n\t\t<\/div>\n\t<\/div>\n<\/div><\/div><\/div><div class=\"wpb_column vc_column_container vc_col-sm-3\"><div class=\"vc_column-inner\"><div class=\"wpb_wrapper\"><div class=\"vc_btn3-container vc_btn3-left\" ><a style=\"background-color:#b87a29; color:#ffffff;\" class=\"vc_general vc_btn3 vc_btn3-size-md vc_btn3-shape-round vc_btn3-style-custom\" href=\"https:\/\/b.link\/qw24da\" title=\"\" target=\"_blank\">Remplir le formulaire<\/a><\/div><\/div><\/div><\/div><\/div><\/div><\/div><\/div><\/div><div class=\"vc_row-full-width vc_clearfix\"><\/div>\n<script>\r\njQuery('.berocket_ww_container').each( function( i, o ) {\r\n    if ( jQuery(o).height() + 20 < jQuery(o).find('.berocket_ww_ul_container').height() && jQuery(o).find('.berocket_ww_show_all').length ) {\r\n        jQuery(o).find('.berocket_ww_show_all').show();\r\n    } else if( ! jQuery(o).find('.berocket_ww_show_all').length ) {\r\n        var $scroll_block = jQuery(o).find('.berocket_ww_list');\r\n        $scroll_block.css( {maxHeight: 'initial'} );\r\n    }\r\n});\r\n<\/script>","protected":false},"excerpt":{"rendered":"Free Migration Get ready to start with our Migration service for free Important things seem to be time-consuming. Don\u2019t worry, we are here to help you at every stage of your journey. We can help you out to migrate your data from different platforms to LONCANI, which can help you get started quickly. For that, [...]","protected":false},"author":90,"featured_media":0,"parent":0,"menu_order":0,"comment_status":"closed","ping_status":"closed","template":"","meta":{"pmpro_default_level":0},"yoast_head":"<!-- This site is optimized with the Yoast SEO plugin v18.6 - https:\/\/yoast.com\/wordpress\/plugins\/seo\/ -->\n<title>Get ready to start with our Migration service for free - LONCANI<\/title>\n<meta name=\"description\" content=\"Our experienced team is happy to help you migrate your data from different platforms into LONCANI, which can help you get started quickly.\" \/>\n<meta name=\"robots\" content=\"index, follow, max-snippet:-1, max-image-preview:large, max-video-preview:-1\" \/>\n<link rel=\"canonical\" href=\"https:\/\/www.loncani.ca\/en\/free-migration\/\" \/>\n<meta property=\"og:locale\" content=\"fr_CA\" \/>\n<meta property=\"og:type\" content=\"article\" \/>\n<meta property=\"og:title\" content=\"Get ready to start with our Migration service for free - LONCANI\" \/>\n<meta property=\"og:description\" content=\"Our experienced team is happy to help you migrate your data from different platforms into LONCANI, which can help you get started quickly.\" \/>\n<meta property=\"og:url\" content=\"https:\/\/www.loncani.ca\/en\/free-migration\/\" \/>\n<meta property=\"og:site_name\" content=\"Loncani\" \/>\n<meta property=\"article:modified_time\" content=\"2022-11-08T19:16:45+00:00\" \/>\n<meta name=\"twitter:card\" content=\"summary_large_image\" \/>\n<meta name=\"twitter:label1\" content=\"Estimation du temps de lecture\" \/>\n\t<meta name=\"twitter:data1\" content=\"2 minutes\" \/>\n<script type=\"application\/ld+json\" class=\"yoast-schema-graph\">{\"@context\":\"https:\/\/schema.org\",\"@graph\":[{\"@type\":\"WebSite\",\"@id\":\"https:\/\/www.loncani.ca\/#website\",\"url\":\"https:\/\/www.loncani.ca\/\",\"name\":\"Loncani\",\"description\":\"Black-Owned Beauty Marketplace\",\"potentialAction\":[{\"@type\":\"SearchAction\",\"target\":{\"@type\":\"EntryPoint\",\"urlTemplate\":\"https:\/\/www.loncani.ca\/?s={search_term_string}\"},\"query-input\":\"required name=search_term_string\"}],\"inLanguage\":\"fr-CA\"},{\"@type\":\"WebPage\",\"@id\":\"https:\/\/www.loncani.ca\/en\/free-migration\/#webpage\",\"url\":\"https:\/\/www.loncani.ca\/en\/free-migration\/\",\"name\":\"Get ready to start with our Migration service for free - LONCANI\",\"isPartOf\":{\"@id\":\"https:\/\/www.loncani.ca\/#website\"},\"datePublished\":\"2020-05-29T01:33:50+00:00\",\"dateModified\":\"2022-11-08T19:16:45+00:00\",\"description\":\"Our experienced team is happy to help you migrate your data from different platforms into LONCANI, which can help you get started quickly.\",\"breadcrumb\":{\"@id\":\"https:\/\/www.loncani.ca\/en\/free-migration\/#breadcrumb\"},\"inLanguage\":\"fr-CA\",\"potentialAction\":[{\"@type\":\"ReadAction\",\"target\":[\"https:\/\/www.loncani.ca\/en\/free-migration\/\"]}]},{\"@type\":\"BreadcrumbList\",\"@id\":\"https:\/\/www.loncani.ca\/en\/free-migration\/#breadcrumb\",\"itemListElement\":[{\"@type\":\"ListItem\",\"position\":1,\"name\":\"Home\",\"item\":\"https:\/\/www.loncani.ca\/\"},{\"@type\":\"ListItem\",\"position\":2,\"name\":\"Free Migration\"}]}]}<\/script>\n<!-- \/ Yoast SEO plugin. -->","yoast_head_json":{"title":"Get ready to start with our Migration service for free - LONCANI","description":"Our experienced team is happy to help you migrate your data from different platforms into LONCANI, which can help you get started quickly.","robots":{"index":"index","follow":"follow","max-snippet":"max-snippet:-1","max-image-preview":"max-image-preview:large","max-video-preview":"max-video-preview:-1"},"canonical":"https:\/\/www.loncani.ca\/en\/free-migration\/","og_locale":"fr_CA","og_type":"article","og_title":"Get ready to start with our Migration service for free - LONCANI","og_description":"Our experienced team is happy to help you migrate your data from different platforms into LONCANI, which can help you get started quickly.","og_url":"https:\/\/www.loncani.ca\/en\/free-migration\/","og_site_name":"Loncani","article_modified_time":"2022-11-08T19:16:45+00:00","twitter_card":"summary_large_image","twitter_misc":{"Estimation du temps de lecture":"2 minutes"},"schema":{"@context":"https:\/\/schema.org","@graph":[{"@type":"WebSite","@id":"https:\/\/www.loncani.ca\/#website","url":"https:\/\/www.loncani.ca\/","name":"Loncani","description":"Black-Owned Beauty Marketplace","potentialAction":[{"@type":"SearchAction","target":{"@type":"EntryPoint","urlTemplate":"https:\/\/www.loncani.ca\/?s={search_term_string}"},"query-input":"required name=search_term_string"}],"inLanguage":"fr-CA"},{"@type":"WebPage","@id":"https:\/\/www.loncani.ca\/en\/free-migration\/#webpage","url":"https:\/\/www.loncani.ca\/en\/free-migration\/","name":"Get ready to start with our Migration service for free - LONCANI","isPartOf":{"@id":"https:\/\/www.loncani.ca\/#website"},"datePublished":"2020-05-29T01:33:50+00:00","dateModified":"2022-11-08T19:16:45+00:00","description":"Our experienced team is happy to help you migrate your data from different platforms into LONCANI, which can help you get started quickly.","breadcrumb":{"@id":"https:\/\/www.loncani.ca\/en\/free-migration\/#breadcrumb"},"inLanguage":"fr-CA","potentialAction":[{"@type":"ReadAction","target":["https:\/\/www.loncani.ca\/en\/free-migration\/"]}]},{"@type":"BreadcrumbList","@id":"https:\/\/www.loncani.ca\/en\/free-migration\/#breadcrumb","itemListElement":[{"@type":"ListItem","position":1,"name":"Home","item":"https:\/\/www.loncani.ca\/"},{"@type":"ListItem","position":2,"name":"Free Migration"}]}]}},"_links":{"self":[{"href":"https:\/\/loncani.ca\/fr\/wp-json\/wp\/v2\/pages\/3180"}],"collection":[{"href":"https:\/\/loncani.ca\/fr\/wp-json\/wp\/v2\/pages"}],"about":[{"href":"https:\/\/loncani.ca\/fr\/wp-json\/wp\/v2\/types\/page"}],"author":[{"embeddable":true,"href":"https:\/\/loncani.ca\/fr\/wp-json\/wp\/v2\/users\/90"}],"replies":[{"embeddable":true,"href":"https:\/\/loncani.ca\/fr\/wp-json\/wp\/v2\/comments?post=3180"}],"version-history":[{"count":3,"href":"https:\/\/loncani.ca\/fr\/wp-json\/wp\/v2\/pages\/3180\/revisions"}],"predecessor-version":[{"id":28671,"href":"https:\/\/loncani.ca\/fr\/wp-json\/wp\/v2\/pages\/3180\/revisions\/28671"}],"wp:attachment":[{"href":"https:\/\/loncani.ca\/fr\/wp-json\/wp\/v2\/media?parent=3180"}],"curies":[{"name":"wp","href":"https:\/\/api.w.org\/{rel}","templated":true}]}}