{"id":3204,"date":"2020-05-28T22:27:11","date_gmt":"2020-05-29T02:27:11","guid":{"rendered":"https:\/\/www.loncani.ca\/updatetheme\/?page_id=3204"},"modified":"2022-11-08T14:15:22","modified_gmt":"2022-11-08T19:15:22","slug":"setup-service","status":"publish","type":"page","link":"https:\/\/loncani.ca\/fr\/service-de-configuration\/","title":{"rendered":"Configuration de compte"},"content":{"rendered":"<div class=\"vc_row wpb_row vc_row-fluid how-it-work-wrap mobile_heading_h1_sect\"><div class=\"wpb_column vc_column_container vc_col-sm-12\"><div class=\"vc_column-inner\"><div class=\"wpb_wrapper\"><div class=\"vc_row wpb_row vc_inner vc_row-fluid section-ttile\"><div class=\"wpb_column vc_column_container vc_col-sm-12\"><div class=\"vc_column-inner\"><div class=\"wpb_wrapper\"><h2 style=\"text-align: center\" class=\"vc_custom_heading\" >B\u00e9n\u00e9ficiez du service de configuration gratuit<\/h2>\n\t<div class=\"wpb_single_image wpb_content_element vc_align_center\">\n\t\t\n\t\t<figure class=\"wpb_wrapper vc_figure\">\n\t\t\t<div class=\"vc_single_image-wrapper   vc_box_border_grey\"><img src=\"https:\/\/loncani.ca\/wp-content\/uploads\/2019\/12\/title-icon.svg\" class=\"vc_single_image-img attachment-full\" alt=\"\" loading=\"lazy\" title=\"ic\u00f4ne de titre\" \/><\/div>\n\t\t<\/figure>\n\t<\/div>\n<\/div><\/div><\/div><\/div><\/div><\/div><\/div><\/div><div data-vc-full-width=\"true\" data-vc-full-width-init=\"false\" class=\"vc_row wpb_row vc_row-fluid mobile_left_text_right_img vc_row-o-content-middle vc_row-flex\"><div class=\"wpb_column vc_column_container vc_col-sm-6\"><div class=\"vc_column-inner\"><div class=\"wpb_wrapper\">\n\t<div class=\"wpb_text_column wpb_content_element\" >\n\t\t<div class=\"wpb_wrapper\">\n\t\t\t<h1>Soyez op\u00e9rationnel rapidement avec <b class=\"dark\">la configuration<\/b> gratuite<\/h1>\n\n\t\t<\/div>\n\t<\/div>\n<div class=\"vc_empty_space\"   style=\"height: 20px\"><span class=\"vc_empty_space_inner\"><\/span><\/div>\n\t<div class=\"wpb_text_column wpb_content_element\" >\n\t\t<div class=\"wpb_wrapper\">\n\t\t\t<p>Chez LONCANI, nous nous soucions toujours de nos clients. Nous serons toujours l\u00e0 pour vous aider \u00e0 d\u00e9buter. Notre service de configuration vous permet de vous d\u00e9tendre pendant que nous configurons votre compte, vos services, votre disponibilit\u00e9 et d'autres param\u00e8tres li\u00e9s \u00e0 votre compte.<br \/>\nSi jamais vous avez besoin d'aide pour d\u00e9marrer rapidement, vous pouvez compter sur nous. Contactez-nous via le chat ou par courriel pour une assistance \u00e0 tout moment!<\/p>\n\n\t\t<\/div>\n\t<\/div>\n<div class=\"vc_empty_space\"   style=\"height: 30px\"><span class=\"vc_empty_space_inner\"><\/span><\/div>\n\t<div class=\"wpb_text_column wpb_content_element  default-btn\" >\n\t\t<div class=\"wpb_wrapper\">\n\t\t\t<p><a class=\"typeform-share button\" style=\"display: inline-block; text-decoration: none; background-color: #aa6363; color: white; cursor: pointer; font-family: Helvetica,Arial,sans-serif; font-size: 20px; line-height: 50px; text-align: center; margin: 0; height: 50px; padding: 0px 33px; border-radius: 24px; max-width: 100%; white-space: nowrap; overflow: hidden; text-overflow: ellipsis; font-weight: bold; -webkit-font-smoothing: antialiased; -moz-osx-font-smoothing: grayscale;\" href=\"https:\/\/b.link\/qw24da\" target=\"_blank\" rel=\"noopener noreferrer\" data-mode=\"popup\" data-submit-close-delay=\"1\">Commencez maintenant<\/a><\/p>\n\n\t\t<\/div>\n\t<\/div>\n<\/div><\/div><\/div><div class=\"wpb_column vc_column_container vc_col-sm-6 vc_col-has-fill\"><div class=\"vc_column-inner vc_custom_1590981858360\"><div class=\"wpb_wrapper\">\n\t<div class=\"wpb_single_image wpb_content_element vc_align_center\">\n\t\t\n\t\t<figure class=\"wpb_wrapper vc_figure\">\n\t\t\t<div class=\"vc_single_image-wrapper   vc_box_border_grey\"><img width=\"708\" height=\"1024\" src=\"https:\/\/loncani.ca\/wp-content\/uploads\/2022\/06\/ee4ef887-56b3-4001-b921-5e7a456814b0-708x1024.png\" class=\"vc_single_image-img attachment-large\" alt=\"\" loading=\"lazy\" title=\"\" \/><\/div>\n\t\t<\/figure>\n\t<\/div>\n<\/div><\/div><\/div><\/div><div class=\"vc_row-full-width vc_clearfix\"><\/div><div data-vc-full-width=\"true\" data-vc-full-width-init=\"false\" class=\"vc_row wpb_row vc_row-fluid get_visibility main_image text_back_image icons_sects vc_custom_1643289848948 vc_row-has-fill vc_row-o-content-middle vc_row-flex\"><div class=\"wpb_column vc_column_container vc_col-sm-12\"><div class=\"vc_column-inner\"><div class=\"wpb_wrapper\"><div class=\"vc_row wpb_row vc_inner vc_row-fluid right_part vc_custom_1590721252143 vc_row-has-fill\"><div class=\"wpb_column vc_column_container vc_col-sm-3\"><div class=\"vc_column-inner\"><div class=\"wpb_wrapper\">\n\t<div class=\"wpb_single_image wpb_content_element vc_align_left\">\n\t\t\n\t\t<figure class=\"wpb_wrapper vc_figure\">\n\t\t\t<div class=\"vc_single_image-wrapper   vc_box_border_grey\"><img class=\"vc_single_image-img\" src=\"https:\/\/loncani.ca\/wp-content\/uploads\/2020\/06\/form-1-100x100.png\" width=\"100\" height=\"100\" alt=\"formulaire 1)\" title=\"formulaire 1)\" \/><\/div>\n\t\t<\/figure>\n\t<\/div>\n<\/div><\/div><\/div><div class=\"wpb_column vc_column_container vc_col-sm-9\"><div class=\"vc_column-inner\"><div class=\"wpb_wrapper\">\n\t<div class=\"wpb_text_column wpb_content_element\" >\n\t\t<div class=\"wpb_wrapper\">\n\t\t\t<p><span style=\"color: #bf6f76;\">\u00c9TAPE 1<\/span><\/p>\n\n\t\t<\/div>\n\t<\/div>\n<h4 style=\"text-align: left\" class=\"vc_custom_heading\" >Remplissez le formulaire ci-dessous<\/h4>\n\t<div class=\"wpb_text_column wpb_content_element\" >\n\t\t<div class=\"wpb_wrapper\">\n\t\t\t<p>Remplissez le formulaire ci-dessous pour nous fournir plus de d\u00e9tails sur vos besoins.<\/p>\n\n\t\t<\/div>\n\t<\/div>\n<\/div><\/div><\/div><\/div><div class=\"vc_row wpb_row vc_inner vc_row-fluid\"><div class=\"wpb_column vc_column_container vc_col-sm-12\"><div class=\"vc_column-inner\"><div class=\"wpb_wrapper\"><div class=\"vc_empty_space\"   style=\"height: 10px\"><span class=\"vc_empty_space_inner\"><\/span><\/div><\/div><\/div><\/div><\/div><div class=\"vc_row wpb_row vc_inner vc_row-fluid right_part vc_custom_1590721252143 vc_row-has-fill\"><div class=\"wpb_column vc_column_container vc_col-sm-3\"><div class=\"vc_column-inner\"><div class=\"wpb_wrapper\">\n\t<div class=\"wpb_single_image wpb_content_element vc_align_left\">\n\t\t\n\t\t<figure class=\"wpb_wrapper vc_figure\">\n\t\t\t<div class=\"vc_single_image-wrapper   vc_box_border_grey\"><img class=\"vc_single_image-img\" src=\"https:\/\/loncani.ca\/wp-content\/uploads\/2020\/06\/phone-1-100x100.png\" width=\"100\" height=\"100\" alt=\"t\u00e9l\u00e9phone (1)\" title=\"t\u00e9l\u00e9phone (1)\" \/><\/div>\n\t\t<\/figure>\n\t<\/div>\n<\/div><\/div><\/div><div class=\"wpb_column vc_column_container vc_col-sm-9\"><div class=\"vc_column-inner\"><div class=\"wpb_wrapper\">\n\t<div class=\"wpb_text_column wpb_content_element\" >\n\t\t<div class=\"wpb_wrapper\">\n\t\t\t<p><span style=\"color: #bf6f76;\">\u00c9TAPE 2<\/span><\/p>\n\n\t\t<\/div>\n\t<\/div>\n<h4 style=\"text-align: left\" class=\"vc_custom_heading\" >Nous vous contacterons<\/h4>\n\t<div class=\"wpb_text_column wpb_content_element\" >\n\t\t<div class=\"wpb_wrapper\">\n\t\t\t<p>Nous vous recontacterons dans moins de 24h pour discuter en d\u00e9tail des prochaines \u00e9tapes.<\/p>\n\n\t\t<\/div>\n\t<\/div>\n<\/div><\/div><\/div><\/div><div class=\"vc_row wpb_row vc_inner vc_row-fluid\"><div class=\"wpb_column vc_column_container vc_col-sm-12\"><div class=\"vc_column-inner\"><div class=\"wpb_wrapper\"><div class=\"vc_empty_space\"   style=\"height: 10px\"><span class=\"vc_empty_space_inner\"><\/span><\/div><\/div><\/div><\/div><\/div><div class=\"vc_row wpb_row vc_inner vc_row-fluid right_part vc_custom_1590721260063 vc_row-has-fill\"><div class=\"wpb_column vc_column_container vc_col-sm-3\"><div class=\"vc_column-inner\"><div class=\"wpb_wrapper\">\n\t<div class=\"wpb_single_image wpb_content_element vc_align_left\">\n\t\t\n\t\t<figure class=\"wpb_wrapper vc_figure\">\n\t\t\t<div class=\"vc_single_image-wrapper   vc_box_border_grey\"><img class=\"vc_single_image-img\" src=\"https:\/\/loncani.ca\/wp-content\/uploads\/2020\/06\/content-1-100x100.png\" width=\"100\" height=\"100\" alt=\"contenu (1)\" title=\"contenu (1)\" \/><\/div>\n\t\t<\/figure>\n\t<\/div>\n<\/div><\/div><\/div><div class=\"wpb_column vc_column_container vc_col-sm-9\"><div class=\"vc_column-inner\"><div class=\"wpb_wrapper\">\n\t<div class=\"wpb_text_column wpb_content_element\" >\n\t\t<div class=\"wpb_wrapper\">\n\t\t\t<p><span style=\"color: #bf6f76;\">\u00c9TAPE 3<\/span><\/p>\n\n\t\t<\/div>\n\t<\/div>\n<h4 style=\"text-align: left\" class=\"vc_custom_heading\" >Vous nous enverrez le contenu<\/h4>\n\t<div class=\"wpb_text_column wpb_content_element\" >\n\t\t<div class=\"wpb_wrapper\">\n\t\t\t<p>Nous vous fournirons une liste de contenu (par exemple, liste de services, description, etc.) requis pour votre compte.<\/p>\n\n\t\t<\/div>\n\t<\/div>\n<\/div><\/div><\/div><\/div><div class=\"vc_row wpb_row vc_inner vc_row-fluid\"><div class=\"wpb_column vc_column_container vc_col-sm-12\"><div class=\"vc_column-inner\"><div class=\"wpb_wrapper\"><div class=\"vc_empty_space\"   style=\"height: 10px\"><span class=\"vc_empty_space_inner\"><\/span><\/div><\/div><\/div><\/div><\/div><div class=\"vc_row wpb_row vc_inner vc_row-fluid right_part vc_custom_1590721260063 vc_row-has-fill\"><div class=\"wpb_column vc_column_container vc_col-sm-3\"><div class=\"vc_column-inner\"><div class=\"wpb_wrapper\">\n\t<div class=\"wpb_single_image wpb_content_element vc_align_left\">\n\t\t\n\t\t<figure class=\"wpb_wrapper vc_figure\">\n\t\t\t<div class=\"vc_single_image-wrapper   vc_box_border_grey\"><img class=\"vc_single_image-img\" src=\"https:\/\/loncani.ca\/wp-content\/uploads\/2020\/06\/content-100x100.png\" width=\"100\" height=\"100\" alt=\"\" title=\"\" \/><\/div>\n\t\t<\/figure>\n\t<\/div>\n<\/div><\/div><\/div><div class=\"wpb_column vc_column_container vc_col-sm-9\"><div class=\"vc_column-inner\"><div class=\"wpb_wrapper\">\n\t<div class=\"wpb_text_column wpb_content_element\" >\n\t\t<div class=\"wpb_wrapper\">\n\t\t\t<p><span style=\"color: #bf6f76;\">\u00c9TAPE 4\u00a0<\/span><\/p>\n\n\t\t<\/div>\n\t<\/div>\n<h4 style=\"text-align: left\" class=\"vc_custom_heading\" >Nous configurons votre compte<\/h4>\n\t<div class=\"wpb_text_column wpb_content_element\" >\n\t\t<div class=\"wpb_wrapper\">\n\t\t\t<p>Une fois que nous aurons toutes les informations requises de notre c\u00f4t\u00e9, notre \u00e9quipe de professionnels cr\u00e9era votre compte. Votre listing sera fabriqu\u00e9 \u00e0 la main et test\u00e9 par les pros LONCANI !<\/p>\n\n\t\t<\/div>\n\t<\/div>\n<\/div><\/div><\/div><\/div><div class=\"vc_row wpb_row vc_inner vc_row-fluid\"><div class=\"wpb_column vc_column_container vc_col-sm-12\"><div class=\"vc_column-inner\"><div class=\"wpb_wrapper\"><div class=\"vc_empty_space\"   style=\"height: 10px\"><span class=\"vc_empty_space_inner\"><\/span><\/div><\/div><\/div><\/div><\/div><\/div><\/div><\/div><\/div><div class=\"vc_row-full-width vc_clearfix\"><\/div><div class=\"vc_row wpb_row vc_row-fluid\"><div class=\"wpb_column vc_column_container vc_col-sm-12\"><div class=\"vc_column-inner\"><div class=\"wpb_wrapper\">\n\t<div class=\"wpb_text_column wpb_content_element\" >\n\t\t<div class=\"wpb_wrapper\">\n\t\t\t<h3><strong><span style=\"color: #4e2e18;\">Le service de configuration LONCANI en d\u00e9tails<\/span><\/strong><\/h3>\n<p>Nous examinerons la demande et vous demanderons si nous pouvons aller de l&#039;avant. Travaillez avec notre \u00e9quipe pour transformer votre processus client en un flux de travail simple dans LONCANI.<br \/>\nNous vous aiderons \u00e0 cr\u00e9er votre compte, ce qui vous permettra de d\u00e9marrer avec de nouveaux clients.<\/p>\n<h3><span style=\"color: #4e2e18;\"><strong>Combien de temps faut-il pour terminer la configuration?<\/strong><\/span><\/h3>\n<p>C&#039;est un service demand\u00e9 de tr\u00e8s bonne qualit\u00e9. En tant que tel, nous serons toujours transparents avec vous sur le temps d&#039;attente estim\u00e9. En r\u00e8gle g\u00e9n\u00e9rale, cela prend environ 1 \u00e0 3 jours, mais pendant les saisons particuli\u00e8rement charg\u00e9es, cela peut prendre un peu plus de temps.<\/p>\n\n\t\t<\/div>\n\t<\/div>\n<\/div><\/div><\/div><\/div><div class=\"vc_row wpb_row vc_row-fluid custom_htmls vc_column-gap-30\"><div class=\"custom_lis1 wpb_column vc_column_container vc_col-sm-12\"><div class=\"vc_column-inner\"><div class=\"wpb_wrapper\"><div class=\"vc_empty_space\"   style=\"height: 40px\"><span class=\"vc_empty_space_inner\"><\/span><\/div><h3 style=\"color: #4e2e18;text-align: left\" class=\"vc_custom_heading\" >Le service de configuration est la solution id\u00e9ale pour vous si:<\/h3>\n\t<div class=\"wpb_raw_code wpb_content_element wpb_raw_html custom_li\" >\n\t\t<div class=\"wpb_wrapper\">\n\t\t\t<p><ul><li><div>Vous avez besoin d&#039;aide pour configurer votre compte.<\/div><\/li><li><div>Vous voulez \u00eatre pr\u00eat et commencer le plus t\u00f4t possible.<\/div><\/li><li><div>Vous savez exactement ce que vous voulez que LONCANI fasse pour vous, mais vous n&#039;avez pas le temps de mettre en place toutes les pi\u00e8ces.<\/div><\/li><li><div>Vous avez d\u00e9j\u00e0 la majorit\u00e9 de votre contenu \u00e9crit et g\u00e9r\u00e9, ou vous devez le fournir lorsque nous le demandons.<\/div><\/li><\/p>\n\t\t<\/div>\n\t<\/div>\n<\/div><\/div><\/div><\/div><div data-vc-full-width=\"true\" data-vc-full-width-init=\"false\" class=\"vc_row wpb_row vc_row-fluid footer_row bottom_icon_btn vc_custom_1593015945500 vc_row-has-fill vc_row-o-content-middle vc_row-flex\"><div class=\"wpb_column vc_column_container vc_col-sm-12\"><div class=\"vc_column-inner\"><div class=\"wpb_wrapper\"><div class=\"vc_row wpb_row vc_inner vc_row-fluid vc_row-o-content-middle vc_row-flex\"><div class=\"wpb_column vc_column_container vc_col-sm-2\"><div class=\"vc_column-inner\"><div class=\"wpb_wrapper\"><div class=\"vc_icon_element vc_icon_element-outer vc_icon_element-align-center vc_icon_element-have-style\"><div class=\"vc_icon_element-inner vc_icon_element-color-custom vc_icon_element-have-style-inner vc_icon_element-size-md vc_icon_element-style-rounded vc_icon_element-background vc_icon_element-background-color-custom\"  style=\"background-color:#b87a29\"><span class=\"vc_icon_element-icon far fa-question-circle\" style=\"color:#ffffff !important\"><\/span><\/div><\/div><\/div><\/div><\/div><div class=\"wpb_column vc_column_container vc_col-sm-7\"><div class=\"vc_column-inner vc_custom_1590564149703\"><div class=\"wpb_wrapper\">\n\t<div class=\"wpb_text_column wpb_content_element\" >\n\t\t<div class=\"wpb_wrapper\">\n\t\t\t<h1>Pr\u00eat \u00e0 commencer?<\/h1>\n\n\t\t<\/div>\n\t<\/div>\n<\/div><\/div><\/div><div class=\"wpb_column vc_column_container vc_col-sm-3\"><div class=\"vc_column-inner\"><div class=\"wpb_wrapper\"><div class=\"vc_btn3-container  contact-box custom_contact vc_btn3-left\" ><a style=\"background-color:#b87a29; color:#ffffff;\" class=\"vc_general vc_btn3 vc_btn3-size-md vc_btn3-shape-round vc_btn3-style-custom\" href=\"https:\/\/b.link\/qw24da\" title=\"\" target=\"_blank\">Remplir le formulaire<\/a><\/div><\/div><\/div><\/div><\/div><\/div><\/div><\/div><\/div><div class=\"vc_row-full-width vc_clearfix\"><\/div>\n<script>\r\njQuery('.berocket_ww_container').each( function( i, o ) {\r\n    if ( jQuery(o).height() + 20 < jQuery(o).find('.berocket_ww_ul_container').height() && jQuery(o).find('.berocket_ww_show_all').length ) {\r\n        jQuery(o).find('.berocket_ww_show_all').show();\r\n    } else if( ! jQuery(o).find('.berocket_ww_show_all').length ) {\r\n        var $scroll_block = jQuery(o).find('.berocket_ww_list');\r\n        $scroll_block.css( {maxHeight: 'initial'} );\r\n    }\r\n});\r\n<\/script>","protected":false},"excerpt":{"rendered":"Get Setup Service Get up and running quickly with Setup service At LONCANI, we always care for our customers. We will always be there for your help. Our setup service allows you to relax while we setup your account, your services, your availability, and other settings related to your account. If you ever need help [...]","protected":false},"author":90,"featured_media":0,"parent":0,"menu_order":0,"comment_status":"closed","ping_status":"closed","template":"","meta":{"pmpro_default_level":0},"yoast_head":"<!-- This site is optimized with the Yoast SEO plugin v18.6 - https:\/\/yoast.com\/wordpress\/plugins\/seo\/ -->\n<title>Get up &amp; run quickly with Setup service - LONCANI<\/title>\n<meta name=\"description\" content=\"At LONCANI, we care for our customers. Our setup service allows you to relax while we set up your account, services &amp; availability. So your customers can enjoy the best possible experience.\" \/>\n<meta name=\"robots\" content=\"index, follow, max-snippet:-1, max-image-preview:large, max-video-preview:-1\" \/>\n<link rel=\"canonical\" href=\"https:\/\/www.loncani.ca\/en\/setup-service\/\" \/>\n<meta property=\"og:locale\" content=\"fr_CA\" \/>\n<meta property=\"og:type\" content=\"article\" \/>\n<meta property=\"og:title\" content=\"Get up &amp; run quickly with Setup service - LONCANI\" \/>\n<meta property=\"og:description\" content=\"At LONCANI, we care for our customers. Our setup service allows you to relax while we set up your account, services &amp; availability. So your customers can enjoy the best possible experience.\" \/>\n<meta property=\"og:url\" content=\"https:\/\/www.loncani.ca\/en\/setup-service\/\" \/>\n<meta property=\"og:site_name\" content=\"Loncani\" \/>\n<meta property=\"article:modified_time\" content=\"2022-11-08T19:15:22+00:00\" \/>\n<meta name=\"twitter:card\" content=\"summary_large_image\" \/>\n<meta name=\"twitter:label1\" content=\"Estimation du temps de lecture\" \/>\n\t<meta name=\"twitter:data1\" content=\"2 minutes\" \/>\n<script type=\"application\/ld+json\" class=\"yoast-schema-graph\">{\"@context\":\"https:\/\/schema.org\",\"@graph\":[{\"@type\":\"WebSite\",\"@id\":\"https:\/\/www.loncani.ca\/#website\",\"url\":\"https:\/\/www.loncani.ca\/\",\"name\":\"Loncani\",\"description\":\"Black-Owned Beauty Marketplace\",\"potentialAction\":[{\"@type\":\"SearchAction\",\"target\":{\"@type\":\"EntryPoint\",\"urlTemplate\":\"https:\/\/www.loncani.ca\/?s={search_term_string}\"},\"query-input\":\"required name=search_term_string\"}],\"inLanguage\":\"fr-CA\"},{\"@type\":\"WebPage\",\"@id\":\"https:\/\/www.loncani.ca\/en\/setup-service\/#webpage\",\"url\":\"https:\/\/www.loncani.ca\/en\/setup-service\/\",\"name\":\"Get up & run quickly with Setup service - LONCANI\",\"isPartOf\":{\"@id\":\"https:\/\/www.loncani.ca\/#website\"},\"datePublished\":\"2020-05-29T02:27:11+00:00\",\"dateModified\":\"2022-11-08T19:15:22+00:00\",\"description\":\"At LONCANI, we care for our customers. Our setup service allows you to relax while we set up your account, services & availability. So your customers can enjoy the best possible experience.\",\"breadcrumb\":{\"@id\":\"https:\/\/www.loncani.ca\/en\/setup-service\/#breadcrumb\"},\"inLanguage\":\"fr-CA\",\"potentialAction\":[{\"@type\":\"ReadAction\",\"target\":[\"https:\/\/www.loncani.ca\/en\/setup-service\/\"]}]},{\"@type\":\"BreadcrumbList\",\"@id\":\"https:\/\/www.loncani.ca\/en\/setup-service\/#breadcrumb\",\"itemListElement\":[{\"@type\":\"ListItem\",\"position\":1,\"name\":\"Home\",\"item\":\"https:\/\/www.loncani.ca\/\"},{\"@type\":\"ListItem\",\"position\":2,\"name\":\"Setup Service\"}]}]}<\/script>\n<!-- \/ Yoast SEO plugin. -->","yoast_head_json":{"title":"Get up & run quickly with Setup service - LONCANI","description":"At LONCANI, we care for our customers. Our setup service allows you to relax while we set up your account, services & availability. So your customers can enjoy the best possible experience.","robots":{"index":"index","follow":"follow","max-snippet":"max-snippet:-1","max-image-preview":"max-image-preview:large","max-video-preview":"max-video-preview:-1"},"canonical":"https:\/\/www.loncani.ca\/en\/setup-service\/","og_locale":"fr_CA","og_type":"article","og_title":"Get up & run quickly with Setup service - LONCANI","og_description":"At LONCANI, we care for our customers. Our setup service allows you to relax while we set up your account, services & availability. So your customers can enjoy the best possible experience.","og_url":"https:\/\/www.loncani.ca\/en\/setup-service\/","og_site_name":"Loncani","article_modified_time":"2022-11-08T19:15:22+00:00","twitter_card":"summary_large_image","twitter_misc":{"Estimation du temps de lecture":"2 minutes"},"schema":{"@context":"https:\/\/schema.org","@graph":[{"@type":"WebSite","@id":"https:\/\/www.loncani.ca\/#website","url":"https:\/\/www.loncani.ca\/","name":"Loncani","description":"Black-Owned Beauty Marketplace","potentialAction":[{"@type":"SearchAction","target":{"@type":"EntryPoint","urlTemplate":"https:\/\/www.loncani.ca\/?s={search_term_string}"},"query-input":"required name=search_term_string"}],"inLanguage":"fr-CA"},{"@type":"WebPage","@id":"https:\/\/www.loncani.ca\/en\/setup-service\/#webpage","url":"https:\/\/www.loncani.ca\/en\/setup-service\/","name":"Get up & run quickly with Setup service - LONCANI","isPartOf":{"@id":"https:\/\/www.loncani.ca\/#website"},"datePublished":"2020-05-29T02:27:11+00:00","dateModified":"2022-11-08T19:15:22+00:00","description":"At LONCANI, we care for our customers. Our setup service allows you to relax while we set up your account, services & availability. So your customers can enjoy the best possible experience.","breadcrumb":{"@id":"https:\/\/www.loncani.ca\/en\/setup-service\/#breadcrumb"},"inLanguage":"fr-CA","potentialAction":[{"@type":"ReadAction","target":["https:\/\/www.loncani.ca\/en\/setup-service\/"]}]},{"@type":"BreadcrumbList","@id":"https:\/\/www.loncani.ca\/en\/setup-service\/#breadcrumb","itemListElement":[{"@type":"ListItem","position":1,"name":"Home","item":"https:\/\/www.loncani.ca\/"},{"@type":"ListItem","position":2,"name":"Setup Service"}]}]}},"_links":{"self":[{"href":"https:\/\/loncani.ca\/fr\/wp-json\/wp\/v2\/pages\/3204"}],"collection":[{"href":"https:\/\/loncani.ca\/fr\/wp-json\/wp\/v2\/pages"}],"about":[{"href":"https:\/\/loncani.ca\/fr\/wp-json\/wp\/v2\/types\/page"}],"author":[{"embeddable":true,"href":"https:\/\/loncani.ca\/fr\/wp-json\/wp\/v2\/users\/90"}],"replies":[{"embeddable":true,"href":"https:\/\/loncani.ca\/fr\/wp-json\/wp\/v2\/comments?post=3204"}],"version-history":[{"count":4,"href":"https:\/\/loncani.ca\/fr\/wp-json\/wp\/v2\/pages\/3204\/revisions"}],"predecessor-version":[{"id":28668,"href":"https:\/\/loncani.ca\/fr\/wp-json\/wp\/v2\/pages\/3204\/revisions\/28668"}],"wp:attachment":[{"href":"https:\/\/loncani.ca\/fr\/wp-json\/wp\/v2\/media?parent=3204"}],"curies":[{"name":"wp","href":"https:\/\/api.w.org\/{rel}","templated":true}]}}