{"id":335,"date":"2019-12-20T12:08:35","date_gmt":"2019-12-20T12:08:35","guid":{"rendered":"http:\/\/192.168.1.200\/loncani\/?page_id=335"},"modified":"2024-01-09T07:10:19","modified_gmt":"2024-01-09T12:10:19","slug":"how-it-works","status":"publish","type":"page","link":"https:\/\/loncani.ca\/fr\/comment-ca-fonctionne\/","title":{"rendered":"Fonctionnement"},"content":{"rendered":"<div class=\"vc_row wpb_row vc_row-fluid how-it-work-wrap padding-0\"><div class=\"wpb_column vc_column_container vc_col-sm-12\"><div class=\"vc_column-inner\"><div class=\"wpb_wrapper\"><div class=\"vc_row wpb_row vc_inner vc_row-fluid section-ttile\"><div class=\"wpb_column vc_column_container vc_col-sm-12\"><div class=\"vc_column-inner\"><div class=\"wpb_wrapper\"><h2 style=\"text-align: center\" class=\"vc_custom_heading\" >Comment \u00e7a fonctionne<\/h2>\n\t<div class=\"wpb_single_image wpb_content_element vc_align_center\">\n\t\t\n\t\t<figure class=\"wpb_wrapper vc_figure\">\n\t\t\t<div class=\"vc_single_image-wrapper   vc_box_border_grey\"><img src=\"https:\/\/loncani.ca\/wp-content\/uploads\/2019\/12\/title-icon.svg\" class=\"vc_single_image-img attachment-full\" alt=\"\" loading=\"lazy\" title=\"ic\u00f4ne de titre\" \/><\/div>\n\t\t<\/figure>\n\t<\/div>\n<\/div><\/div><\/div><\/div><\/div><\/div><\/div><\/div><div class=\"vc_row wpb_row vc_row-fluid how-it-work-wrap\"><div class=\"wpb_column vc_column_container vc_col-sm-12\"><div class=\"vc_column-inner\"><div class=\"wpb_wrapper\"><div class=\"vc_tta-container\" data-vc-action=\"collapse\"><div class=\"vc_general vc_tta vc_tta-tabs vc_tta-color-grey vc_tta-style-tabs-style-1 vc_tta-shape-rounded vc_tta-spacing-1  custom-tabs vc_tta-tabs-position-top vc_tta-controls-align-left\"><div class=\"vc_tta-tabs-container\"><ul class=\"vc_tta-tabs-list\"><li class=\"vc_tta-tab vc_active\" data-vc-tab><a href=\"#provider\" data-vc-tabs data-vc-container=\".vc_tta\"><span class=\"vc_tta-title-text\">Pour les professionnels<\/span><\/a><\/li><li class=\"vc_tta-tab\" data-vc-tab><a href=\"#user\" data-vc-tabs data-vc-container=\".vc_tta\"><span class=\"vc_tta-title-text\">Pour les clients<\/span><\/a><\/li><\/ul><\/div><div class=\"vc_tta-panels-container\"><div class=\"vc_tta-panels\"><div class=\"vc_tta-panel vc_active\" id=\"provider\" data-vc-content=\".vc_tta-panel-body\"><div class=\"vc_tta-panel-heading\"><h4 class=\"vc_tta-panel-title\"><a href=\"#provider\" data-vc-accordion data-vc-container=\".vc_tta-container\"><span class=\"vc_tta-title-text\">Pour les professionnels<\/span><\/a><\/h4><\/div><div class=\"vc_tta-panel-body\"><div class=\"vc_row wpb_row vc_inner vc_row-fluid work-dec-wrap vc_row-o-equal-height vc_row-flex\"><div class=\"work-img wpb_column vc_column_container vc_col-sm-6 vc_col-has-fill\"><div class=\"vc_column-inner vc_custom_1576814380462\"><div class=\"wpb_wrapper\">\n\t<div class=\"wpb_single_image wpb_content_element vc_align_center   img-wrap\">\n\t\t\n\t\t<figure class=\"wpb_wrapper vc_figure\">\n\t\t\t<div class=\"vc_single_image-wrapper   vc_box_border_grey\"><img width=\"460\" height=\"410\" src=\"https:\/\/loncani.ca\/wp-content\/uploads\/2019\/12\/list-service.png\" class=\"vc_single_image-img attachment-full\" alt=\"\" loading=\"lazy\" title=\"\" \/><\/div>\n\t\t<\/figure>\n\t<\/div>\n<\/div><\/div><\/div><div class=\"wprk-dec wpb_column vc_column_container vc_col-sm-6\"><div class=\"vc_column-inner\"><div class=\"wpb_wrapper\">\n\t<div class=\"wpb_text_column wpb_content_element  sr-no\" >\n\t\t<div class=\"wpb_wrapper\">\n\t\t\t<p>1<\/p>\n\n\t\t<\/div>\n\t<\/div>\n<h3 style=\"text-align: left\" class=\"vc_custom_heading\" >Ajoutez votre annonce<\/h3>\n\t<div class=\"wpb_text_column wpb_content_element\" >\n\t\t<div class=\"wpb_wrapper\">\n\t\t\t<p>Inscrivez-vous pour cr\u00e9er votre profil. Listez vos services et produits. Soyer relaxe et laissez-nous tout ajuster et automatiser parfaitement pour les personnaliser pour vos clients. Notre \u00e9quipe travaillera avec vous sur tous les ajustements techniques pour rendre votre profil productif, organis\u00e9, parfaitement visible et accrocheur pour attirer de nouveaux clients.<\/p>\n\n\t\t<\/div>\n\t<\/div>\n<\/div><\/div><\/div><\/div><div class=\"vc_row wpb_row vc_inner vc_row-fluid work-dec-wrap vc_row-o-equal-height vc_row-flex\"><div class=\"work-img wpb_column vc_column_container vc_col-sm-6 vc_col-has-fill\"><div class=\"vc_column-inner vc_custom_1576814387774\"><div class=\"wpb_wrapper\">\n\t<div class=\"wpb_single_image wpb_content_element vc_align_center   img-wrap\">\n\t\t\n\t\t<figure class=\"wpb_wrapper vc_figure\">\n\t\t\t<div class=\"vc_single_image-wrapper   vc_box_border_grey\"><img width=\"355\" height=\"330\" src=\"https:\/\/loncani.ca\/wp-content\/uploads\/2019\/12\/booking-vector.png\" class=\"vc_single_image-img attachment-full\" alt=\"\" loading=\"lazy\" title=\"\" \/><\/div>\n\t\t<\/figure>\n\t<\/div>\n<\/div><\/div><\/div><div class=\"wprk-dec wpb_column vc_column_container vc_col-sm-6\"><div class=\"vc_column-inner\"><div class=\"wpb_wrapper\">\n\t<div class=\"wpb_text_column wpb_content_element  sr-no\" >\n\t\t<div class=\"wpb_wrapper\">\n\t\t\t<p>2<\/p>\n\n\t\t<\/div>\n\t<\/div>\n<h3 style=\"text-align: left\" class=\"vc_custom_heading\" >Confirmez les rendez-vous<\/h3>\n\t<div class=\"wpb_text_column wpb_content_element\" >\n\t\t<div class=\"wpb_wrapper\">\n\t\t\t<p>Ajoutez soigneusement vos disponibilit\u00e9s avec vos annonces, acceptez instantan\u00e9ment les rendez-vous. N'oubliez pas que vous \u00eates la patronne\u00a0; ajustez vos horaires et la fa\u00e7on dont vous \u00eates pr\u00eat \u00e0 travailler. LONCANI automatise le processus de la confirmation du rendez-vous au rappel par courriel \u00e0 vos clients.<\/p>\n\n\t\t<\/div>\n\t<\/div>\n<\/div><\/div><\/div><\/div><div class=\"vc_row wpb_row vc_inner vc_row-fluid work-dec-wrap vc_row-o-equal-height vc_row-flex\"><div class=\"work-img wpb_column vc_column_container vc_col-sm-6 vc_col-has-fill\"><div class=\"vc_column-inner vc_custom_1576814403734\"><div class=\"wpb_wrapper\">\n\t<div class=\"wpb_single_image wpb_content_element vc_align_center   img-wrap\">\n\t\t\n\t\t<figure class=\"wpb_wrapper vc_figure\">\n\t\t\t<div class=\"vc_single_image-wrapper   vc_box_border_grey\"><img width=\"399\" height=\"375\" src=\"https:\/\/loncani.ca\/wp-content\/uploads\/2019\/12\/payment-vector.png\" class=\"vc_single_image-img attachment-full\" alt=\"\" loading=\"lazy\" title=\"\" \/><\/div>\n\t\t<\/figure>\n\t<\/div>\n<\/div><\/div><\/div><div class=\"wprk-dec wpb_column vc_column_container vc_col-sm-6\"><div class=\"vc_column-inner\"><div class=\"wpb_wrapper\">\n\t<div class=\"wpb_text_column wpb_content_element  sr-no\" >\n\t\t<div class=\"wpb_wrapper\">\n\t\t\t<p>3<\/p>\n\n\t\t<\/div>\n\t<\/div>\n<h3 style=\"text-align: left\" class=\"vc_custom_heading\" >Soyez pay\u00e9<\/h3>\n\t<div class=\"wpb_text_column wpb_content_element\" >\n\t\t<div class=\"wpb_wrapper\">\n\t\t\t<p>LONCANI propose un mode de paiement avanc\u00e9 pour traiter sans d\u00e9lai les paiements de vos clients. Vous pouvez d\u00e9cider si vous souhaitez appliquer des frais de r\u00e9servation, demander un d\u00e9p\u00f4t lors de la r\u00e9servation ou demander le paiement int\u00e9gral au moment de la r\u00e9servation. Recevez le paiement directement sur votre compte une fois le rendez-vous termin\u00e9.<\/p>\n\n\t\t<\/div>\n\t<\/div>\n<\/div><\/div><\/div><\/div><div class=\"vc_empty_space\"   style=\"height: 52px\"><span class=\"vc_empty_space_inner\"><\/span><\/div>\n\t<div class=\"wpb_text_column wpb_content_element\" >\n\t\t<div class=\"wpb_wrapper\">\n\t\t\t<h1 style=\"text-align: center;\">\u00cates-vous un professionnel de la beaut\u00e9 ind\u00e9pendant?<br \/>\n<b class=\"dark\">Profiter de la publicit\u00e9 gratuite d\u00e8s aujourd'hui sur LONCANI<\/b><\/h1>\n\n\t\t<\/div>\n\t<\/div>\n<div class=\"vc_empty_space\"   style=\"height: 50px\"><span class=\"vc_empty_space_inner\"><\/span><\/div><div class=\"vc_row wpb_row vc_inner vc_row-fluid small_icons\"><div class=\"icon_box wpb_column vc_column_container vc_col-sm-4\"><div class=\"vc_column-inner\"><div class=\"wpb_wrapper\"><div class=\"vc_icon_element vc_icon_element-outer vc_custom_1603172972412 vc_icon_element-align-center\"><div class=\"vc_icon_element-inner vc_icon_element-color-black vc_icon_element-size-md vc_icon_element-style- vc_icon_element-background-color-grey\" ><span class=\"vc_icon_element-icon fas fa-circle\" ><\/span><\/div><\/div>\n\t<div class=\"wpb_text_column wpb_content_element\" >\n\t\t<div class=\"wpb_wrapper\">\n\t\t\t<p style=\"text-align: center;\"><strong>Be Found and Seen<\/strong><\/p>\n\n\t\t<\/div>\n\t<\/div>\n\n\t<div class=\"wpb_text_column wpb_content_element\" >\n\t\t<div class=\"wpb_wrapper\">\n\t\t\t<p style=\"text-align: center;\">Par milliers de visiteurs et obtenez des prospects et des r\u00e9servations<\/p>\n\n\t\t<\/div>\n\t<\/div>\n<\/div><\/div><\/div><div class=\"icon_box wpb_column vc_column_container vc_col-sm-4\"><div class=\"vc_column-inner\"><div class=\"wpb_wrapper\"><div class=\"vc_icon_element vc_icon_element-outer vc_custom_1603173070629 vc_icon_element-align-center\"><div class=\"vc_icon_element-inner vc_icon_element-color-black vc_icon_element-size-md vc_icon_element-style- vc_icon_element-background-color-grey\" ><span class=\"vc_icon_element-icon fas fa-location-arrow\" ><\/span><\/div><\/div>\n\t<div class=\"wpb_text_column wpb_content_element\" >\n\t\t<div class=\"wpb_wrapper\">\n\t\t\t<p style=\"text-align: center;\"><strong>Sauter en avant<\/strong><\/p>\n\n\t\t<\/div>\n\t<\/div>\n\n\t<div class=\"wpb_text_column wpb_content_element\" >\n\t\t<div class=\"wpb_wrapper\">\n\t\t\t<p style=\"text-align: center;\">De votre concurrent et levez-vous de la couronne<\/p>\n\n\t\t<\/div>\n\t<\/div>\n<\/div><\/div><\/div><div class=\"wpb_column vc_column_container vc_col-sm-4\"><div class=\"vc_column-inner\"><div class=\"wpb_wrapper\"><div class=\"vc_icon_element vc_icon_element-outer vc_custom_1603173128300 vc_icon_element-align-center\"><div class=\"vc_icon_element-inner vc_icon_element-color-black vc_icon_element-size-md vc_icon_element-style- vc_icon_element-background-color-grey\" ><span class=\"vc_icon_element-icon fas fa-users\" ><\/span><\/div><\/div>\n\t<div class=\"wpb_text_column wpb_content_element\" >\n\t\t<div class=\"wpb_wrapper\">\n\t\t\t<p style=\"text-align: center;\"><strong>Rejoignez-nous et faites partie du mouvement<\/strong><\/p>\n\n\t\t<\/div>\n\t<\/div>\n\n\t<div class=\"wpb_text_column wpb_content_element\" >\n\t\t<div class=\"wpb_wrapper\">\n\t\t\t<p style=\"text-align: center;\">une plateforme de soins de beaut\u00e9 et de bien-\u00eatre \u00e0 croissance plus rapide pour la communaut\u00e9 noire.<\/p>\n\n\t\t<\/div>\n\t<\/div>\n<\/div><\/div><\/div><\/div><\/div><\/div><div class=\"vc_tta-panel\" id=\"user\" data-vc-content=\".vc_tta-panel-body\"><div class=\"vc_tta-panel-heading\"><h4 class=\"vc_tta-panel-title\"><a href=\"#user\" data-vc-accordion data-vc-container=\".vc_tta-container\"><span class=\"vc_tta-title-text\">Pour les clients<\/span><\/a><\/h4><\/div><div class=\"vc_tta-panel-body\"><div class=\"vc_row wpb_row vc_inner vc_row-fluid work-dec-wrap vc_row-o-equal-height vc_row-flex\"><div class=\"work-img wpb_column vc_column_container vc_col-sm-6 vc_col-has-fill\"><div class=\"vc_column-inner vc_custom_1576814380462\"><div class=\"wpb_wrapper\">\n\t<div class=\"wpb_single_image wpb_content_element vc_align_center   img-wrap\">\n\t\t\n\t\t<figure class=\"wpb_wrapper vc_figure\">\n\t\t\t<div class=\"vc_single_image-wrapper   vc_box_border_grey\"><img width=\"401\" height=\"486\" src=\"https:\/\/loncani.ca\/wp-content\/uploads\/2019\/12\/perfact-provider.png\" class=\"vc_single_image-img attachment-full\" alt=\"\" loading=\"lazy\" title=\"\" \/><\/div>\n\t\t<\/figure>\n\t<\/div>\n<\/div><\/div><\/div><div class=\"wprk-dec wpb_column vc_column_container vc_col-sm-6\"><div class=\"vc_column-inner\"><div class=\"wpb_wrapper\">\n\t<div class=\"wpb_text_column wpb_content_element  sr-no\" >\n\t\t<div class=\"wpb_wrapper\">\n\t\t\t<p>1<\/p>\n\n\t\t<\/div>\n\t<\/div>\n<h3 style=\"text-align: left\" class=\"vc_custom_heading\" >Parcourir les services des soins de beaut\u00e9 et du bien-\u00eatre<\/h3>\n\t<div class=\"wpb_text_column wpb_content_element\" >\n\t\t<div class=\"wpb_wrapper\">\n\t\t\t<p>Utilisez la barre de recherche pour parcourir les listes de services de beaut\u00e9 et de bien-\u00eatre disponibles. S\u00e9lectionner le service que vous souhaitez r\u00e9server parmi notre gamme d'annonces beaut\u00e9 et bien-\u00eatre. Passez en revue les profils des professionnels disponibles et choisissez le meilleur disponible dans votre r\u00e9gion.<\/p>\n\n\t\t<\/div>\n\t<\/div>\n<\/div><\/div><\/div><\/div><div class=\"vc_row wpb_row vc_inner vc_row-fluid work-dec-wrap vc_row-o-equal-height vc_row-flex\"><div class=\"work-img wpb_column vc_column_container vc_col-sm-6 vc_col-has-fill\"><div class=\"vc_column-inner vc_custom_1576814387774\"><div class=\"wpb_wrapper\">\n\t<div class=\"wpb_single_image wpb_content_element vc_align_center   img-wrap\">\n\t\t\n\t\t<figure class=\"wpb_wrapper vc_figure\">\n\t\t\t<div class=\"vc_single_image-wrapper   vc_box_border_grey\"><img width=\"430\" height=\"310\" src=\"https:\/\/loncani.ca\/wp-content\/uploads\/2019\/12\/booking.png\" class=\"vc_single_image-img attachment-full\" alt=\"\" loading=\"lazy\" title=\"\" \/><\/div>\n\t\t<\/figure>\n\t<\/div>\n<\/div><\/div><\/div><div class=\"wprk-dec wpb_column vc_column_container vc_col-sm-6\"><div class=\"vc_column-inner\"><div class=\"wpb_wrapper\">\n\t<div class=\"wpb_text_column wpb_content_element  sr-no\" >\n\t\t<div class=\"wpb_wrapper\">\n\t\t\t<p>2<\/p>\n\n\t\t<\/div>\n\t<\/div>\n<h3 style=\"text-align: left\" class=\"vc_custom_heading\" >R\u00e9servez votre rendez-vous<\/h3>\n\t<div class=\"wpb_text_column wpb_content_element\" >\n\t\t<div class=\"wpb_wrapper\">\n\t\t\t<p>Programmez votre r\u00e9servation en s\u00e9lectionnant un cr\u00e9neau horaire disponible propos\u00e9 par une experte beaut\u00e9. Choisissez l&#039;heure et la date qui conviennent le mieux \u00e0 votre r\u00e9servation. Vous recevrez une confirmation de r\u00e9servation automatis\u00e9e ainsi qu&#039;un rappel de r\u00e9servation.<\/p>\n\n\t\t<\/div>\n\t<\/div>\n<\/div><\/div><\/div><\/div><div class=\"vc_row wpb_row vc_inner vc_row-fluid work-dec-wrap vc_row-o-equal-height vc_row-flex\"><div class=\"work-img wpb_column vc_column_container vc_col-sm-6 vc_col-has-fill\"><div class=\"vc_column-inner vc_custom_1576814403734\"><div class=\"wpb_wrapper\">\n\t<div class=\"wpb_single_image wpb_content_element vc_align_center   img-wrap\">\n\t\t\n\t\t<figure class=\"wpb_wrapper vc_figure\">\n\t\t\t<div class=\"vc_single_image-wrapper   vc_box_border_grey\"><img width=\"521\" height=\"431\" src=\"https:\/\/loncani.ca\/wp-content\/uploads\/2019\/12\/testimonial-img.png\" class=\"vc_single_image-img attachment-full\" alt=\"\" loading=\"lazy\" title=\"\" \/><\/div>\n\t\t<\/figure>\n\t<\/div>\n<\/div><\/div><\/div><div class=\"wprk-dec wpb_column vc_column_container vc_col-sm-6\"><div class=\"vc_column-inner\"><div class=\"wpb_wrapper\">\n\t<div class=\"wpb_text_column wpb_content_element  sr-no\" >\n\t\t<div class=\"wpb_wrapper\">\n\t\t\t<p>3<\/p>\n\n\t\t<\/div>\n\t<\/div>\n<h3 style=\"text-align: left\" class=\"vc_custom_heading\" >Profitez de votre moment de beaut\u00e9<\/h3>\n\t<div class=\"wpb_text_column wpb_content_element\" >\n\t\t<div class=\"wpb_wrapper\">\n\t\t\t<p>Profitez d'un soin de beaut\u00e9 et d\u00e9tendez-vous. Nous vous recommandons fortement d'\u00e9valuer votre exp\u00e9rience sur LONCANI et les services re\u00e7us. Cela nous aidera \u00e0 assurer un service de qualit\u00e9 sur la plateforme.<\/p>\n\n\t\t<\/div>\n\t<\/div>\n<\/div><\/div><\/div><\/div>\n\t<div class=\"wpb_text_column wpb_content_element\" >\n\t\t<div class=\"wpb_wrapper\">\n\t\t\t<h1 style=\"text-align: center;\">Pourquoi utiliser <b class=\"dark\">LONCANI<\/b><\/h1>\n\n\t\t<\/div>\n\t<\/div>\n<div class=\"vc_empty_space\"   style=\"height: 50px\"><span class=\"vc_empty_space_inner\"><\/span><\/div><div class=\"vc_row wpb_row vc_inner vc_row-fluid small_icons\"><div class=\"icon_box wpb_column vc_column_container vc_col-sm-4\"><div class=\"vc_column-inner\"><div class=\"wpb_wrapper\"><div class=\"vc_icon_element vc_icon_element-outer vc_custom_1603174466569 vc_icon_element-align-center\"><div class=\"vc_icon_element-inner vc_icon_element-color-black vc_icon_element-size-md vc_icon_element-style- vc_icon_element-background-color-grey\" ><span class=\"vc_icon_element-icon fas fa-clock\" ><\/span><\/div><\/div>\n\t<div class=\"wpb_text_column wpb_content_element\" >\n\t\t<div class=\"wpb_wrapper\">\n\t\t\t<p style=\"text-align: center;\"><strong>Rapide et facile<\/strong><\/p>\n\n\t\t<\/div>\n\t<\/div>\n\n\t<div class=\"wpb_text_column wpb_content_element\" >\n\t\t<div class=\"wpb_wrapper\">\n\t\t\t<p style=\"text-align: center;\">trouvez ce que vous cherchez en quelques clics<\/p>\n\n\t\t<\/div>\n\t<\/div>\n<\/div><\/div><\/div><div class=\"icon_box wpb_column vc_column_container vc_col-sm-4\"><div class=\"vc_column-inner\"><div class=\"wpb_wrapper\"><div class=\"vc_icon_element vc_icon_element-outer vc_custom_1603174618302 vc_icon_element-align-center\"><div class=\"vc_icon_element-inner vc_icon_element-color-black vc_icon_element-size-md vc_icon_element-style- vc_icon_element-background-color-grey\" ><span class=\"vc_icon_element-icon fas fa-sun\" ><\/span><\/div><\/div>\n\t<div class=\"wpb_text_column wpb_content_element\" >\n\t\t<div class=\"wpb_wrapper\">\n\t\t\t<p style=\"text-align: center;\"><strong>Haute qualit\u00e9<\/strong><\/p>\n\n\t\t<\/div>\n\t<\/div>\n\n\t<div class=\"wpb_text_column wpb_content_element\" >\n\t\t<div class=\"wpb_wrapper\">\n\t\t\t<p style=\"text-align: center;\">choisissez parmi des milliers d&#039;entreprises de haute qualit\u00e9 et pertinentes<\/p>\n\n\t\t<\/div>\n\t<\/div>\n<\/div><\/div><\/div><div class=\"wpb_column vc_column_container vc_col-sm-4\"><div class=\"vc_column-inner\"><div class=\"wpb_wrapper\"><div class=\"vc_icon_element vc_icon_element-outer vc_custom_1603174784458 vc_icon_element-align-center\"><div class=\"vc_icon_element-inner vc_icon_element-color-black vc_icon_element-size-md vc_icon_element-style- vc_icon_element-background-color-grey\" ><span class=\"vc_icon_element-icon fas fa-users\" ><\/span><\/div><\/div>\n\t<div class=\"wpb_text_column wpb_content_element\" >\n\t\t<div class=\"wpb_wrapper\">\n\t\t\t<p style=\"text-align: center;\"><strong>Faites partie de la communaut\u00e9<\/strong><\/p>\n\n\t\t<\/div>\n\t<\/div>\n\n\t<div class=\"wpb_text_column wpb_content_element\" >\n\t\t<div class=\"wpb_wrapper\">\n\t\t\t<p style=\"text-align: center;\">une plate-forme de soins de beaut\u00e9 et de bien-\u00eatre \u00e0 croissance plus rapide pour la communaut\u00e9 noire.<\/p>\n\n\t\t<\/div>\n\t<\/div>\n<\/div><\/div><\/div><\/div><div class=\"vc_empty_space\"   style=\"height: 80px\"><span class=\"vc_empty_space_inner\"><\/span><\/div><div class=\"vc_btn3-container  btn-wrap addlistingowner vc_btn3-center vc_custom_1704802212621\" ><a class=\"vc_general vc_btn3 vc_btn3-size-md vc_btn3-shape-round vc_btn3-style-modern vc_btn3-icon-right vc_btn3-color-grey\" href=\"https:\/\/loncani.ca\/fr\/listings\/?keyword_search=&#038;tax-listing_category=&#038;location_search=&#038;action=listeo_get_listings\" title=\"\">Reserve maintenant <i class=\"vc_btn3-icon\"><\/i><\/a><\/div><\/div><\/div><\/div><\/div><\/div><\/div><\/div><\/div><\/div><\/div>\n<script>\r\njQuery('.berocket_ww_container').each( function( i, o ) {\r\n    if ( jQuery(o).height() + 20 < jQuery(o).find('.berocket_ww_ul_container').height() && jQuery(o).find('.berocket_ww_show_all').length ) {\r\n        jQuery(o).find('.berocket_ww_show_all').show();\r\n    } else if( ! jQuery(o).find('.berocket_ww_show_all').length ) {\r\n        var $scroll_block = jQuery(o).find('.berocket_ww_list');\r\n        $scroll_block.css( {maxHeight: 'initial'} );\r\n    }\r\n});\r\n<\/script>","protected":false},"excerpt":{"rendered":"How it Works For ProfessionalsFor CustomersFor Professionals 1 Add Your Listing Sign up to create your profile. List your services and products. Feel relaxed, letting us adjust and automate everything perfectly to customize them for your customers. Our team works hard on all technical adjustments to make your profile productive, organized, perfectly visible, and catchy [...]","protected":false},"author":1,"featured_media":0,"parent":0,"menu_order":0,"comment_status":"closed","ping_status":"closed","template":"","meta":{"pmpro_default_level":0},"yoast_head":"<!-- This site is optimized with the Yoast SEO plugin v18.6 - https:\/\/yoast.com\/wordpress\/plugins\/seo\/ -->\n<title>How It Works for Service Providers &amp; Customers - Loncani<\/title>\n<meta name=\"description\" content=\"Service Providers - Sign up to list your black beauty services &amp; products. Customers - Choose from high-quality beauty listings &amp; Book your appointment.\" \/>\n<meta name=\"robots\" content=\"index, follow, max-snippet:-1, max-image-preview:large, max-video-preview:-1\" \/>\n<link rel=\"canonical\" href=\"https:\/\/www.loncani.ca\/how-it-works\/\" \/>\n<meta property=\"og:locale\" content=\"fr_CA\" \/>\n<meta property=\"og:type\" content=\"article\" \/>\n<meta property=\"og:title\" content=\"How It Works for Service Providers &amp; Customers - Loncani\" \/>\n<meta property=\"og:description\" content=\"Service Providers - Sign up to list your black beauty services &amp; products. Customers - Choose from high-quality beauty listings &amp; Book your appointment.\" \/>\n<meta property=\"og:url\" content=\"https:\/\/www.loncani.ca\/how-it-works\/\" \/>\n<meta property=\"og:site_name\" content=\"Loncani\" \/>\n<meta property=\"article:modified_time\" content=\"2024-01-09T12:10:19+00:00\" \/>\n<meta name=\"twitter:card\" content=\"summary_large_image\" \/>\n<meta name=\"twitter:label1\" content=\"Estimation du temps de lecture\" \/>\n\t<meta name=\"twitter:data1\" content=\"3 minutes\" \/>\n<script type=\"application\/ld+json\" class=\"yoast-schema-graph\">{\"@context\":\"https:\/\/schema.org\",\"@graph\":[{\"@type\":\"WebSite\",\"@id\":\"https:\/\/www.loncani.ca\/#website\",\"url\":\"https:\/\/www.loncani.ca\/\",\"name\":\"Loncani\",\"description\":\"Black-Owned Beauty Marketplace\",\"potentialAction\":[{\"@type\":\"SearchAction\",\"target\":{\"@type\":\"EntryPoint\",\"urlTemplate\":\"https:\/\/www.loncani.ca\/?s={search_term_string}\"},\"query-input\":\"required name=search_term_string\"}],\"inLanguage\":\"fr-CA\"},{\"@type\":\"WebPage\",\"@id\":\"https:\/\/www.loncani.ca\/how-it-works\/#webpage\",\"url\":\"https:\/\/www.loncani.ca\/how-it-works\/\",\"name\":\"How It Works for Service Providers & Customers - Loncani\",\"isPartOf\":{\"@id\":\"https:\/\/www.loncani.ca\/#website\"},\"datePublished\":\"2019-12-20T12:08:35+00:00\",\"dateModified\":\"2024-01-09T12:10:19+00:00\",\"description\":\"Service Providers - Sign up to list your black beauty services & products. Customers - Choose from high-quality beauty listings & Book your appointment.\",\"breadcrumb\":{\"@id\":\"https:\/\/www.loncani.ca\/how-it-works\/#breadcrumb\"},\"inLanguage\":\"fr-CA\",\"potentialAction\":[{\"@type\":\"ReadAction\",\"target\":[\"https:\/\/www.loncani.ca\/how-it-works\/\"]}]},{\"@type\":\"BreadcrumbList\",\"@id\":\"https:\/\/www.loncani.ca\/how-it-works\/#breadcrumb\",\"itemListElement\":[{\"@type\":\"ListItem\",\"position\":1,\"name\":\"Home\",\"item\":\"https:\/\/www.loncani.ca\/\"},{\"@type\":\"ListItem\",\"position\":2,\"name\":\"How it works\"}]}]}<\/script>\n<!-- \/ Yoast SEO plugin. -->","yoast_head_json":{"title":"How It Works for Service Providers & Customers - Loncani","description":"Service Providers - Sign up to list your black beauty services & products. Customers - Choose from high-quality beauty listings & Book your appointment.","robots":{"index":"index","follow":"follow","max-snippet":"max-snippet:-1","max-image-preview":"max-image-preview:large","max-video-preview":"max-video-preview:-1"},"canonical":"https:\/\/www.loncani.ca\/how-it-works\/","og_locale":"fr_CA","og_type":"article","og_title":"How It Works for Service Providers & Customers - Loncani","og_description":"Service Providers - Sign up to list your black beauty services & products. Customers - Choose from high-quality beauty listings & Book your appointment.","og_url":"https:\/\/www.loncani.ca\/how-it-works\/","og_site_name":"Loncani","article_modified_time":"2024-01-09T12:10:19+00:00","twitter_card":"summary_large_image","twitter_misc":{"Estimation du temps de lecture":"3 minutes"},"schema":{"@context":"https:\/\/schema.org","@graph":[{"@type":"WebSite","@id":"https:\/\/www.loncani.ca\/#website","url":"https:\/\/www.loncani.ca\/","name":"Loncani","description":"Black-Owned Beauty Marketplace","potentialAction":[{"@type":"SearchAction","target":{"@type":"EntryPoint","urlTemplate":"https:\/\/www.loncani.ca\/?s={search_term_string}"},"query-input":"required name=search_term_string"}],"inLanguage":"fr-CA"},{"@type":"WebPage","@id":"https:\/\/www.loncani.ca\/how-it-works\/#webpage","url":"https:\/\/www.loncani.ca\/how-it-works\/","name":"How It Works for Service Providers & Customers - Loncani","isPartOf":{"@id":"https:\/\/www.loncani.ca\/#website"},"datePublished":"2019-12-20T12:08:35+00:00","dateModified":"2024-01-09T12:10:19+00:00","description":"Service Providers - Sign up to list your black beauty services & products. Customers - Choose from high-quality beauty listings & Book your appointment.","breadcrumb":{"@id":"https:\/\/www.loncani.ca\/how-it-works\/#breadcrumb"},"inLanguage":"fr-CA","potentialAction":[{"@type":"ReadAction","target":["https:\/\/www.loncani.ca\/how-it-works\/"]}]},{"@type":"BreadcrumbList","@id":"https:\/\/www.loncani.ca\/how-it-works\/#breadcrumb","itemListElement":[{"@type":"ListItem","position":1,"name":"Home","item":"https:\/\/www.loncani.ca\/"},{"@type":"ListItem","position":2,"name":"How it works"}]}]}},"_links":{"self":[{"href":"https:\/\/loncani.ca\/fr\/wp-json\/wp\/v2\/pages\/335"}],"collection":[{"href":"https:\/\/loncani.ca\/fr\/wp-json\/wp\/v2\/pages"}],"about":[{"href":"https:\/\/loncani.ca\/fr\/wp-json\/wp\/v2\/types\/page"}],"author":[{"embeddable":true,"href":"https:\/\/loncani.ca\/fr\/wp-json\/wp\/v2\/users\/1"}],"replies":[{"embeddable":true,"href":"https:\/\/loncani.ca\/fr\/wp-json\/wp\/v2\/comments?post=335"}],"version-history":[{"count":7,"href":"https:\/\/loncani.ca\/fr\/wp-json\/wp\/v2\/pages\/335\/revisions"}],"predecessor-version":[{"id":30017,"href":"https:\/\/loncani.ca\/fr\/wp-json\/wp\/v2\/pages\/335\/revisions\/30017"}],"wp:attachment":[{"href":"https:\/\/loncani.ca\/fr\/wp-json\/wp\/v2\/media?parent=335"}],"curies":[{"name":"wp","href":"https:\/\/api.w.org\/{rel}","templated":true}]}}