{"id":5047,"date":"2020-10-20T05:59:32","date_gmt":"2020-10-20T09:59:32","guid":{"rendered":"https:\/\/www.loncani.ca\/updatetheme\/?page_id=5047"},"modified":"2022-11-08T13:56:05","modified_gmt":"2022-11-08T18:56:05","slug":"shipping-delivery","status":"publish","type":"page","link":"https:\/\/loncani.ca\/fr\/expedition-livraison\/","title":{"rendered":"Exp\u00e9dition &amp; Livraison"},"content":{"rendered":"<h3>1. POLITIQUE D&#039;EXP\u00c9DITION ET DE LIVRAISON<\/h3>\n<p>LONCANI est une place de march\u00e9 o\u00f9 vous trouverez de nombreux vendeurs et magasins ind\u00e9pendants. Ainsi, nous n&#039;avons aucun contr\u00f4le sur les politiques d&#039;exp\u00e9dition des fournisseurs, et chaque fournisseur \u00e9tablira sa politique d&#039;exp\u00e9dition et de livraison.<br \/>\nLa politique d&#039;exp\u00e9dition et les d\u00e9tails seront disponibles sur la page de d\u00e9tails de chaque produit. Nous vous recommandons de regarder attentivement l&#039;onglet d&#039;exp\u00e9dition sur la page de chaque produit.<br \/>\nCependant, l&#039;\u00e9quipe LONCANI veillera \u00e0 ce que chaque vendeur et magasin ait clairement d\u00e9fini sa politique d&#039;exp\u00e9dition.<\/p>\n<h3>2. \u00c9TAT ET SUIVI DE LA COMMANDE<\/h3>\n<p>D\u00e8s confirmation du paiement, toutes les commandes seront trait\u00e9es et exp\u00e9di\u00e9es par le vendeur. Un e-mail de confirmation sera envoy\u00e9 pour toutes les commandes une fois re\u00e7ues et exp\u00e9di\u00e9es.<\/p>\n<p>Vous pouvez suivre votre commande dans votre compte sous l&#039;\u00e9tat de la commande. Notez que le num\u00e9ro de suivi ne sera disponible que si le vendeur fournit un num\u00e9ro de suivi une fois votre commande exp\u00e9di\u00e9e.<\/p>\n<p>Une fois la commande exp\u00e9di\u00e9e, un e-mail de confirmation vous sera envoy\u00e9 avec le num\u00e9ro de suivi. Vous pouvez v\u00e9rifier et suivre l'\u00e9tat de livraison de vos commandes aupr\u00e8s du transporteur choisi par le vendeur. Veuillez fournir votre num\u00e9ro de contact sous l'adresse s\u00e9lectionn\u00e9e lors du paiement pour que la compagnie de livraison vous contacte en cas de circonstances impr\u00e9vues.<\/p>\n<p><strong>Livraisons internationales<\/strong><\/p>\n<p>Le temps n\u00e9cessaire pour toutes les livraisons internationales d\u00e9pend de nos partenaires logistiques et de leurs filiales. Cependant, soyez assur\u00e9 que votre commande est en route en toute s\u00e9curit\u00e9, et vous pouvez suivre son statut <b>dans votre compte.\u00a0<\/b><\/p>\n<h3>3. TAXES, DROITS ET TARIFS<\/h3>\n<p>Pour toutes les commandes internationales, vous devez payer toutes les taxes, droits et tarifs d&#039;importation (le cas \u00e9ch\u00e9ant) conform\u00e9ment aux lois en vigueur de votre pays pour le d\u00e9douanement.<\/p>\n<h3>4. MODE DE PAIEMENT<\/h3>\n<p>Nous acceptons les paiements par cartes de cr\u00e9dit et de d\u00e9bit VISA\/MASTER et American Express. Nous n&#039;acceptons pas les paiements via ATM ou virements interbancaires.<\/p>\n<p>&nbsp;<\/p>\n<script>\r\njQuery('.berocket_ww_container').each( function( i, o ) {\r\n    if ( jQuery(o).height() + 20 < jQuery(o).find('.berocket_ww_ul_container').height() && jQuery(o).find('.berocket_ww_show_all').length ) {\r\n        jQuery(o).find('.berocket_ww_show_all').show();\r\n    } else if( ! jQuery(o).find('.berocket_ww_show_all').length ) {\r\n        var $scroll_block = jQuery(o).find('.berocket_ww_list');\r\n        $scroll_block.css( {maxHeight: 'initial'} );\r\n    }\r\n});\r\n<\/script>","protected":false},"excerpt":{"rendered":"<p>1. SHIPPING &amp; DELIVERY POLICY LONCANI is a marketplace where you will find many independent vendors and stores. So, we do not have control over vendors&#8217; shipping policies, and each vendor will set up its shipping and delivery policy. The shipping policy and details will be available on each product&#8217;s details page. We recommend you [&hellip;]<\/p>","protected":false},"author":90,"featured_media":0,"parent":0,"menu_order":0,"comment_status":"closed","ping_status":"closed","template":"","meta":{"pmpro_default_level":0},"yoast_head":"<!-- This site is optimized with the Yoast SEO plugin v18.6 - https:\/\/yoast.com\/wordpress\/plugins\/seo\/ -->\n<title>Know completely about shipping and delivery policy - LONCANI<\/title>\n<meta name=\"description\" content=\"We strive to deliver your orders as quickly and efficiently as possible. All shipping times are listed on the product page, however the LONCANI team will ensure that each vendor &amp; store has clearly defined its shipping policy.\" \/>\n<meta name=\"robots\" content=\"index, follow, max-snippet:-1, max-image-preview:large, max-video-preview:-1\" \/>\n<link rel=\"canonical\" href=\"https:\/\/www.loncani.ca\/en\/shipping-delivery\/\" \/>\n<meta property=\"og:locale\" content=\"fr_CA\" \/>\n<meta property=\"og:type\" content=\"article\" \/>\n<meta property=\"og:title\" content=\"Know completely about shipping and delivery policy - LONCANI\" \/>\n<meta property=\"og:description\" content=\"We strive to deliver your orders as quickly and efficiently as possible. All shipping times are listed on the product page, however the LONCANI team will ensure that each vendor &amp; store has clearly defined its shipping policy.\" \/>\n<meta property=\"og:url\" content=\"https:\/\/www.loncani.ca\/en\/shipping-delivery\/\" \/>\n<meta property=\"og:site_name\" content=\"Loncani\" \/>\n<meta property=\"article:modified_time\" content=\"2022-11-08T18:56:05+00:00\" \/>\n<meta name=\"twitter:card\" content=\"summary_large_image\" \/>\n<meta name=\"twitter:label1\" content=\"Estimation du temps de lecture\" \/>\n\t<meta name=\"twitter:data1\" content=\"2 minutes\" \/>\n<script type=\"application\/ld+json\" class=\"yoast-schema-graph\">{\"@context\":\"https:\/\/schema.org\",\"@graph\":[{\"@type\":\"WebSite\",\"@id\":\"https:\/\/www.loncani.ca\/#website\",\"url\":\"https:\/\/www.loncani.ca\/\",\"name\":\"Loncani\",\"description\":\"Black-Owned Beauty Marketplace\",\"potentialAction\":[{\"@type\":\"SearchAction\",\"target\":{\"@type\":\"EntryPoint\",\"urlTemplate\":\"https:\/\/www.loncani.ca\/?s={search_term_string}\"},\"query-input\":\"required name=search_term_string\"}],\"inLanguage\":\"fr-CA\"},{\"@type\":\"WebPage\",\"@id\":\"https:\/\/www.loncani.ca\/en\/shipping-delivery\/#webpage\",\"url\":\"https:\/\/www.loncani.ca\/en\/shipping-delivery\/\",\"name\":\"Know completely about shipping and delivery policy - LONCANI\",\"isPartOf\":{\"@id\":\"https:\/\/www.loncani.ca\/#website\"},\"datePublished\":\"2020-10-20T09:59:32+00:00\",\"dateModified\":\"2022-11-08T18:56:05+00:00\",\"description\":\"We strive to deliver your orders as quickly and efficiently as possible. All shipping times are listed on the product page, however the LONCANI team will ensure that each vendor & store has clearly defined its shipping policy.\",\"breadcrumb\":{\"@id\":\"https:\/\/www.loncani.ca\/en\/shipping-delivery\/#breadcrumb\"},\"inLanguage\":\"fr-CA\",\"potentialAction\":[{\"@type\":\"ReadAction\",\"target\":[\"https:\/\/www.loncani.ca\/en\/shipping-delivery\/\"]}]},{\"@type\":\"BreadcrumbList\",\"@id\":\"https:\/\/www.loncani.ca\/en\/shipping-delivery\/#breadcrumb\",\"itemListElement\":[{\"@type\":\"ListItem\",\"position\":1,\"name\":\"Home\",\"item\":\"https:\/\/www.loncani.ca\/\"},{\"@type\":\"ListItem\",\"position\":2,\"name\":\"Shipping Delivery\"}]}]}<\/script>\n<!-- \/ Yoast SEO plugin. -->","yoast_head_json":{"title":"Know completely about shipping and delivery policy - LONCANI","description":"We strive to deliver your orders as quickly and efficiently as possible. All shipping times are listed on the product page, however the LONCANI team will ensure that each vendor & store has clearly defined its shipping policy.","robots":{"index":"index","follow":"follow","max-snippet":"max-snippet:-1","max-image-preview":"max-image-preview:large","max-video-preview":"max-video-preview:-1"},"canonical":"https:\/\/www.loncani.ca\/en\/shipping-delivery\/","og_locale":"fr_CA","og_type":"article","og_title":"Know completely about shipping and delivery policy - LONCANI","og_description":"We strive to deliver your orders as quickly and efficiently as possible. All shipping times are listed on the product page, however the LONCANI team will ensure that each vendor & store has clearly defined its shipping policy.","og_url":"https:\/\/www.loncani.ca\/en\/shipping-delivery\/","og_site_name":"Loncani","article_modified_time":"2022-11-08T18:56:05+00:00","twitter_card":"summary_large_image","twitter_misc":{"Estimation du temps de lecture":"2 minutes"},"schema":{"@context":"https:\/\/schema.org","@graph":[{"@type":"WebSite","@id":"https:\/\/www.loncani.ca\/#website","url":"https:\/\/www.loncani.ca\/","name":"Loncani","description":"Black-Owned Beauty Marketplace","potentialAction":[{"@type":"SearchAction","target":{"@type":"EntryPoint","urlTemplate":"https:\/\/www.loncani.ca\/?s={search_term_string}"},"query-input":"required name=search_term_string"}],"inLanguage":"fr-CA"},{"@type":"WebPage","@id":"https:\/\/www.loncani.ca\/en\/shipping-delivery\/#webpage","url":"https:\/\/www.loncani.ca\/en\/shipping-delivery\/","name":"Know completely about shipping and delivery policy - LONCANI","isPartOf":{"@id":"https:\/\/www.loncani.ca\/#website"},"datePublished":"2020-10-20T09:59:32+00:00","dateModified":"2022-11-08T18:56:05+00:00","description":"We strive to deliver your orders as quickly and efficiently as possible. All shipping times are listed on the product page, however the LONCANI team will ensure that each vendor & store has clearly defined its shipping policy.","breadcrumb":{"@id":"https:\/\/www.loncani.ca\/en\/shipping-delivery\/#breadcrumb"},"inLanguage":"fr-CA","potentialAction":[{"@type":"ReadAction","target":["https:\/\/www.loncani.ca\/en\/shipping-delivery\/"]}]},{"@type":"BreadcrumbList","@id":"https:\/\/www.loncani.ca\/en\/shipping-delivery\/#breadcrumb","itemListElement":[{"@type":"ListItem","position":1,"name":"Home","item":"https:\/\/www.loncani.ca\/"},{"@type":"ListItem","position":2,"name":"Shipping Delivery"}]}]}},"_links":{"self":[{"href":"https:\/\/loncani.ca\/fr\/wp-json\/wp\/v2\/pages\/5047"}],"collection":[{"href":"https:\/\/loncani.ca\/fr\/wp-json\/wp\/v2\/pages"}],"about":[{"href":"https:\/\/loncani.ca\/fr\/wp-json\/wp\/v2\/types\/page"}],"author":[{"embeddable":true,"href":"https:\/\/loncani.ca\/fr\/wp-json\/wp\/v2\/users\/90"}],"replies":[{"embeddable":true,"href":"https:\/\/loncani.ca\/fr\/wp-json\/wp\/v2\/comments?post=5047"}],"version-history":[{"count":3,"href":"https:\/\/loncani.ca\/fr\/wp-json\/wp\/v2\/pages\/5047\/revisions"}],"predecessor-version":[{"id":28356,"href":"https:\/\/loncani.ca\/fr\/wp-json\/wp\/v2\/pages\/5047\/revisions\/28356"}],"wp:attachment":[{"href":"https:\/\/loncani.ca\/fr\/wp-json\/wp\/v2\/media?parent=5047"}],"curies":[{"name":"wp","href":"https:\/\/api.w.org\/{rel}","templated":true}]}}