{"id":28896,"date":"2022-12-01T22:42:10","date_gmt":"2022-12-02T03:42:10","guid":{"rendered":"https:\/\/www.loncani.ca\/updatetheme\/fr\/boutique\/non%20cat\u00e9goris\u00e9\/bougie-de-massage-khona-roots\/"},"modified":"2023-05-09T22:44:29","modified_gmt":"2023-05-10T02:44:29","slug":"bougie-de-massage-khona-roots","status":"publish","type":"product","link":"https:\/\/loncani.ca\/fr\/shop\/beaute-et-sante\/bougie-de-massage-khona-roots\/","title":{"rendered":"RACINES KHONA"},"content":{"rendered":"<p>Lavande \u2013 Reconnue pour ses propri\u00e9t\u00e9s calmantes, r\u00e9g\u00e9n\u00e9ratrices et gu\u00e9rissantes<\/p>\n<p>insomnie, agitation, stresse, anxi\u00e9t\u00e9, piqures d&#039;insectes, urticaire<\/p>\n<p>Bois de Santal reconnu pour ses propri\u00e9t\u00e9s stabilisatrices et r\u00e9g\u00e9n\u00e9ratrices<\/p>\n<p>soins des plaies et infections cutan\u00e9es. D\u00e9pression et s\u00e9rotonine et dopamine basse.<\/p>\n<p>D&#039;antan il \u00e9tait utilis\u00e9 dans les pratiques religieuses et spirituelles<\/p>\n<p>F\u00e8ve de Tonka reconnue pour apaiser les douleurs et un bon calmant. Ar\u00f4me vanill\u00e9<\/p>\n<script>\r\njQuery('.berocket_ww_container').each( function( i, o ) {\r\n    if ( jQuery(o).height() + 20 < jQuery(o).find('.berocket_ww_ul_container').height() && jQuery(o).find('.berocket_ww_show_all').length ) {\r\n        jQuery(o).find('.berocket_ww_show_all').show();\r\n    } else if( ! jQuery(o).find('.berocket_ww_show_all').length ) {\r\n        var $scroll_block = jQuery(o).find('.berocket_ww_list');\r\n        $scroll_block.css( {maxHeight: 'initial'} );\r\n    }\r\n});\r\n<\/script>","protected":false},"excerpt":{"rendered":"<p>BOUGIE DE MASSAGE \u2013 CIRE DE SOYA DE BEURRE DE KARIT\u00c9 ET VITAMINE E. LAVANDE BOIS\u00c9E, BOIS DE SANTAL DU D\u00c9SERT ET F\u00c8VE DE TONKA \u00c9PIC\u00c9. DONNANT UN BEL AR\u00d4ME UNIQUE DES CARA\u00cfBES<\/p>","protected":false},"featured_media":29385,"comment_status":"open","ping_status":"closed","template":"","meta":{"pmpro_default_level":0},"product_cat":[161],"product_tag":[1922,1919,1921,1920],"yoast_head":"<!-- This site is optimized with the Yoast SEO plugin v18.6 - https:\/\/yoast.com\/wordpress\/plugins\/seo\/ -->\n<title>KHONA ROOTS - Loncani<\/title>\n<meta name=\"robots\" content=\"index, follow, max-snippet:-1, max-image-preview:large, max-video-preview:-1\" \/>\n<link rel=\"canonical\" href=\"https:\/\/www.loncani.ca\/en\/shop\/beauty-health\/bougie-de-massage-khona-roots\/\" \/>\n<meta property=\"og:locale\" content=\"fr_CA\" \/>\n<meta property=\"og:type\" content=\"article\" \/>\n<meta property=\"og:title\" content=\"KHONA ROOTS - Loncani\" \/>\n<meta property=\"og:description\" content=\"BOUGIE DE MASSAGE - CIRE DE SOYA DE BEURRE DE KARIT\u00c9 ET VITAMINE E. LAVANDE BOIS\u00c9E, BOIS DE SANTAL DU D\u00c9SERT ET F\u00c8VE DE TONKA \u00c9PIC\u00c9. DONNANT UN BEL AR\u00d4ME UNIQUE DES CARA\u00cfBES\" \/>\n<meta property=\"og:url\" content=\"https:\/\/www.loncani.ca\/en\/shop\/beauty-health\/bougie-de-massage-khona-roots\/\" \/>\n<meta property=\"og:site_name\" content=\"Loncani\" \/>\n<meta property=\"article:modified_time\" content=\"2023-05-10T02:44:29+00:00\" \/>\n<meta property=\"og:image\" content=\"https:\/\/www.loncani.ca\/wp-content\/uploads\/2023\/01\/2022-09-29-02_06_43-PowerPoint-Slide-Show-Presentation1-1.png\" \/>\n\t<meta property=\"og:image:width\" content=\"1918\" \/>\n\t<meta property=\"og:image:height\" content=\"1080\" \/>\n\t<meta property=\"og:image:type\" content=\"image\/png\" \/>\n<meta name=\"twitter:card\" content=\"summary_large_image\" \/>\n<script type=\"application\/ld+json\" class=\"yoast-schema-graph\">{\"@context\":\"https:\/\/schema.org\",\"@graph\":[{\"@type\":\"WebSite\",\"@id\":\"https:\/\/www.loncani.ca\/#website\",\"url\":\"https:\/\/www.loncani.ca\/\",\"name\":\"Loncani\",\"description\":\"Black-Owned Beauty Marketplace\",\"potentialAction\":[{\"@type\":\"SearchAction\",\"target\":{\"@type\":\"EntryPoint\",\"urlTemplate\":\"https:\/\/www.loncani.ca\/?s={search_term_string}\"},\"query-input\":\"required name=search_term_string\"}],\"inLanguage\":\"fr-CA\"},{\"@type\":\"ImageObject\",\"@id\":\"https:\/\/www.loncani.ca\/en\/shop\/beauty-health\/bougie-de-massage-khona-roots\/#primaryimage\",\"inLanguage\":\"fr-CA\",\"url\":\"https:\/\/loncani.ca\/wp-content\/uploads\/2023\/01\/2022-09-29-02_06_43-PowerPoint-Slide-Show-Presentation1-1.png\",\"contentUrl\":\"https:\/\/loncani.ca\/wp-content\/uploads\/2023\/01\/2022-09-29-02_06_43-PowerPoint-Slide-Show-Presentation1-1.png\",\"width\":1918,\"height\":1080},{\"@type\":\"WebPage\",\"@id\":\"https:\/\/www.loncani.ca\/en\/shop\/beauty-health\/bougie-de-massage-khona-roots\/#webpage\",\"url\":\"https:\/\/www.loncani.ca\/en\/shop\/beauty-health\/bougie-de-massage-khona-roots\/\",\"name\":\"KHONA ROOTS - Loncani\",\"isPartOf\":{\"@id\":\"https:\/\/www.loncani.ca\/#website\"},\"primaryImageOfPage\":{\"@id\":\"https:\/\/www.loncani.ca\/en\/shop\/beauty-health\/bougie-de-massage-khona-roots\/#primaryimage\"},\"datePublished\":\"2022-12-02T03:42:10+00:00\",\"dateModified\":\"2023-05-10T02:44:29+00:00\",\"breadcrumb\":{\"@id\":\"https:\/\/www.loncani.ca\/en\/shop\/beauty-health\/bougie-de-massage-khona-roots\/#breadcrumb\"},\"inLanguage\":\"fr-CA\",\"potentialAction\":[{\"@type\":\"ReadAction\",\"target\":[\"https:\/\/www.loncani.ca\/en\/shop\/beauty-health\/bougie-de-massage-khona-roots\/\"]}]},{\"@type\":\"BreadcrumbList\",\"@id\":\"https:\/\/www.loncani.ca\/en\/shop\/beauty-health\/bougie-de-massage-khona-roots\/#breadcrumb\",\"itemListElement\":[{\"@type\":\"ListItem\",\"position\":1,\"name\":\"Home\",\"item\":\"https:\/\/www.loncani.ca\/\"},{\"@type\":\"ListItem\",\"position\":2,\"name\":\"Shop\",\"item\":\"https:\/\/www.loncani.ca\/en\/shop\/\"},{\"@type\":\"ListItem\",\"position\":3,\"name\":\"KHONA ROOTS\"}]}]}<\/script>\n<!-- \/ Yoast SEO plugin. -->","yoast_head_json":{"title":"KHONA ROOTS - Loncani","robots":{"index":"index","follow":"follow","max-snippet":"max-snippet:-1","max-image-preview":"max-image-preview:large","max-video-preview":"max-video-preview:-1"},"canonical":"https:\/\/www.loncani.ca\/en\/shop\/beauty-health\/bougie-de-massage-khona-roots\/","og_locale":"fr_CA","og_type":"article","og_title":"KHONA ROOTS - Loncani","og_description":"BOUGIE DE MASSAGE - CIRE DE SOYA DE BEURRE DE KARIT\u00c9 ET VITAMINE E. LAVANDE BOIS\u00c9E, BOIS DE SANTAL DU D\u00c9SERT ET F\u00c8VE DE TONKA \u00c9PIC\u00c9. DONNANT UN BEL AR\u00d4ME UNIQUE DES CARA\u00cfBES","og_url":"https:\/\/www.loncani.ca\/en\/shop\/beauty-health\/bougie-de-massage-khona-roots\/","og_site_name":"Loncani","article_modified_time":"2023-05-10T02:44:29+00:00","og_image":[{"width":1918,"height":1080,"url":"https:\/\/www.loncani.ca\/wp-content\/uploads\/2023\/01\/2022-09-29-02_06_43-PowerPoint-Slide-Show-Presentation1-1.png","type":"image\/png"}],"twitter_card":"summary_large_image","schema":{"@context":"https:\/\/schema.org","@graph":[{"@type":"WebSite","@id":"https:\/\/www.loncani.ca\/#website","url":"https:\/\/www.loncani.ca\/","name":"Loncani","description":"Black-Owned Beauty Marketplace","potentialAction":[{"@type":"SearchAction","target":{"@type":"EntryPoint","urlTemplate":"https:\/\/www.loncani.ca\/?s={search_term_string}"},"query-input":"required name=search_term_string"}],"inLanguage":"fr-CA"},{"@type":"ImageObject","@id":"https:\/\/www.loncani.ca\/en\/shop\/beauty-health\/bougie-de-massage-khona-roots\/#primaryimage","inLanguage":"fr-CA","url":"https:\/\/loncani.ca\/wp-content\/uploads\/2023\/01\/2022-09-29-02_06_43-PowerPoint-Slide-Show-Presentation1-1.png","contentUrl":"https:\/\/loncani.ca\/wp-content\/uploads\/2023\/01\/2022-09-29-02_06_43-PowerPoint-Slide-Show-Presentation1-1.png","width":1918,"height":1080},{"@type":"WebPage","@id":"https:\/\/www.loncani.ca\/en\/shop\/beauty-health\/bougie-de-massage-khona-roots\/#webpage","url":"https:\/\/www.loncani.ca\/en\/shop\/beauty-health\/bougie-de-massage-khona-roots\/","name":"KHONA ROOTS - Loncani","isPartOf":{"@id":"https:\/\/www.loncani.ca\/#website"},"primaryImageOfPage":{"@id":"https:\/\/www.loncani.ca\/en\/shop\/beauty-health\/bougie-de-massage-khona-roots\/#primaryimage"},"datePublished":"2022-12-02T03:42:10+00:00","dateModified":"2023-05-10T02:44:29+00:00","breadcrumb":{"@id":"https:\/\/www.loncani.ca\/en\/shop\/beauty-health\/bougie-de-massage-khona-roots\/#breadcrumb"},"inLanguage":"fr-CA","potentialAction":[{"@type":"ReadAction","target":["https:\/\/www.loncani.ca\/en\/shop\/beauty-health\/bougie-de-massage-khona-roots\/"]}]},{"@type":"BreadcrumbList","@id":"https:\/\/www.loncani.ca\/en\/shop\/beauty-health\/bougie-de-massage-khona-roots\/#breadcrumb","itemListElement":[{"@type":"ListItem","position":1,"name":"Home","item":"https:\/\/www.loncani.ca\/"},{"@type":"ListItem","position":2,"name":"Shop","item":"https:\/\/www.loncani.ca\/en\/shop\/"},{"@type":"ListItem","position":3,"name":"KHONA ROOTS"}]}]}},"_links":{"self":[{"href":"https:\/\/loncani.ca\/fr\/wp-json\/wp\/v2\/product\/28896"}],"collection":[{"href":"https:\/\/loncani.ca\/fr\/wp-json\/wp\/v2\/product"}],"about":[{"href":"https:\/\/loncani.ca\/fr\/wp-json\/wp\/v2\/types\/product"}],"replies":[{"embeddable":true,"href":"https:\/\/loncani.ca\/fr\/wp-json\/wp\/v2\/comments?post=28896"}],"wp:featuredmedia":[{"embeddable":true,"href":"https:\/\/loncani.ca\/fr\/wp-json\/wp\/v2\/media\/29385"}],"wp:attachment":[{"href":"https:\/\/loncani.ca\/fr\/wp-json\/wp\/v2\/media?parent=28896"}],"wp:term":[{"taxonomy":"product_cat","embeddable":true,"href":"https:\/\/loncani.ca\/fr\/wp-json\/wp\/v2\/product_cat?post=28896"},{"taxonomy":"product_tag","embeddable":true,"href":"https:\/\/loncani.ca\/fr\/wp-json\/wp\/v2\/product_tag?post=28896"}],"curies":[{"name":"wp","href":"https:\/\/api.w.org\/{rel}","templated":true}]}}