{"id":29213,"date":"2022-12-20T14:11:54","date_gmt":"2022-12-20T19:11:54","guid":{"rendered":"https:\/\/www.loncani.ca\/updatetheme\/en\/shop\/uncategorized\/idenka\/"},"modified":"2023-01-19T00:54:33","modified_gmt":"2023-01-19T05:54:33","slug":"idenka","status":"publish","type":"product","link":"https:\/\/loncani.ca\/fr\/shop\/se-maquiller\/makeup-tools\/idenka-2\/","title":{"rendered":"IDENKA"},"content":{"rendered":"<div class=\"ProductMeta__Description\" style=\"margin: 24px 0px; padding-top: 0px; border-top: none; color: #000000; font-family: 'Century Gothic', sans-serif; font-size: 15px;\">\n<div class=\"Rte\">\n<div class=\"message-wrapper\">\n<div id=\"62013abb98003d0059c7d554\" class=\"message\">\n<div class=\"message-content\">\n<div>\n<div>\n<p class=\"message-body\" style=\"margin-top: 0px; font-size: inherit; font-weight: inherit; margin-bottom: 0px;\"><span style=\"vertical-align: inherit;\">100 % vrais cils 3D en vison, bande de coton noir doux de 10 \u00e0 18 mm, bande invisible transparente, qualit\u00e9 sup\u00e9rieure, doux, v\u00e9g\u00e9talien, l\u00e9ger, facile \u00e0 appliquer et \u00e0 enlever, imperm\u00e9able, magn\u00e9tique puissant, r\u00e9sultats instantan\u00e9s lisses et confortables, plus longs, plus \u00e9pais, volumineux. , Formule douce et s\u00fbre R\u00e9utilisable plus de 30 fois.<\/span><\/p>\n<\/div>\n<\/div>\n<\/div>\n<\/div>\n<\/div>\n<\/div>\n<div class=\"ProductMeta__ShareButtons hidden-pocket\" style=\"align-items: center; margin: 18px 0px 2px;\">\n<div class=\"ProductMeta__ShareList Text--subdued\" style=\"font-size: 0px;\"><\/div>\n<\/div>\n<\/div>\n<script>\r\njQuery('.berocket_ww_container').each( function( i, o ) {\r\n    if ( jQuery(o).height() + 20 < jQuery(o).find('.berocket_ww_ul_container').height() && jQuery(o).find('.berocket_ww_show_all').length ) {\r\n        jQuery(o).find('.berocket_ww_show_all').show();\r\n    } else if( ! jQuery(o).find('.berocket_ww_show_all').length ) {\r\n        var $scroll_block = jQuery(o).find('.berocket_ww_list');\r\n        $scroll_block.css( {maxHeight: 'initial'} );\r\n    }\r\n});\r\n<\/script>","protected":false},"excerpt":{"rendered":"<p>#Distingu\u00e9, voluptueux et charmeur. Idenka est celle qui s\u00e9duit au premier regard. Ses courbes, qui s&#039;intensifient progressivement, lui donne un look #F\u00e9lin qui captivera m\u00eame les plus sceptiques : Envie de s\u00e9duire, Idenka est la vraie #Deal !<\/p>","protected":false},"featured_media":29612,"comment_status":"open","ping_status":"closed","template":"","meta":{"pmpro_default_level":0},"product_cat":[165,1935,162,163],"product_tag":[],"yoast_head":"<!-- This site is optimized with the Yoast SEO plugin v18.6 - https:\/\/yoast.com\/wordpress\/plugins\/seo\/ -->\n<title>IDENKA - Loncani<\/title>\n<meta name=\"robots\" content=\"index, follow, max-snippet:-1, max-image-preview:large, max-video-preview:-1\" \/>\n<link rel=\"canonical\" href=\"https:\/\/www.loncani.ca\/en\/shop\/makeup\/makeup-tools\/idenka\/\" \/>\n<meta property=\"og:locale\" content=\"fr_CA\" \/>\n<meta property=\"og:type\" content=\"article\" \/>\n<meta property=\"og:title\" content=\"IDENKA - Loncani\" \/>\n<meta property=\"og:description\" content=\"#Distingu\u00e9, voluptueux et charmeur. Idenka est celle qui s\u00e9duit au premier regard. Ses courbes, qui s&#039;intensifient progressivement, lui donne un look #F\u00e9lin qui captivera m\u00eame les plus sceptiques : Envie de s\u00e9duire, Idenka est la vraie #Deal !\" \/>\n<meta property=\"og:url\" content=\"https:\/\/www.loncani.ca\/en\/shop\/makeup\/makeup-tools\/idenka\/\" \/>\n<meta property=\"og:site_name\" content=\"Loncani\" \/>\n<meta property=\"article:modified_time\" content=\"2023-01-19T05:54:33+00:00\" \/>\n<meta property=\"og:image\" content=\"https:\/\/www.loncani.ca\/wp-content\/uploads\/2023\/05\/Idenka-1.png\" \/>\n\t<meta property=\"og:image:width\" content=\"443\" \/>\n\t<meta property=\"og:image:height\" content=\"564\" \/>\n\t<meta property=\"og:image:type\" content=\"image\/png\" \/>\n<meta name=\"twitter:card\" content=\"summary_large_image\" \/>\n<meta name=\"twitter:label1\" content=\"Estimation du temps de lecture\" \/>\n\t<meta name=\"twitter:data1\" content=\"1 minute\" \/>\n<script type=\"application\/ld+json\" class=\"yoast-schema-graph\">{\"@context\":\"https:\/\/schema.org\",\"@graph\":[{\"@type\":\"WebSite\",\"@id\":\"https:\/\/www.loncani.ca\/#website\",\"url\":\"https:\/\/www.loncani.ca\/\",\"name\":\"Loncani\",\"description\":\"Black-Owned Beauty Marketplace\",\"potentialAction\":[{\"@type\":\"SearchAction\",\"target\":{\"@type\":\"EntryPoint\",\"urlTemplate\":\"https:\/\/www.loncani.ca\/?s={search_term_string}\"},\"query-input\":\"required name=search_term_string\"}],\"inLanguage\":\"fr-CA\"},{\"@type\":\"ImageObject\",\"@id\":\"https:\/\/www.loncani.ca\/en\/shop\/makeup\/makeup-tools\/idenka\/#primaryimage\",\"inLanguage\":\"fr-CA\",\"url\":\"https:\/\/loncani.ca\/wp-content\/uploads\/2023\/05\/Idenka-1.png\",\"contentUrl\":\"https:\/\/loncani.ca\/wp-content\/uploads\/2023\/05\/Idenka-1.png\",\"width\":443,\"height\":564},{\"@type\":\"WebPage\",\"@id\":\"https:\/\/www.loncani.ca\/en\/shop\/makeup\/makeup-tools\/idenka\/#webpage\",\"url\":\"https:\/\/www.loncani.ca\/en\/shop\/makeup\/makeup-tools\/idenka\/\",\"name\":\"IDENKA - Loncani\",\"isPartOf\":{\"@id\":\"https:\/\/www.loncani.ca\/#website\"},\"primaryImageOfPage\":{\"@id\":\"https:\/\/www.loncani.ca\/en\/shop\/makeup\/makeup-tools\/idenka\/#primaryimage\"},\"datePublished\":\"2022-12-20T19:11:54+00:00\",\"dateModified\":\"2023-01-19T05:54:33+00:00\",\"breadcrumb\":{\"@id\":\"https:\/\/www.loncani.ca\/en\/shop\/makeup\/makeup-tools\/idenka\/#breadcrumb\"},\"inLanguage\":\"fr-CA\",\"potentialAction\":[{\"@type\":\"ReadAction\",\"target\":[\"https:\/\/www.loncani.ca\/en\/shop\/makeup\/makeup-tools\/idenka\/\"]}]},{\"@type\":\"BreadcrumbList\",\"@id\":\"https:\/\/www.loncani.ca\/en\/shop\/makeup\/makeup-tools\/idenka\/#breadcrumb\",\"itemListElement\":[{\"@type\":\"ListItem\",\"position\":1,\"name\":\"Home\",\"item\":\"https:\/\/www.loncani.ca\/\"},{\"@type\":\"ListItem\",\"position\":2,\"name\":\"Shop\",\"item\":\"https:\/\/www.loncani.ca\/en\/shop\/\"},{\"@type\":\"ListItem\",\"position\":3,\"name\":\"IDENKA\"}]}]}<\/script>\n<!-- \/ Yoast SEO plugin. -->","yoast_head_json":{"title":"IDENKA - Loncani","robots":{"index":"index","follow":"follow","max-snippet":"max-snippet:-1","max-image-preview":"max-image-preview:large","max-video-preview":"max-video-preview:-1"},"canonical":"https:\/\/www.loncani.ca\/en\/shop\/makeup\/makeup-tools\/idenka\/","og_locale":"fr_CA","og_type":"article","og_title":"IDENKA - Loncani","og_description":"#Distingu\u00e9, voluptueux et charmeur. Idenka est celle qui s\u00e9duit au premier regard. Ses courbes, qui s'intensifient progressivement, lui donne un look #F\u00e9lin qui captivera m\u00eame les plus sceptiques : Envie de s\u00e9duire, Idenka est la vraie #Deal !","og_url":"https:\/\/www.loncani.ca\/en\/shop\/makeup\/makeup-tools\/idenka\/","og_site_name":"Loncani","article_modified_time":"2023-01-19T05:54:33+00:00","og_image":[{"width":443,"height":564,"url":"https:\/\/www.loncani.ca\/wp-content\/uploads\/2023\/05\/Idenka-1.png","type":"image\/png"}],"twitter_card":"summary_large_image","twitter_misc":{"Estimation du temps de lecture":"1 minute"},"schema":{"@context":"https:\/\/schema.org","@graph":[{"@type":"WebSite","@id":"https:\/\/www.loncani.ca\/#website","url":"https:\/\/www.loncani.ca\/","name":"Loncani","description":"Black-Owned Beauty Marketplace","potentialAction":[{"@type":"SearchAction","target":{"@type":"EntryPoint","urlTemplate":"https:\/\/www.loncani.ca\/?s={search_term_string}"},"query-input":"required name=search_term_string"}],"inLanguage":"fr-CA"},{"@type":"ImageObject","@id":"https:\/\/www.loncani.ca\/en\/shop\/makeup\/makeup-tools\/idenka\/#primaryimage","inLanguage":"fr-CA","url":"https:\/\/loncani.ca\/wp-content\/uploads\/2023\/05\/Idenka-1.png","contentUrl":"https:\/\/loncani.ca\/wp-content\/uploads\/2023\/05\/Idenka-1.png","width":443,"height":564},{"@type":"WebPage","@id":"https:\/\/www.loncani.ca\/en\/shop\/makeup\/makeup-tools\/idenka\/#webpage","url":"https:\/\/www.loncani.ca\/en\/shop\/makeup\/makeup-tools\/idenka\/","name":"IDENKA - Loncani","isPartOf":{"@id":"https:\/\/www.loncani.ca\/#website"},"primaryImageOfPage":{"@id":"https:\/\/www.loncani.ca\/en\/shop\/makeup\/makeup-tools\/idenka\/#primaryimage"},"datePublished":"2022-12-20T19:11:54+00:00","dateModified":"2023-01-19T05:54:33+00:00","breadcrumb":{"@id":"https:\/\/www.loncani.ca\/en\/shop\/makeup\/makeup-tools\/idenka\/#breadcrumb"},"inLanguage":"fr-CA","potentialAction":[{"@type":"ReadAction","target":["https:\/\/www.loncani.ca\/en\/shop\/makeup\/makeup-tools\/idenka\/"]}]},{"@type":"BreadcrumbList","@id":"https:\/\/www.loncani.ca\/en\/shop\/makeup\/makeup-tools\/idenka\/#breadcrumb","itemListElement":[{"@type":"ListItem","position":1,"name":"Home","item":"https:\/\/www.loncani.ca\/"},{"@type":"ListItem","position":2,"name":"Shop","item":"https:\/\/www.loncani.ca\/en\/shop\/"},{"@type":"ListItem","position":3,"name":"IDENKA"}]}]}},"_links":{"self":[{"href":"https:\/\/loncani.ca\/fr\/wp-json\/wp\/v2\/product\/29213"}],"collection":[{"href":"https:\/\/loncani.ca\/fr\/wp-json\/wp\/v2\/product"}],"about":[{"href":"https:\/\/loncani.ca\/fr\/wp-json\/wp\/v2\/types\/product"}],"replies":[{"embeddable":true,"href":"https:\/\/loncani.ca\/fr\/wp-json\/wp\/v2\/comments?post=29213"}],"wp:featuredmedia":[{"embeddable":true,"href":"https:\/\/loncani.ca\/fr\/wp-json\/wp\/v2\/media\/29612"}],"wp:attachment":[{"href":"https:\/\/loncani.ca\/fr\/wp-json\/wp\/v2\/media?parent=29213"}],"wp:term":[{"taxonomy":"product_cat","embeddable":true,"href":"https:\/\/loncani.ca\/fr\/wp-json\/wp\/v2\/product_cat?post=29213"},{"taxonomy":"product_tag","embeddable":true,"href":"https:\/\/loncani.ca\/fr\/wp-json\/wp\/v2\/product_tag?post=29213"}],"curies":[{"name":"wp","href":"https:\/\/api.w.org\/{rel}","templated":true}]}}