{"id":29221,"date":"2022-12-20T14:17:59","date_gmt":"2022-12-20T19:17:59","guid":{"rendered":"https:\/\/www.loncani.ca\/updatetheme\/en\/shop\/uncategorized\/keke\/"},"modified":"2023-08-07T21:29:00","modified_gmt":"2023-08-08T01:29:00","slug":"keke","status":"publish","type":"product","link":"https:\/\/loncani.ca\/fr\/shop\/se-maquiller\/makeup-tools\/keke\/","title":{"rendered":"KEKE (cils Naturel)"},"content":{"rendered":"<p><span style=\"color: #000000; font-family: 'Century Gothic', sans-serif; font-size: 15px;\">100% vrais cils 3D en vison, bande de coton noir doux de 15 \u00e0 25 mm, bande transparente invisible, qualit\u00e9 sup\u00e9rieure, doux, v\u00e9g\u00e9talien, l\u00e9ger, facile \u00e0 appliquer et \u00e0 enlever, \u00e9tanche, magn\u00e9tique puissant, r\u00e9sultats instantan\u00e9s lisses et confortables, plus longs, plus \u00e9pais, volumineux , Formule douce et s\u00fbre R\u00e9utilisable plus de 30 fois.<\/span><\/p>\n<script>\r\njQuery('.berocket_ww_container').each( function( i, o ) {\r\n    if ( jQuery(o).height() + 20 < jQuery(o).find('.berocket_ww_ul_container').height() && jQuery(o).find('.berocket_ww_show_all').length ) {\r\n        jQuery(o).find('.berocket_ww_show_all').show();\r\n    } else if( ! jQuery(o).find('.berocket_ww_show_all').length ) {\r\n        var $scroll_block = jQuery(o).find('.berocket_ww_list');\r\n        $scroll_block.css( {maxHeight: 'initial'} );\r\n    }\r\n});\r\n<\/script>","protected":false},"excerpt":{"rendered":"<p>#Esprit Libre, #Artistique et #Glamour dans l&#039;\u00e2me. Keke est tout oui et rien non. Tout simplement #Stuning. Un regard persistant et \u00e9clair. Concevoir pour \u00eatre vu et #M\u00e9moriser dans n&#039;importe quel subconscient. Ils vous remarqueront et se souviendront de vous : c&#039;est l&#039;effet Keke !<\/p>","protected":false},"featured_media":29611,"comment_status":"open","ping_status":"closed","template":"","meta":{"pmpro_default_level":0},"product_cat":[165,1935,162,163],"product_tag":[1940,1934],"yoast_head":"<!-- This site is optimized with the Yoast SEO plugin v18.6 - https:\/\/yoast.com\/wordpress\/plugins\/seo\/ -->\n<title>KEKE (cils Naturel) - Loncani<\/title>\n<meta name=\"robots\" content=\"index, follow, max-snippet:-1, max-image-preview:large, max-video-preview:-1\" \/>\n<link rel=\"canonical\" href=\"https:\/\/www.loncani.ca\/en\/shop\/makeup\/makeup-tools\/keke\/\" \/>\n<meta property=\"og:locale\" content=\"fr_CA\" \/>\n<meta property=\"og:type\" content=\"article\" \/>\n<meta property=\"og:title\" content=\"KEKE (cils Naturel) - Loncani\" \/>\n<meta property=\"og:description\" content=\"#Esprit Libre, #Artistique et #Glamour dans l&#039;\u00e2me. Keke est tout oui et rien non. Tout simplement #Stuning. Un look persistant et \u00e9clair. Concevoir pour \u00eatre vu et #M\u00e9moriser dans n&#039;importe quel subconscient. Ils vous remarqueront et se souviendront de vous : c&#039;est l&#039;effet Keke !\" \/>\n<meta property=\"og:url\" content=\"https:\/\/www.loncani.ca\/en\/shop\/makeup\/makeup-tools\/keke\/\" \/>\n<meta property=\"og:site_name\" content=\"Loncani\" \/>\n<meta property=\"article:modified_time\" content=\"2023-08-08T01:29:00+00:00\" \/>\n<meta property=\"og:image\" content=\"https:\/\/www.loncani.ca\/wp-content\/uploads\/2023\/05\/keke-1.png\" \/>\n\t<meta property=\"og:image:width\" content=\"443\" \/>\n\t<meta property=\"og:image:height\" content=\"564\" \/>\n\t<meta property=\"og:image:type\" content=\"image\/png\" \/>\n<meta name=\"twitter:card\" content=\"summary_large_image\" \/>\n<meta name=\"twitter:label1\" content=\"Estimation du temps de lecture\" \/>\n\t<meta name=\"twitter:data1\" content=\"1 minute\" \/>\n<script type=\"application\/ld+json\" class=\"yoast-schema-graph\">{\"@context\":\"https:\/\/schema.org\",\"@graph\":[{\"@type\":\"WebSite\",\"@id\":\"https:\/\/www.loncani.ca\/#website\",\"url\":\"https:\/\/www.loncani.ca\/\",\"name\":\"Loncani\",\"description\":\"Black-Owned Beauty Marketplace\",\"potentialAction\":[{\"@type\":\"SearchAction\",\"target\":{\"@type\":\"EntryPoint\",\"urlTemplate\":\"https:\/\/www.loncani.ca\/?s={search_term_string}\"},\"query-input\":\"required name=search_term_string\"}],\"inLanguage\":\"fr-CA\"},{\"@type\":\"ImageObject\",\"@id\":\"https:\/\/www.loncani.ca\/en\/shop\/makeup\/makeup-tools\/keke\/#primaryimage\",\"inLanguage\":\"fr-CA\",\"url\":\"https:\/\/loncani.ca\/wp-content\/uploads\/2023\/05\/keke-1.png\",\"contentUrl\":\"https:\/\/loncani.ca\/wp-content\/uploads\/2023\/05\/keke-1.png\",\"width\":443,\"height\":564},{\"@type\":\"WebPage\",\"@id\":\"https:\/\/www.loncani.ca\/en\/shop\/makeup\/makeup-tools\/keke\/#webpage\",\"url\":\"https:\/\/www.loncani.ca\/en\/shop\/makeup\/makeup-tools\/keke\/\",\"name\":\"KEKE (cils Naturel) - Loncani\",\"isPartOf\":{\"@id\":\"https:\/\/www.loncani.ca\/#website\"},\"primaryImageOfPage\":{\"@id\":\"https:\/\/www.loncani.ca\/en\/shop\/makeup\/makeup-tools\/keke\/#primaryimage\"},\"datePublished\":\"2022-12-20T19:17:59+00:00\",\"dateModified\":\"2023-08-08T01:29:00+00:00\",\"breadcrumb\":{\"@id\":\"https:\/\/www.loncani.ca\/en\/shop\/makeup\/makeup-tools\/keke\/#breadcrumb\"},\"inLanguage\":\"fr-CA\",\"potentialAction\":[{\"@type\":\"ReadAction\",\"target\":[\"https:\/\/www.loncani.ca\/en\/shop\/makeup\/makeup-tools\/keke\/\"]}]},{\"@type\":\"BreadcrumbList\",\"@id\":\"https:\/\/www.loncani.ca\/en\/shop\/makeup\/makeup-tools\/keke\/#breadcrumb\",\"itemListElement\":[{\"@type\":\"ListItem\",\"position\":1,\"name\":\"Home\",\"item\":\"https:\/\/www.loncani.ca\/\"},{\"@type\":\"ListItem\",\"position\":2,\"name\":\"Shop\",\"item\":\"https:\/\/www.loncani.ca\/en\/shop\/\"},{\"@type\":\"ListItem\",\"position\":3,\"name\":\"KEKE (cils Naturel)\"}]}]}<\/script>\n<!-- \/ Yoast SEO plugin. -->","yoast_head_json":{"title":"KEKE (cils Naturel) - Loncani","robots":{"index":"index","follow":"follow","max-snippet":"max-snippet:-1","max-image-preview":"max-image-preview:large","max-video-preview":"max-video-preview:-1"},"canonical":"https:\/\/www.loncani.ca\/en\/shop\/makeup\/makeup-tools\/keke\/","og_locale":"fr_CA","og_type":"article","og_title":"KEKE (cils Naturel) - Loncani","og_description":"#Esprit Libre, #Artistique et #Glamour dans l'\u00e2me. Keke est tout oui et rien non. Tout simplement #Stuning. Un look persistant et \u00e9clair. Concevoir pour \u00eatre vu et #M\u00e9moriser dans n'importe quel subconscient. Ils vous remarqueront et se souviendront de vous : c'est l'effet Keke !","og_url":"https:\/\/www.loncani.ca\/en\/shop\/makeup\/makeup-tools\/keke\/","og_site_name":"Loncani","article_modified_time":"2023-08-08T01:29:00+00:00","og_image":[{"width":443,"height":564,"url":"https:\/\/www.loncani.ca\/wp-content\/uploads\/2023\/05\/keke-1.png","type":"image\/png"}],"twitter_card":"summary_large_image","twitter_misc":{"Estimation du temps de lecture":"1 minute"},"schema":{"@context":"https:\/\/schema.org","@graph":[{"@type":"WebSite","@id":"https:\/\/www.loncani.ca\/#website","url":"https:\/\/www.loncani.ca\/","name":"Loncani","description":"Black-Owned Beauty Marketplace","potentialAction":[{"@type":"SearchAction","target":{"@type":"EntryPoint","urlTemplate":"https:\/\/www.loncani.ca\/?s={search_term_string}"},"query-input":"required name=search_term_string"}],"inLanguage":"fr-CA"},{"@type":"ImageObject","@id":"https:\/\/www.loncani.ca\/en\/shop\/makeup\/makeup-tools\/keke\/#primaryimage","inLanguage":"fr-CA","url":"https:\/\/loncani.ca\/wp-content\/uploads\/2023\/05\/keke-1.png","contentUrl":"https:\/\/loncani.ca\/wp-content\/uploads\/2023\/05\/keke-1.png","width":443,"height":564},{"@type":"WebPage","@id":"https:\/\/www.loncani.ca\/en\/shop\/makeup\/makeup-tools\/keke\/#webpage","url":"https:\/\/www.loncani.ca\/en\/shop\/makeup\/makeup-tools\/keke\/","name":"KEKE (cils Naturel) - Loncani","isPartOf":{"@id":"https:\/\/www.loncani.ca\/#website"},"primaryImageOfPage":{"@id":"https:\/\/www.loncani.ca\/en\/shop\/makeup\/makeup-tools\/keke\/#primaryimage"},"datePublished":"2022-12-20T19:17:59+00:00","dateModified":"2023-08-08T01:29:00+00:00","breadcrumb":{"@id":"https:\/\/www.loncani.ca\/en\/shop\/makeup\/makeup-tools\/keke\/#breadcrumb"},"inLanguage":"fr-CA","potentialAction":[{"@type":"ReadAction","target":["https:\/\/www.loncani.ca\/en\/shop\/makeup\/makeup-tools\/keke\/"]}]},{"@type":"BreadcrumbList","@id":"https:\/\/www.loncani.ca\/en\/shop\/makeup\/makeup-tools\/keke\/#breadcrumb","itemListElement":[{"@type":"ListItem","position":1,"name":"Home","item":"https:\/\/www.loncani.ca\/"},{"@type":"ListItem","position":2,"name":"Shop","item":"https:\/\/www.loncani.ca\/en\/shop\/"},{"@type":"ListItem","position":3,"name":"KEKE (cils Naturel)"}]}]}},"_links":{"self":[{"href":"https:\/\/loncani.ca\/fr\/wp-json\/wp\/v2\/product\/29221"}],"collection":[{"href":"https:\/\/loncani.ca\/fr\/wp-json\/wp\/v2\/product"}],"about":[{"href":"https:\/\/loncani.ca\/fr\/wp-json\/wp\/v2\/types\/product"}],"replies":[{"embeddable":true,"href":"https:\/\/loncani.ca\/fr\/wp-json\/wp\/v2\/comments?post=29221"}],"wp:featuredmedia":[{"embeddable":true,"href":"https:\/\/loncani.ca\/fr\/wp-json\/wp\/v2\/media\/29611"}],"wp:attachment":[{"href":"https:\/\/loncani.ca\/fr\/wp-json\/wp\/v2\/media?parent=29221"}],"wp:term":[{"taxonomy":"product_cat","embeddable":true,"href":"https:\/\/loncani.ca\/fr\/wp-json\/wp\/v2\/product_cat?post=29221"},{"taxonomy":"product_tag","embeddable":true,"href":"https:\/\/loncani.ca\/fr\/wp-json\/wp\/v2\/product_tag?post=29221"}],"curies":[{"name":"wp","href":"https:\/\/api.w.org\/{rel}","templated":true}]}}